{"id":11738,"date":"2025-02-08T22:24:51","date_gmt":"2025-02-08T22:24:51","guid":{"rendered":"https:\/\/edimeinter.com\/libreria\/?post_type=product&#038;p=11738"},"modified":"2025-03-03T22:31:15","modified_gmt":"2025-03-03T22:31:15","slug":"situaciones-clinicas-en-anestesia-y-en-cuidados-criticos-2a-edicion","status":"publish","type":"product","link":"https:\/\/edimeinter.com\/libreria\/product\/situaciones-clinicas-en-anestesia-y-en-cuidados-criticos-2a-edicion\/","title":{"rendered":"Situaciones Cl\u00ednicas en Anestesia y en Cuidados Cr\u00edticos. 2\u00aa Edici\u00f3n"},"content":{"rendered":"\t\t<div data-elementor-type=\"wp-post\" data-elementor-id=\"11738\" class=\"elementor elementor-11738\">\n\t\t\t\t<div class=\"elementor-element elementor-element-2612b12 e-flex e-con-boxed e-con e-parent\" data-id=\"2612b12\" data-element_type=\"container\" data-e-type=\"container\">\n\t\t\t\t\t<div class=\"e-con-inner\">\n\t\t\n\t\t<div class=\"elementor-element elementor-element-498707ae elementor-widget elementor-widget-text-editor\" data-id=\"498707ae\" data-element_type=\"widget\" data-e-type=\"widget\" data-widget_type=\"text-editor.default\">\n\t\t\t\t<div class=\"elementor-widget-container\">\n\t\t\t\t\t\t\t\t\t<div role=\"tabpanel\" aria-labelledby=\"ui-id-2\" aria-hidden=\"false\"><div data-style=\"accordion-style\" data-initialindex=\"0\"><p>La segunda edici\u00f3n de esta obra contin\u00faa con el objetivo de brindar a los profesionales toda la informaci\u00f3n necesaria para proporcionar una anestesia moderna m\u00e1s segura, con menos riesgos y de mayor calidad tanto dentro como fuera del quir\u00f3fano. En ella se aborda el amplio espectro de situaciones cl\u00ednicas y cr\u00edticas que se pueden llegar a plantear durante una anestesia o en el cuidado de un paciente posquir\u00fargico y cr\u00edtico.<\/p><p>Esta obra ha sido elaborada por un amplio grupo de profesionales nacionales e internacionales, expertos en Anestesia y Medicina Cr\u00edtica, muchos de ellos diplomados europeos en anestesiolog\u00eda y cuidados intensivos, lo que aporta un toque personal a la misma.<\/p><\/div><\/div>\t\t\t\t\t\t\t\t<\/div>\n\t\t\t\t<\/div>\n\t\t\t\t\t<\/div>\n\t\t\t\t<\/div>\n\t\t\t\t<\/div>\n\t\t","protected":false},"excerpt":{"rendered":"<p><strong>Autores:<\/strong>\u00a0Alberto Hern\u00e1ndez Mart\u00ednez<br \/>\n<strong>ISBN:<\/strong>\u00a09788491104094<br \/>\n<strong>Editorial:<\/strong>\u00a0Panamericana<br \/>\n<strong>Edici\u00f3n:<\/strong>\u00a02\u00aa<br \/>\n<strong>Especialidad<\/strong>: Anestesiolog\u00eda y Reanimaci\u00f3n<br \/>\n<strong>P\u00e1ginas<\/strong>: 700<br \/>\n\u00a9 2022<\/p>\n","protected":false},"featured_media":11739,"comment_status":"open","ping_status":"open","template":"","meta":{"_joinchat":[]},"product_cat":[86],"product_tag":[87,70],"class_list":{"0":"post-11738","1":"product","2":"type-product","3":"status-publish","4":"has-post-thumbnail","6":"product_cat-anestesiologia-y-reanimacion","7":"product_tag-anestesiologia-y-reanimacion","8":"product_tag-panamericana","10":"first","11":"instock","12":"featured","13":"taxable","14":"shipping-taxable","15":"purchasable","16":"product-type-simple"},"_links":{"self":[{"href":"https:\/\/edimeinter.com\/libreria\/wp-json\/wp\/v2\/product\/11738","targetHints":{"allow":["GET"]}}],"collection":[{"href":"https:\/\/edimeinter.com\/libreria\/wp-json\/wp\/v2\/product"}],"about":[{"href":"https:\/\/edimeinter.com\/libreria\/wp-json\/wp\/v2\/types\/product"}],"replies":[{"embeddable":true,"href":"https:\/\/edimeinter.com\/libreria\/wp-json\/wp\/v2\/comments?post=11738"}],"version-history":[{"count":1,"href":"https:\/\/edimeinter.com\/libreria\/wp-json\/wp\/v2\/product\/11738\/revisions"}],"predecessor-version":[{"id":15253,"href":"https:\/\/edimeinter.com\/libreria\/wp-json\/wp\/v2\/product\/11738\/revisions\/15253"}],"wp:featuredmedia":[{"embeddable":true,"href":"https:\/\/edimeinter.com\/libreria\/wp-json\/wp\/v2\/media\/11739"}],"wp:attachment":[{"href":"https:\/\/edimeinter.com\/libreria\/wp-json\/wp\/v2\/media?parent=11738"}],"wp:term":[{"taxonomy":"product_cat","embeddable":true,"href":"https:\/\/edimeinter.com\/libreria\/wp-json\/wp\/v2\/product_cat?post=11738"},{"taxonomy":"product_tag","embeddable":true,"href":"https:\/\/edimeinter.com\/libreria\/wp-json\/wp\/v2\/product_tag?post=11738"}],"curies":[{"name":"wp","href":"https:\/\/api.w.org\/{rel}","templated":true}]}}