{"id":11751,"date":"2025-02-08T22:42:47","date_gmt":"2025-02-08T22:42:47","guid":{"rendered":"https:\/\/edimeinter.com\/libreria\/?post_type=product&#038;p=11751"},"modified":"2025-03-03T22:34:43","modified_gmt":"2025-03-03T22:34:43","slug":"manual-de-manejo-perioperatorio-en-cirugia-dermatologica-1a-edicion","status":"publish","type":"product","link":"https:\/\/edimeinter.com\/libreria\/product\/manual-de-manejo-perioperatorio-en-cirugia-dermatologica-1a-edicion\/","title":{"rendered":"Manual de Manejo Perioperatorio en Cirug\u00eda Dermatol\u00f3gica. 1\u00aa Edici\u00f3n"},"content":{"rendered":"\t\t<div data-elementor-type=\"wp-post\" data-elementor-id=\"11751\" class=\"elementor elementor-11751\">\n\t\t\t\t<div class=\"elementor-element elementor-element-2612b12 e-flex e-con-boxed e-con e-parent\" data-id=\"2612b12\" data-element_type=\"container\" data-e-type=\"container\">\n\t\t\t\t\t<div class=\"e-con-inner\">\n\t\t\n\t\t<div class=\"elementor-element elementor-element-498707ae elementor-widget elementor-widget-text-editor\" data-id=\"498707ae\" data-element_type=\"widget\" data-e-type=\"widget\" data-widget_type=\"text-editor.default\">\n\t\t\t\t<div class=\"elementor-widget-container\">\n\t\t\t\t\t\t\t\t\t<div role=\"tabpanel\" aria-labelledby=\"ui-id-2\" aria-hidden=\"false\"><div data-style=\"accordion-style\" data-initialindex=\"0\"><p>En la actualidad, el incremento en la incidencia de los tumores cut\u00e1neos es considerado una preocupaci\u00f3n sanitaria y social de primer orden. Como respuesta a esta problem\u00e1tica, se ha propiciado el desarrollo t\u00e9cnico exponencial en las herramientas de diagn\u00f3stico precoz y en la cirug\u00eda dermatol\u00f3gica. Sin embargo, pese a los avances en la t\u00e9cnica quir\u00fargica existe todav\u00eda una escasa evidencia sobre el manejo \u00f3ptimo de estos pacientes en el \u00e1mbito perioperatorio. Dada su frecuente comorbilidad y edad avanzada suelen requerir de la intervenci\u00f3n de distintos profesionales sanitarios, los cuales pueden llegar a enfrentarse a situaciones de incertidumbre o conflicto por la escasez de protocolos adaptados.<\/p><p><em>Manual de Manejo Perioperatorio en Cirug\u00eda Dermatol\u00f3gica<\/em>\u00a0ofrece herramientas para la detecci\u00f3n y correcci\u00f3n de posibles factores de riesgo preoperatorios, el manejo precoz de complicaciones intraoperatorias y aporta recomendaciones sobre los cuidados postoperatorios necesarios. Adem\u00e1s, revisa algunas nociones sobre el h\u00e1bito quir\u00fargico b\u00e1sico y describe las t\u00e9cnicas de infiltraci\u00f3n anest\u00e9sica y bloqueos perif\u00e9ricos m\u00e1s empleados en esta disciplina.<\/p><\/div><\/div>\t\t\t\t\t\t\t\t<\/div>\n\t\t\t\t<\/div>\n\t\t\t\t\t<\/div>\n\t\t\t\t<\/div>\n\t\t\t\t<\/div>\n\t\t","protected":false},"excerpt":{"rendered":"<p><strong>Autores:<\/strong>\u00a0Eduardo Varas Meis,Noem\u00ed Eiris Salvado,Manuel \u00c1ngel Rodr\u00edguez Prieto<br \/>\n<strong>ISBN:<\/strong>\u00a09788491108085<br \/>\n<strong>Editorial:<\/strong>\u00a0Panamericana<br \/>\n<strong>Edici\u00f3n:<\/strong>\u00a01\u00aa<br \/>\n<strong>Especialidad<\/strong>: Cirug\u00eda<br \/>\n<strong>P\u00e1ginas:\u00a0<\/strong>176<br \/>\n\u00a9 2021<\/p>\n","protected":false},"featured_media":11752,"comment_status":"open","ping_status":"open","template":"","meta":{"_joinchat":[]},"product_cat":[175],"product_tag":[176,70],"class_list":{"0":"post-11751","1":"product","2":"type-product","3":"status-publish","4":"has-post-thumbnail","6":"product_cat-cirugia","7":"product_tag-cirugia","8":"product_tag-panamericana","10":"first","11":"outofstock","12":"featured","13":"taxable","14":"shipping-taxable","15":"purchasable","16":"product-type-simple"},"_links":{"self":[{"href":"https:\/\/edimeinter.com\/libreria\/wp-json\/wp\/v2\/product\/11751","targetHints":{"allow":["GET"]}}],"collection":[{"href":"https:\/\/edimeinter.com\/libreria\/wp-json\/wp\/v2\/product"}],"about":[{"href":"https:\/\/edimeinter.com\/libreria\/wp-json\/wp\/v2\/types\/product"}],"replies":[{"embeddable":true,"href":"https:\/\/edimeinter.com\/libreria\/wp-json\/wp\/v2\/comments?post=11751"}],"version-history":[{"count":2,"href":"https:\/\/edimeinter.com\/libreria\/wp-json\/wp\/v2\/product\/11751\/revisions"}],"predecessor-version":[{"id":15256,"href":"https:\/\/edimeinter.com\/libreria\/wp-json\/wp\/v2\/product\/11751\/revisions\/15256"}],"wp:featuredmedia":[{"embeddable":true,"href":"https:\/\/edimeinter.com\/libreria\/wp-json\/wp\/v2\/media\/11752"}],"wp:attachment":[{"href":"https:\/\/edimeinter.com\/libreria\/wp-json\/wp\/v2\/media?parent=11751"}],"wp:term":[{"taxonomy":"product_cat","embeddable":true,"href":"https:\/\/edimeinter.com\/libreria\/wp-json\/wp\/v2\/product_cat?post=11751"},{"taxonomy":"product_tag","embeddable":true,"href":"https:\/\/edimeinter.com\/libreria\/wp-json\/wp\/v2\/product_tag?post=11751"}],"curies":[{"name":"wp","href":"https:\/\/api.w.org\/{rel}","templated":true}]}}