{"id":11757,"date":"2025-02-08T22:46:28","date_gmt":"2025-02-08T22:46:28","guid":{"rendered":"https:\/\/edimeinter.com\/libreria\/?post_type=product&#038;p=11757"},"modified":"2025-03-03T22:35:34","modified_gmt":"2025-03-03T22:35:34","slug":"el-aprendizaje-de-la-farmacologia-a-traves-de-ejercicios-1a-edicion","status":"publish","type":"product","link":"https:\/\/edimeinter.com\/libreria\/product\/el-aprendizaje-de-la-farmacologia-a-traves-de-ejercicios-1a-edicion\/","title":{"rendered":"El aprendizaje de la farmacolog\u00eda a trav\u00e9s de ejercicios. 1\u00aa Edici\u00f3n"},"content":{"rendered":"\t\t<div data-elementor-type=\"wp-post\" data-elementor-id=\"11757\" class=\"elementor elementor-11757\">\n\t\t\t\t<div class=\"elementor-element elementor-element-2612b12 e-flex e-con-boxed e-con e-parent\" data-id=\"2612b12\" data-element_type=\"container\" data-e-type=\"container\">\n\t\t\t\t\t<div class=\"e-con-inner\">\n\t\t\n\t\t<div class=\"elementor-element elementor-element-498707ae elementor-widget elementor-widget-text-editor\" data-id=\"498707ae\" data-element_type=\"widget\" data-e-type=\"widget\" data-widget_type=\"text-editor.default\">\n\t\t\t\t<div class=\"elementor-widget-container\">\n\t\t\t\t\t\t\t\t\t<div role=\"tabpanel\" aria-labelledby=\"ui-id-2\" aria-hidden=\"false\"><div data-style=\"accordion-style\" data-initialindex=\"0\"><p>Este libro resume la experiencia docente acumulada durante d\u00e9cadas de ense\u00f1anza a numerosas generaciones de estudiantes que, durante el segundo a\u00f1o de la carrera de medicina, cursan la materia de farmacolog\u00eda. Sus 23 cap\u00edtulos conforman los conceptos y principios fundamentales de la farmacolog\u00eda m\u00e9dica que todo m\u00e9dico debe manejar para ejercer su profesi\u00f3n. Si un estudiante requiere aprender farmacolog\u00eda, este es el momento, esta es la obra que a trav\u00e9s de sus ejercicios sistematizados le permitir\u00e1 al desarrollar habilidades de razonamiento farmacol\u00f3gico y cl\u00ednico necesarias para aplicarlas en el control de enfermedades o evitar iatrogenias. Aunque en la obra se analicen s\u00f3lo algunas enfermedades prioritarias en la salud p\u00fablica, el conocimiento que proporciona lo podr\u00e1 adaptar a toda su actividad pr\u00e1ctica, por lo cual estamos seguros que contribuye notoriamente a lograr las competencias y perfiles de egreso deseables en los profesionales de la salud.<\/p><\/div><\/div>\t\t\t\t\t\t\t\t<\/div>\n\t\t\t\t<\/div>\n\t\t\t\t\t<\/div>\n\t\t\t\t<\/div>\n\t\t\t\t<\/div>\n\t\t","protected":false},"excerpt":{"rendered":"<p><strong>Autores:<\/strong>\u00a0Gil Alfonso Magos Guerrero,Alfonso Efra\u00edn Campos Sep\u00falveda<br \/>\n<strong>ISBN:<\/strong>\u00a09786078546503<br \/>\n<strong>Editorial:<\/strong>\u00a0Panamericana<br \/>\n<strong>Edici\u00f3n:<\/strong>\u00a01\u00aa<br \/>\n<strong>Especialidad<\/strong>: Farmacolog\u00eda y Terap\u00e9utica<br \/>\n<strong>P\u00e1ginas:\u00a0<\/strong>423<br \/>\n\u00a9 2021<\/p>\n","protected":false},"featured_media":11758,"comment_status":"open","ping_status":"open","template":"","meta":{"_joinchat":[]},"product_cat":[207],"product_tag":[208,70],"class_list":{"0":"post-11757","1":"product","2":"type-product","3":"status-publish","4":"has-post-thumbnail","6":"product_cat-farmacologia-y-terapeutica","7":"product_tag-farmacologia-y-terapeutica","8":"product_tag-panamericana","10":"first","11":"instock","12":"featured","13":"taxable","14":"shipping-taxable","15":"purchasable","16":"product-type-simple"},"_links":{"self":[{"href":"https:\/\/edimeinter.com\/libreria\/wp-json\/wp\/v2\/product\/11757","targetHints":{"allow":["GET"]}}],"collection":[{"href":"https:\/\/edimeinter.com\/libreria\/wp-json\/wp\/v2\/product"}],"about":[{"href":"https:\/\/edimeinter.com\/libreria\/wp-json\/wp\/v2\/types\/product"}],"replies":[{"embeddable":true,"href":"https:\/\/edimeinter.com\/libreria\/wp-json\/wp\/v2\/comments?post=11757"}],"version-history":[{"count":1,"href":"https:\/\/edimeinter.com\/libreria\/wp-json\/wp\/v2\/product\/11757\/revisions"}],"predecessor-version":[{"id":15257,"href":"https:\/\/edimeinter.com\/libreria\/wp-json\/wp\/v2\/product\/11757\/revisions\/15257"}],"wp:featuredmedia":[{"embeddable":true,"href":"https:\/\/edimeinter.com\/libreria\/wp-json\/wp\/v2\/media\/11758"}],"wp:attachment":[{"href":"https:\/\/edimeinter.com\/libreria\/wp-json\/wp\/v2\/media?parent=11757"}],"wp:term":[{"taxonomy":"product_cat","embeddable":true,"href":"https:\/\/edimeinter.com\/libreria\/wp-json\/wp\/v2\/product_cat?post=11757"},{"taxonomy":"product_tag","embeddable":true,"href":"https:\/\/edimeinter.com\/libreria\/wp-json\/wp\/v2\/product_tag?post=11757"}],"curies":[{"name":"wp","href":"https:\/\/api.w.org\/{rel}","templated":true}]}}