{"id":11764,"date":"2025-02-08T22:49:16","date_gmt":"2025-02-08T22:49:16","guid":{"rendered":"https:\/\/edimeinter.com\/libreria\/?post_type=product&#038;p=11764"},"modified":"2025-07-03T20:14:01","modified_gmt":"2025-07-03T20:14:01","slug":"histologia-basica-13a-edicion","status":"publish","type":"product","link":"https:\/\/edimeinter.com\/libreria\/product\/histologia-basica-13a-edicion\/","title":{"rendered":"Histolog\u00eda B\u00e1sica. 13\u00aa Edici\u00f3n"},"content":{"rendered":"\t\t<div data-elementor-type=\"wp-post\" data-elementor-id=\"11764\" class=\"elementor elementor-11764\">\n\t\t\t\t<div class=\"elementor-element elementor-element-2612b12 e-flex e-con-boxed e-con e-parent\" data-id=\"2612b12\" data-element_type=\"container\" data-e-type=\"container\">\n\t\t\t\t\t<div class=\"e-con-inner\">\n\t\t\n\t\t<div class=\"elementor-element elementor-element-498707ae elementor-widget elementor-widget-text-editor\" data-id=\"498707ae\" data-element_type=\"widget\" data-e-type=\"widget\" data-widget_type=\"text-editor.default\">\n\t\t\t\t<div class=\"elementor-widget-container\">\n\t\t\t\t\t\t\t\t\t<div role=\"tabpanel\" aria-labelledby=\"ui-id-2\" aria-hidden=\"false\"><div data-style=\"accordion-style\" data-initialindex=\"0\"><p>Histolog\u00eda B\u00e1sica es un cl\u00e1sico para el estudio de la estructura y formaci\u00f3n de los tejidos especialmente dirigido a estudiantes de cualquier grado en ciencias de la salud. La obra permite al estudiante el acercamiento a la biolog\u00eda celular y a la histolog\u00eda facilitando su proceso de aprendizaje. La obra est\u00e1 constituida por 23 cap\u00edtulos, y al final se incluye un atlas de histolog\u00eda de 59 p\u00e1ginas con, aproximadamente, 236 fotomicrograf\u00edas de excelente calidad que se agregan a las m\u00faltiples ilustraciones en cada cap\u00edtulo de libro, con lo cual se suman m\u00e1s de 500 im\u00e1genes en color. El libro mantiene su cl\u00e1sica orientaci\u00f3n pragm\u00e1tica, se analizan los conceptos fundamentales y se enfatizan en los puntos m\u00e1s importantes sin descuidar los detalles. Adem\u00e1s, cuenta ahora con una contribuci\u00f3n muy moderna, pues se agregaron correlaciones cl\u00ednicas a las que puede accederse en l\u00ednea mediante un c\u00f3digo QR.<\/p><\/div><\/div>\t\t\t\t\t\t\t\t<\/div>\n\t\t\t\t<\/div>\n\t\t\t\t\t<\/div>\n\t\t\t\t<\/div>\n\t\t\t\t<\/div>\n\t\t","protected":false},"excerpt":{"rendered":"<p><strong>Autores:<\/strong>\u00a0L.C. Junqueira,Jos\u00e9 Carneiro<br \/>\n<strong>ISBN:<\/strong>\u00a09786078546527<br \/>\n<strong>Editorial:<\/strong>\u00a0Panamericana<br \/>\n<strong>Edici\u00f3n:<\/strong>\u00a013\u00aa<br \/>\n<strong>Especialidad<\/strong>: Histolog\u00eda<br \/>\n<strong>P\u00e1ginas:\u00a0<\/strong>608<br \/>\n\u00a9 2022<\/p>\n","protected":false},"featured_media":11765,"comment_status":"open","ping_status":"closed","template":"","meta":{"_joinchat":[]},"product_cat":[154],"product_tag":[155,70],"class_list":{"0":"post-11764","1":"product","2":"type-product","3":"status-publish","4":"has-post-thumbnail","6":"product_cat-histologia","7":"product_tag-histologia","8":"product_tag-panamericana","10":"first","11":"instock","12":"featured","13":"taxable","14":"shipping-taxable","15":"purchasable","16":"product-type-simple"},"_links":{"self":[{"href":"https:\/\/edimeinter.com\/libreria\/wp-json\/wp\/v2\/product\/11764","targetHints":{"allow":["GET"]}}],"collection":[{"href":"https:\/\/edimeinter.com\/libreria\/wp-json\/wp\/v2\/product"}],"about":[{"href":"https:\/\/edimeinter.com\/libreria\/wp-json\/wp\/v2\/types\/product"}],"replies":[{"embeddable":true,"href":"https:\/\/edimeinter.com\/libreria\/wp-json\/wp\/v2\/comments?post=11764"}],"version-history":[{"count":1,"href":"https:\/\/edimeinter.com\/libreria\/wp-json\/wp\/v2\/product\/11764\/revisions"}],"predecessor-version":[{"id":15258,"href":"https:\/\/edimeinter.com\/libreria\/wp-json\/wp\/v2\/product\/11764\/revisions\/15258"}],"wp:featuredmedia":[{"embeddable":true,"href":"https:\/\/edimeinter.com\/libreria\/wp-json\/wp\/v2\/media\/11765"}],"wp:attachment":[{"href":"https:\/\/edimeinter.com\/libreria\/wp-json\/wp\/v2\/media?parent=11764"}],"wp:term":[{"taxonomy":"product_cat","embeddable":true,"href":"https:\/\/edimeinter.com\/libreria\/wp-json\/wp\/v2\/product_cat?post=11764"},{"taxonomy":"product_tag","embeddable":true,"href":"https:\/\/edimeinter.com\/libreria\/wp-json\/wp\/v2\/product_tag?post=11764"}],"curies":[{"name":"wp","href":"https:\/\/api.w.org\/{rel}","templated":true}]}}