{"id":11772,"date":"2025-02-08T22:53:40","date_gmt":"2025-02-08T22:53:40","guid":{"rendered":"https:\/\/edimeinter.com\/libreria\/?post_type=product&#038;p=11772"},"modified":"2025-03-03T22:38:29","modified_gmt":"2025-03-03T22:38:29","slug":"diagnostico-y-tratamiento-de-las-metastasis-oseas-1a-edicion","status":"publish","type":"product","link":"https:\/\/edimeinter.com\/libreria\/product\/diagnostico-y-tratamiento-de-las-metastasis-oseas-1a-edicion\/","title":{"rendered":"Diagn\u00f3stico y Tratamiento de las Met\u00e1stasis \u00d3seas. 1\u00aa Edici\u00f3n"},"content":{"rendered":"\t\t<div data-elementor-type=\"wp-post\" data-elementor-id=\"11772\" class=\"elementor elementor-11772\">\n\t\t\t\t<div class=\"elementor-element elementor-element-2612b12 e-flex e-con-boxed e-con e-parent\" data-id=\"2612b12\" data-element_type=\"container\" data-e-type=\"container\">\n\t\t\t\t\t<div class=\"e-con-inner\">\n\t\t\n\t\t<div class=\"elementor-element elementor-element-498707ae elementor-widget elementor-widget-text-editor\" data-id=\"498707ae\" data-element_type=\"widget\" data-e-type=\"widget\" data-widget_type=\"text-editor.default\">\n\t\t\t\t<div class=\"elementor-widget-container\">\n\t\t\t\t\t\t\t\t\t<div role=\"tabpanel\" aria-labelledby=\"ui-id-2\" aria-hidden=\"false\"><div data-style=\"accordion-style\" data-initialindex=\"0\"><p>El hueso es la tercera localizaci\u00f3n m\u00e1s com\u00fan de neoplasia metast\u00e1sica, despu\u00e9s del pulm\u00f3n y el h\u00edgado. Se estima que, en la actualidad, m\u00e1s de 10 millones de pacientes al a\u00f1o se ven afectados por met\u00e1stasis \u00f3seas en todo el mundo. La mejora en el pron\u00f3stico y la supervivencia de los pacientes en los \u00faltimos a\u00f1os ha incrementado el n\u00famero de met\u00e1stasis \u00f3seas, con las correspondientes complicaciones que se producen a nivel del esqueleto, como las fracturas patol\u00f3gicas o la compresi\u00f3n medular, que son fuente de preocupaci\u00f3n tanto para los enfermos como para su entorno.<\/p><p>Con su lectura, aquellas personas interesadas en la enfermedad metast\u00e1sica \u00f3sea tienen a su alcance una obra en la que se profundiza sobre su diagn\u00f3stico y tratamiento; fundamental para obtener los mejores resultados y conseguir mejorar la calidad de vida de los pacientes y su entorno social.<\/p><p>Se trata de una obra de consulta, que deber\u00eda ocupar un lugar destacado en la biblioteca de cualquier profesional relacionado con la patolog\u00eda tumoral, pues aborda un tema de suma importancia y gravedad que requiere un enfoque multidisciplinario.<\/p><\/div><\/div>\t\t\t\t\t\t\t\t<\/div>\n\t\t\t\t<\/div>\n\t\t\t\t\t<\/div>\n\t\t\t\t<\/div>\n\t\t\t\t<\/div>\n\t\t","protected":false},"excerpt":{"rendered":"<p><strong>Autores:<\/strong>\u00a0Antonio Fraguas i Castany,Federico Portabella Blavia,Joan Minguell Monart,Ernesto Guerra Farf\u00e1n<br \/>\n<strong>ISBN:<\/strong>\u00a09788491107804<br \/>\n<strong>Editorial:<\/strong>\u00a0Panamericana<br \/>\n<strong>Edici\u00f3n:<\/strong>\u00a01\u00aa<br \/>\n<strong>Especialidad<\/strong>: Ortopedia y Traumatolog\u00eda<br \/>\n<strong>P\u00e1ginas:\u00a0<\/strong>354<br \/>\n\u00a9 2021<\/p>\n","protected":false},"featured_media":11773,"comment_status":"open","ping_status":"open","template":"","meta":{"_joinchat":[]},"product_cat":[97],"product_tag":[98,70],"class_list":{"0":"post-11772","1":"product","2":"type-product","3":"status-publish","4":"has-post-thumbnail","6":"product_cat-ortopedia-y-traumatologia","7":"product_tag-ortopedia-y-traumatologia","8":"product_tag-panamericana","10":"first","11":"instock","12":"featured","13":"taxable","14":"shipping-taxable","15":"purchasable","16":"product-type-simple"},"_links":{"self":[{"href":"https:\/\/edimeinter.com\/libreria\/wp-json\/wp\/v2\/product\/11772","targetHints":{"allow":["GET"]}}],"collection":[{"href":"https:\/\/edimeinter.com\/libreria\/wp-json\/wp\/v2\/product"}],"about":[{"href":"https:\/\/edimeinter.com\/libreria\/wp-json\/wp\/v2\/types\/product"}],"replies":[{"embeddable":true,"href":"https:\/\/edimeinter.com\/libreria\/wp-json\/wp\/v2\/comments?post=11772"}],"version-history":[{"count":1,"href":"https:\/\/edimeinter.com\/libreria\/wp-json\/wp\/v2\/product\/11772\/revisions"}],"predecessor-version":[{"id":15259,"href":"https:\/\/edimeinter.com\/libreria\/wp-json\/wp\/v2\/product\/11772\/revisions\/15259"}],"wp:featuredmedia":[{"embeddable":true,"href":"https:\/\/edimeinter.com\/libreria\/wp-json\/wp\/v2\/media\/11773"}],"wp:attachment":[{"href":"https:\/\/edimeinter.com\/libreria\/wp-json\/wp\/v2\/media?parent=11772"}],"wp:term":[{"taxonomy":"product_cat","embeddable":true,"href":"https:\/\/edimeinter.com\/libreria\/wp-json\/wp\/v2\/product_cat?post=11772"},{"taxonomy":"product_tag","embeddable":true,"href":"https:\/\/edimeinter.com\/libreria\/wp-json\/wp\/v2\/product_tag?post=11772"}],"curies":[{"name":"wp","href":"https:\/\/api.w.org\/{rel}","templated":true}]}}