{"id":11785,"date":"2025-02-08T22:59:41","date_gmt":"2025-02-08T22:59:41","guid":{"rendered":"https:\/\/edimeinter.com\/libreria\/?post_type=product&#038;p=11785"},"modified":"2025-03-03T22:42:51","modified_gmt":"2025-03-03T22:42:51","slug":"fisioterapia-en-neonatologia-1a-edicion","status":"publish","type":"product","link":"https:\/\/edimeinter.com\/libreria\/product\/fisioterapia-en-neonatologia-1a-edicion\/","title":{"rendered":"Fisioterapia en Neonatolog\u00eda. 1\u00aa Edici\u00f3n"},"content":{"rendered":"\t\t<div data-elementor-type=\"wp-post\" data-elementor-id=\"11785\" class=\"elementor elementor-11785\">\n\t\t\t\t<div class=\"elementor-element elementor-element-2612b12 e-flex e-con-boxed e-con e-parent\" data-id=\"2612b12\" data-element_type=\"container\" data-e-type=\"container\">\n\t\t\t\t\t<div class=\"e-con-inner\">\n\t\t\n\t\t<div class=\"elementor-element elementor-element-498707ae elementor-widget elementor-widget-text-editor\" data-id=\"498707ae\" data-element_type=\"widget\" data-e-type=\"widget\" data-widget_type=\"text-editor.default\">\n\t\t\t\t<div class=\"elementor-widget-container\">\n\t\t\t\t\t\t\t\t\t<div role=\"tabpanel\" aria-labelledby=\"ui-id-2\" aria-hidden=\"false\"><div data-style=\"accordion-style\" data-initialindex=\"0\"><p>El avance en los \u00faltimos veinte a\u00f1os, en la atenci\u00f3n y cuidados neonatales de los reci\u00e9n nacidos de alto riesgo, ha permitido un pron\u00f3stico m\u00e1s favorable para la mayor\u00eda de los problemas neonatales complejos y ha mejorado notablemente la tasa de supervivencia, incluso en la poblaci\u00f3n de los ni\u00f1os m\u00e1s inmaduros. El aumento de la supervivencia de esta poblaci\u00f3n ha favorecido el crecimiento de la morbilidad y de las alteraciones neuroevolutivas a largo plazo. Esta situaci\u00f3n, ha provocado un cambio metodol\u00f3gico en las intervenciones y ha dado lugar a una nueva forma de entender los cuidados neonatales, que se enmarcan en la Neonatolog\u00eda para el Desarrollo.<\/p><p>Este marco metodol\u00f3gico resalta la importancia de llevar a cabo los cuidados neonatales centrados en el desarrollo del beb\u00e9 y en su familia a trav\u00e9s de una intervenci\u00f3n interdisciplinar.<\/p><p>Fisioterapia en Neonatolog\u00eda aporta una visi\u00f3n global y muy completa de la intervenci\u00f3n fisioter\u00e1pica en las unidades neonatales. Los 27 cap\u00edtulos que componen la obra abordan en profundidad las competencias del fisioterapeuta en el \u00e1mbito neonatal y est\u00e1n agrupados en cuatro secciones: la unidad de neonatolog\u00eda, el reci\u00e9n nacido de riesgo, la evaluaci\u00f3n fisioter\u00e1pica en neonatolog\u00eda y el tratamiento de Fisioterapia en la unidad de cuidados intensivos neonatales y cuidados intermedios. Los cap\u00edtulos se inician con la presentaci\u00f3n del marco metodol\u00f3gico en el que se fundamentan las intervenciones neonatales, describen a continuaci\u00f3n las caracter\u00edsticas de los reci\u00e9n nacidos que requieren de intervenci\u00f3n fisioter\u00e1pica, los instrumentos y protocolos de evaluaci\u00f3n y, por \u00faltimo, revisan las estrategias terap\u00e9uticas respaldadas por la evidencia, para la actuaci\u00f3n del fisioterapeuta. Adem\u00e1s, destaca la importancia de una intervenci\u00f3n temprana para la prevenci\u00f3n de las alteraciones motoras y la promoci\u00f3n del desarrollo.<\/p><\/div><\/div>\t\t\t\t\t\t\t\t<\/div>\n\t\t\t\t<\/div>\n\t\t\t\t\t<\/div>\n\t\t\t\t<\/div>\n\t\t\t\t<\/div>\n\t\t","protected":false},"excerpt":{"rendered":"<p><strong>Autores:<\/strong>\u00a0Francisco Javier Fern\u00e1ndez Rego,Galaad Torr\u00f3 Ferrero<br \/>\n<strong>ISBN:<\/strong>\u00a09788491106371<br \/>\n<strong>Editorial:<\/strong>\u00a0Panamericana<br \/>\n<strong>Edici\u00f3n:<\/strong>\u00a01\u00aa<br \/>\n<strong>Especialidad<\/strong>: Fisioterapia<br \/>\n<strong>P\u00e1ginas:\u00a0<\/strong>482<br \/>\n\u00a9 2021<\/p>\n","protected":false},"featured_media":11786,"comment_status":"open","ping_status":"open","template":"","meta":{"_joinchat":[]},"product_cat":[111],"product_tag":[112,70],"class_list":{"0":"post-11785","1":"product","2":"type-product","3":"status-publish","4":"has-post-thumbnail","6":"product_cat-fisioterapia","7":"product_tag-fisioterapia","8":"product_tag-panamericana","10":"first","11":"instock","12":"featured","13":"taxable","14":"shipping-taxable","15":"purchasable","16":"product-type-simple"},"_links":{"self":[{"href":"https:\/\/edimeinter.com\/libreria\/wp-json\/wp\/v2\/product\/11785","targetHints":{"allow":["GET"]}}],"collection":[{"href":"https:\/\/edimeinter.com\/libreria\/wp-json\/wp\/v2\/product"}],"about":[{"href":"https:\/\/edimeinter.com\/libreria\/wp-json\/wp\/v2\/types\/product"}],"replies":[{"embeddable":true,"href":"https:\/\/edimeinter.com\/libreria\/wp-json\/wp\/v2\/comments?post=11785"}],"version-history":[{"count":1,"href":"https:\/\/edimeinter.com\/libreria\/wp-json\/wp\/v2\/product\/11785\/revisions"}],"predecessor-version":[{"id":15261,"href":"https:\/\/edimeinter.com\/libreria\/wp-json\/wp\/v2\/product\/11785\/revisions\/15261"}],"wp:featuredmedia":[{"embeddable":true,"href":"https:\/\/edimeinter.com\/libreria\/wp-json\/wp\/v2\/media\/11786"}],"wp:attachment":[{"href":"https:\/\/edimeinter.com\/libreria\/wp-json\/wp\/v2\/media?parent=11785"}],"wp:term":[{"taxonomy":"product_cat","embeddable":true,"href":"https:\/\/edimeinter.com\/libreria\/wp-json\/wp\/v2\/product_cat?post=11785"},{"taxonomy":"product_tag","embeddable":true,"href":"https:\/\/edimeinter.com\/libreria\/wp-json\/wp\/v2\/product_tag?post=11785"}],"curies":[{"name":"wp","href":"https:\/\/api.w.org\/{rel}","templated":true}]}}