{"id":11797,"date":"2025-02-08T23:08:30","date_gmt":"2025-02-08T23:08:30","guid":{"rendered":"https:\/\/edimeinter.com\/libreria\/?post_type=product&#038;p=11797"},"modified":"2025-03-03T23:26:11","modified_gmt":"2025-03-03T23:26:11","slug":"adicciones-1a-edicion","status":"publish","type":"product","link":"https:\/\/edimeinter.com\/libreria\/product\/adicciones-1a-edicion\/","title":{"rendered":"Adicciones. 1\u00aa Edici\u00f3n"},"content":{"rendered":"\t\t<div data-elementor-type=\"wp-post\" data-elementor-id=\"11797\" class=\"elementor elementor-11797\">\n\t\t\t\t<div class=\"elementor-element elementor-element-2612b12 e-flex e-con-boxed e-con e-parent\" data-id=\"2612b12\" data-element_type=\"container\" data-e-type=\"container\">\n\t\t\t\t\t<div class=\"e-con-inner\">\n\t\t\n\t\t<div class=\"elementor-element elementor-element-498707ae elementor-widget elementor-widget-text-editor\" data-id=\"498707ae\" data-element_type=\"widget\" data-e-type=\"widget\" data-widget_type=\"text-editor.default\">\n\t\t\t\t<div class=\"elementor-widget-container\">\n\t\t\t\t\t\t\t\t\t<div role=\"tabpanel\" aria-labelledby=\"ui-id-2\" aria-hidden=\"false\"><div data-style=\"accordion-style\" data-initialindex=\"0\"><p>Vivimos hoy en una sociedad que impulsa las conductas adictivas, propone soluciones f\u00e1ciles e inmediatas a los problemas y facilita \u201cescapes\u201d t\u00f3xicos o conductuales desde edades muy tempranas. Si bien siempre se jug\u00f3, trabaj\u00f3, compr\u00f3, apost\u00f3, am\u00f3 y ejerci\u00f3 la sexualidad, se comi\u00f3 placenteramente, se cuid\u00f3 el cuerpo y se dedic\u00f3 tiempo al esparcimiento, no es f\u00e1cil determinar cu\u00e1ndo algunas de estas conductas normales se convierten en patol\u00f3gicas. A comienzos del milenio, muchos padres consultaban por el uso abusivo que sus hijos hac\u00edan de las computadoras y consolas para juegos y, m\u00e1s recientemente, del tel\u00e9fono celular. De a poco, las adicciones dejaron de limitarse a las sustancias y a ellas se sumaron las conductuales, que afectan hoy a muchas personas de todas las edades.<\/p><p>En Adicciones. Juego patol\u00f3gico y otras adicciones conductuales, Marcela Waisman Campos y Susana Calero desarrollan con sabidur\u00eda y en profundidad esta problem\u00e1tica actual, poco difundida y sobre la que se dispone de una limitada bibliograf\u00eda espec\u00edfica.<\/p><p>\u00abObra declarada de Inter\u00e9s Social de la Ciudad Aut\u00f3noma de Buenos Aires, seg\u00fan declaraci\u00f3n 338\/2021 del 19 de agosto de 2021\u00bb.<\/p><\/div><\/div>\t\t\t\t\t\t\t\t<\/div>\n\t\t\t\t<\/div>\n\t\t\t\t\t<\/div>\n\t\t\t\t<\/div>\n\t\t\t\t<\/div>\n\t\t","protected":false},"excerpt":{"rendered":"<p><strong>Autores:<\/strong>\u00a0Marcela Waisman Campos,Susana Calero<br \/>\n<strong>ISBN:<\/strong>\u00a09789500696548<br \/>\n<strong>Editorial:<\/strong>\u00a0Panamericana<br \/>\n<strong>Edici\u00f3n:<\/strong>\u00a01\u00aa<br \/>\n<strong>Especialidad<\/strong>: Psiquiatr\u00eda<br \/>\n<strong>P\u00e1ginas:\u00a0<\/strong>528<br \/>\n\u00a9 2021<\/p>\n","protected":false},"featured_media":11798,"comment_status":"open","ping_status":"open","template":"","meta":{"_joinchat":[]},"product_cat":[68],"product_tag":[70,69],"class_list":{"0":"post-11797","1":"product","2":"type-product","3":"status-publish","4":"has-post-thumbnail","6":"product_cat-psiquiatria","7":"product_tag-panamericana","8":"product_tag-psiquiatria","10":"first","11":"instock","12":"featured","13":"taxable","14":"shipping-taxable","15":"purchasable","16":"product-type-simple"},"_links":{"self":[{"href":"https:\/\/edimeinter.com\/libreria\/wp-json\/wp\/v2\/product\/11797","targetHints":{"allow":["GET"]}}],"collection":[{"href":"https:\/\/edimeinter.com\/libreria\/wp-json\/wp\/v2\/product"}],"about":[{"href":"https:\/\/edimeinter.com\/libreria\/wp-json\/wp\/v2\/types\/product"}],"replies":[{"embeddable":true,"href":"https:\/\/edimeinter.com\/libreria\/wp-json\/wp\/v2\/comments?post=11797"}],"version-history":[{"count":1,"href":"https:\/\/edimeinter.com\/libreria\/wp-json\/wp\/v2\/product\/11797\/revisions"}],"predecessor-version":[{"id":15264,"href":"https:\/\/edimeinter.com\/libreria\/wp-json\/wp\/v2\/product\/11797\/revisions\/15264"}],"wp:featuredmedia":[{"embeddable":true,"href":"https:\/\/edimeinter.com\/libreria\/wp-json\/wp\/v2\/media\/11798"}],"wp:attachment":[{"href":"https:\/\/edimeinter.com\/libreria\/wp-json\/wp\/v2\/media?parent=11797"}],"wp:term":[{"taxonomy":"product_cat","embeddable":true,"href":"https:\/\/edimeinter.com\/libreria\/wp-json\/wp\/v2\/product_cat?post=11797"},{"taxonomy":"product_tag","embeddable":true,"href":"https:\/\/edimeinter.com\/libreria\/wp-json\/wp\/v2\/product_tag?post=11797"}],"curies":[{"name":"wp","href":"https:\/\/api.w.org\/{rel}","templated":true}]}}