{"id":11803,"date":"2025-02-08T23:11:24","date_gmt":"2025-02-08T23:11:24","guid":{"rendered":"https:\/\/edimeinter.com\/libreria\/?post_type=product&#038;p=11803"},"modified":"2025-05-27T17:39:50","modified_gmt":"2025-05-27T17:39:50","slug":"lesion-medular-2a-edicion","status":"publish","type":"product","link":"https:\/\/edimeinter.com\/libreria\/product\/lesion-medular-2a-edicion\/","title":{"rendered":"Lesi\u00f3n Medular. 2\u00aa Edici\u00f3n"},"content":{"rendered":"\t\t<div data-elementor-type=\"wp-post\" data-elementor-id=\"11803\" class=\"elementor elementor-11803\">\n\t\t\t\t<div class=\"elementor-element elementor-element-2612b12 e-flex e-con-boxed e-con e-parent\" data-id=\"2612b12\" data-element_type=\"container\" data-e-type=\"container\">\n\t\t\t\t\t<div class=\"e-con-inner\">\n\t\t\n\t\t<div class=\"elementor-element elementor-element-498707ae elementor-widget elementor-widget-text-editor\" data-id=\"498707ae\" data-element_type=\"widget\" data-e-type=\"widget\" data-widget_type=\"text-editor.default\">\n\t\t\t\t<div class=\"elementor-widget-container\">\n\t\t\t\t\t\t\t\t\t<div role=\"tabpanel\" aria-labelledby=\"ui-id-2\" aria-hidden=\"false\"><div data-style=\"accordion-style\" data-initialindex=\"0\"><p>Esta 2\u00aa edici\u00f3n de\u00a0<em>Lesi\u00f3n Medular<\/em>\u00a0ha querido mantener el ideario del Hospital Nacional de Parapl\u00e9jicos de Toledo, intentando plasmar el conjunto de conocimientos destinado a que una persona con lesi\u00f3n medular consiga la incorporaci\u00f3n en la sociedad de forma plena, con un buen control sobre su entorno.<\/p><p>Se han actualizado los contenidos de la primera edici\u00f3n, incorporando nuevos cap\u00edtulos y mejorando los ya existentes. En estos 10 a\u00f1os han cambiado varios aspectos en el abordaje de la lesi\u00f3n medular, desde los primeros cuidados, clasificaci\u00f3n o diagn\u00f3stico hasta su tratamiento y seguimiento. Por esta raz\u00f3n, se han a\u00f1adido cap\u00edtulos, como el de Cirug\u00eda Urgente, que responde a las tendencias actuales en el tratamiento de la lesi\u00f3n medular traum\u00e1tica, se ha profundizado en el diagn\u00f3stico por imagen incorporando dos nuevos cap\u00edtulos, se ha incidido en la cirug\u00eda de la extremidad superior y tambi\u00e9n se han actualizado conceptos sobre neuropatolog\u00eda y reparaci\u00f3n medular. Adem\u00e1s, se dedica especial atenci\u00f3n a las nuevas tecnolog\u00edas y a la estimulaci\u00f3n cerebral no invasiva. Se ha incorporado tambi\u00e9n un cap\u00edtulo dedicado a la reeducaci\u00f3n de la marcha, respondiendo al incremento de lesiones medulares incompletas. Por \u00faltimo, en esta nueva edici\u00f3n, aparece un apartado dedicado a las consideraciones \u00e9ticas referentes a todos los aspectos relacionados con esta patolog\u00eda.<\/p><p><em>Lesi\u00f3n Medular, 2\u00aa Edici\u00f3n<\/em>\u00a0mantiene la estructura y el esp\u00edritu did\u00e1ctico de la edici\u00f3n anterior, ya que presenta de forma clara y f\u00e1cil de entender la fisiopatolog\u00eda, el diagn\u00f3stico, las herramientas de evaluaci\u00f3n, las ayudas t\u00e9cnicas o los tratamientos farmacol\u00f3gicos y f\u00edsicos de los pacientes con lesi\u00f3n medular.<\/p><\/div><\/div>\t\t\t\t\t\t\t\t<\/div>\n\t\t\t\t<\/div>\n\t\t\t\t\t<\/div>\n\t\t\t\t<\/div>\n\t\t\t\t<\/div>\n\t\t","protected":false},"excerpt":{"rendered":"<p><strong>Autores:<\/strong>\u00a0Ana Esclar\u00edn de Ruz<br \/>\n<strong>ISBN:<\/strong>\u00a09788491106326<br \/>\n<strong>Editorial:<\/strong>\u00a0Panamericana<br \/>\n<strong>Edici\u00f3n:<\/strong>\u00a02\u00aa<br \/>\n<strong>Especialidad<\/strong>: Fisioterapia<br \/>\n<strong>P\u00e1ginas:\u00a0<\/strong>340<br \/>\n\u00a9 2021<\/p>\n","protected":false},"featured_media":11804,"comment_status":"open","ping_status":"closed","template":"","meta":{"_joinchat":[]},"product_cat":[111],"product_tag":[112,70],"class_list":{"0":"post-11803","1":"product","2":"type-product","3":"status-publish","4":"has-post-thumbnail","6":"product_cat-fisioterapia","7":"product_tag-fisioterapia","8":"product_tag-panamericana","10":"first","11":"outofstock","12":"featured","13":"taxable","14":"shipping-taxable","15":"purchasable","16":"product-type-simple"},"_links":{"self":[{"href":"https:\/\/edimeinter.com\/libreria\/wp-json\/wp\/v2\/product\/11803","targetHints":{"allow":["GET"]}}],"collection":[{"href":"https:\/\/edimeinter.com\/libreria\/wp-json\/wp\/v2\/product"}],"about":[{"href":"https:\/\/edimeinter.com\/libreria\/wp-json\/wp\/v2\/types\/product"}],"replies":[{"embeddable":true,"href":"https:\/\/edimeinter.com\/libreria\/wp-json\/wp\/v2\/comments?post=11803"}],"version-history":[{"count":1,"href":"https:\/\/edimeinter.com\/libreria\/wp-json\/wp\/v2\/product\/11803\/revisions"}],"predecessor-version":[{"id":15266,"href":"https:\/\/edimeinter.com\/libreria\/wp-json\/wp\/v2\/product\/11803\/revisions\/15266"}],"wp:featuredmedia":[{"embeddable":true,"href":"https:\/\/edimeinter.com\/libreria\/wp-json\/wp\/v2\/media\/11804"}],"wp:attachment":[{"href":"https:\/\/edimeinter.com\/libreria\/wp-json\/wp\/v2\/media?parent=11803"}],"wp:term":[{"taxonomy":"product_cat","embeddable":true,"href":"https:\/\/edimeinter.com\/libreria\/wp-json\/wp\/v2\/product_cat?post=11803"},{"taxonomy":"product_tag","embeddable":true,"href":"https:\/\/edimeinter.com\/libreria\/wp-json\/wp\/v2\/product_tag?post=11803"}],"curies":[{"name":"wp","href":"https:\/\/api.w.org\/{rel}","templated":true}]}}