{"id":11809,"date":"2025-02-08T23:14:19","date_gmt":"2025-02-08T23:14:19","guid":{"rendered":"https:\/\/edimeinter.com\/libreria\/?post_type=product&#038;p=11809"},"modified":"2025-03-03T23:31:20","modified_gmt":"2025-03-03T23:31:20","slug":"inmunologia-5a-edicion","status":"publish","type":"product","link":"https:\/\/edimeinter.com\/libreria\/product\/inmunologia-5a-edicion\/","title":{"rendered":"Inmunolog\u00eda. 5\u00aa Edici\u00f3n"},"content":{"rendered":"\t\t<div data-elementor-type=\"wp-post\" data-elementor-id=\"11809\" class=\"elementor elementor-11809\">\n\t\t\t\t<div class=\"elementor-element elementor-element-2612b12 e-flex e-con-boxed e-con e-parent\" data-id=\"2612b12\" data-element_type=\"container\" data-e-type=\"container\">\n\t\t\t\t\t<div class=\"e-con-inner\">\n\t\t\n\t\t<div class=\"elementor-element elementor-element-498707ae elementor-widget elementor-widget-text-editor\" data-id=\"498707ae\" data-element_type=\"widget\" data-e-type=\"widget\" data-widget_type=\"text-editor.default\">\n\t\t\t\t<div class=\"elementor-widget-container\">\n\t\t\t\t\t\t\t\t\t<div role=\"tabpanel\" aria-labelledby=\"ui-id-2\" aria-hidden=\"false\"><div data-style=\"accordion-style\" data-initialindex=\"0\"><p>Este libro de texto sobre inmunolog\u00eda, que figura entre los m\u00e1s utilizados en las universidades de habla hispana, alcanza ahora, 25 a\u00f1os despu\u00e9s de su aparici\u00f3n, la 5\u00aa edici\u00f3n. Gracias a la dilatada experiencia docente de sus autores y colaboradores, el libro mantiene su claridad expositiva y mejora y actualiza diversos temas. En esta edici\u00f3n se han incluido nuevos cap\u00edtulos y se han reescrito otros para reflejar los necesarios cambios en el estado del conocimiento de esta ciencia. Tambi\u00e9n se ha mejorado y ampliado el material complementario en una nueva plataforma, con la finalidad de posibilitar la autoevaluaci\u00f3n y la formaci\u00f3n con recursos audiovisuales.<\/p><p>Se mantienen estos elementos ya presentes en las anteriores ediciones:<\/p><ul><li>La estructura de cap\u00edtulos adaptados a los cr\u00e9ditos ECTS.<\/li><li>Los encabezamientos expl\u00edcitos que sirven de guion de clase.<\/li><li>Los contenidos aceptados por la comunidad cient\u00edfica.<\/li><li>Los res\u00famenes al final para fijar conceptos fundamentales.<\/li><li>Los correlatos cl\u00ednicos en todos los cap\u00edtulos, que conectan la fisiolog\u00eda con la patolog\u00eda o terapia.<\/li><\/ul><\/div><\/div>\t\t\t\t\t\t\t\t<\/div>\n\t\t\t\t<\/div>\n\t\t\t\t\t<\/div>\n\t\t\t\t<\/div>\n\t\t\t\t<\/div>\n\t\t","protected":false},"excerpt":{"rendered":"<p><strong>Autores:<\/strong>\u00a0Jos\u00e9 Ram\u00f3n Regueiro Gonz\u00e1lez,Eduardo Mart\u00ednez Naves,Carlos L\u00f3pez Larrea,Segundo Gonz\u00e1lez Rodr\u00edguez,Alfredo Corell Almuzara<br \/>\n<strong>ISBN:<\/strong>\u00a09788491104209<br \/>\n<strong>Editorial:<\/strong>\u00a0Panamericana<br \/>\n<strong>Edici\u00f3n:<\/strong>\u00a05\u00aa<br \/>\n<strong>Especialidad<\/strong>: Inmunolog\u00eda<br \/>\n<strong>P\u00e1ginas:\u00a0<\/strong>272<br \/>\n\u00a9 2022<\/p>\n","protected":false},"featured_media":11810,"comment_status":"open","ping_status":"open","template":"","meta":{"_joinchat":[]},"product_cat":[164],"product_tag":[165,70],"class_list":{"0":"post-11809","1":"product","2":"type-product","3":"status-publish","4":"has-post-thumbnail","6":"product_cat-inmunologia","7":"product_tag-inmunologia","8":"product_tag-panamericana","10":"first","11":"outofstock","12":"featured","13":"taxable","14":"shipping-taxable","15":"purchasable","16":"product-type-simple"},"_links":{"self":[{"href":"https:\/\/edimeinter.com\/libreria\/wp-json\/wp\/v2\/product\/11809","targetHints":{"allow":["GET"]}}],"collection":[{"href":"https:\/\/edimeinter.com\/libreria\/wp-json\/wp\/v2\/product"}],"about":[{"href":"https:\/\/edimeinter.com\/libreria\/wp-json\/wp\/v2\/types\/product"}],"replies":[{"embeddable":true,"href":"https:\/\/edimeinter.com\/libreria\/wp-json\/wp\/v2\/comments?post=11809"}],"version-history":[{"count":2,"href":"https:\/\/edimeinter.com\/libreria\/wp-json\/wp\/v2\/product\/11809\/revisions"}],"predecessor-version":[{"id":15268,"href":"https:\/\/edimeinter.com\/libreria\/wp-json\/wp\/v2\/product\/11809\/revisions\/15268"}],"wp:featuredmedia":[{"embeddable":true,"href":"https:\/\/edimeinter.com\/libreria\/wp-json\/wp\/v2\/media\/11810"}],"wp:attachment":[{"href":"https:\/\/edimeinter.com\/libreria\/wp-json\/wp\/v2\/media?parent=11809"}],"wp:term":[{"taxonomy":"product_cat","embeddable":true,"href":"https:\/\/edimeinter.com\/libreria\/wp-json\/wp\/v2\/product_cat?post=11809"},{"taxonomy":"product_tag","embeddable":true,"href":"https:\/\/edimeinter.com\/libreria\/wp-json\/wp\/v2\/product_tag?post=11809"}],"curies":[{"name":"wp","href":"https:\/\/api.w.org\/{rel}","templated":true}]}}