{"id":11815,"date":"2025-02-08T23:17:58","date_gmt":"2025-02-08T23:17:58","guid":{"rendered":"https:\/\/edimeinter.com\/libreria\/?post_type=product&#038;p=11815"},"modified":"2026-02-19T18:14:42","modified_gmt":"2026-02-19T18:14:42","slug":"enfermeria-integrativa-1a-edicion","status":"publish","type":"product","link":"https:\/\/edimeinter.com\/libreria\/product\/enfermeria-integrativa-1a-edicion\/","title":{"rendered":"Enfermer\u00eda Integrativa 1\u00aa Edici\u00f3n"},"content":{"rendered":"\t\t<div data-elementor-type=\"wp-post\" data-elementor-id=\"11815\" class=\"elementor elementor-11815\">\n\t\t\t\t<div class=\"elementor-element elementor-element-2612b12 e-flex e-con-boxed e-con e-parent\" data-id=\"2612b12\" data-element_type=\"container\" data-e-type=\"container\">\n\t\t\t\t\t<div class=\"e-con-inner\">\n\t\t\n\t\t<div class=\"elementor-element elementor-element-498707ae elementor-widget elementor-widget-text-editor\" data-id=\"498707ae\" data-element_type=\"widget\" data-e-type=\"widget\" data-widget_type=\"text-editor.default\">\n\t\t\t\t<div class=\"elementor-widget-container\">\n\t\t\t\t\t\t\t\t\t<div role=\"tabpanel\" aria-labelledby=\"ui-id-2\" aria-hidden=\"false\"><div data-style=\"accordion-style\" data-initialindex=\"0\"><p>El objetivo de la enfermer\u00eda integrativa se basa en promover la salud y el bienestar de las personas a trav\u00e9s de una relaci\u00f3n de cuidado y sanaci\u00f3n. Adopta un enfoque interdisciplinario, con la pretensi\u00f3n de ayudar al paciente con t\u00e9cnicas que complementen, no que sustituyan, los tratamientos convencionales, mejorando con ello su calidad de vida.<\/p><p>Esta obra es fruto de un trabajo en equipo, en el que han participado m\u00e1s de 60 profesionales de la salud con diversas trayectorias, que creen y apuestan por un modelo integral desde la propia coherencia en el ejercicio de su pr\u00e1ctica diaria.<\/p><\/div><\/div>\t\t\t\t\t\t\t\t<\/div>\n\t\t\t\t<\/div>\n\t\t\t\t\t<\/div>\n\t\t\t\t<\/div>\n\t\t\t\t<\/div>\n\t\t","protected":false},"excerpt":{"rendered":"<p><strong>Autores:<\/strong>\u00a0SESMI \u2013 Sociedad Espa\u00f1ola de Salud y Medicina Integrativa,Neus Esmel,Pedro Rodr\u00edguez Picazo,Beatriz Daza Molina,Sergio Mej\u00eda Viana<br \/>\n<strong>ISBN:<\/strong>\u00a09788491109242<br \/>\n<strong>Editorial:<\/strong>\u00a0Panamericana<br \/>\n<strong>Edici\u00f3n:<\/strong>\u00a01\u00aa<br \/>\n<strong>Especialidad<\/strong>: Enfermer\u00eda<br \/>\n<strong>P\u00e1ginas:\u00a0<\/strong>492<br \/>\n\u00a9 2022<\/p>\n","protected":false},"featured_media":11816,"comment_status":"open","ping_status":"closed","template":"","meta":{"_joinchat":[]},"product_cat":[115],"product_tag":[82,70],"class_list":{"0":"post-11815","1":"product","2":"type-product","3":"status-publish","4":"has-post-thumbnail","6":"product_cat-enfermeria","7":"product_tag-enfermeria","8":"product_tag-panamericana","10":"first","11":"outofstock","12":"featured","13":"taxable","14":"shipping-taxable","15":"purchasable","16":"product-type-simple"},"_links":{"self":[{"href":"https:\/\/edimeinter.com\/libreria\/wp-json\/wp\/v2\/product\/11815","targetHints":{"allow":["GET"]}}],"collection":[{"href":"https:\/\/edimeinter.com\/libreria\/wp-json\/wp\/v2\/product"}],"about":[{"href":"https:\/\/edimeinter.com\/libreria\/wp-json\/wp\/v2\/types\/product"}],"replies":[{"embeddable":true,"href":"https:\/\/edimeinter.com\/libreria\/wp-json\/wp\/v2\/comments?post=11815"}],"version-history":[{"count":1,"href":"https:\/\/edimeinter.com\/libreria\/wp-json\/wp\/v2\/product\/11815\/revisions"}],"predecessor-version":[{"id":15269,"href":"https:\/\/edimeinter.com\/libreria\/wp-json\/wp\/v2\/product\/11815\/revisions\/15269"}],"wp:featuredmedia":[{"embeddable":true,"href":"https:\/\/edimeinter.com\/libreria\/wp-json\/wp\/v2\/media\/11816"}],"wp:attachment":[{"href":"https:\/\/edimeinter.com\/libreria\/wp-json\/wp\/v2\/media?parent=11815"}],"wp:term":[{"taxonomy":"product_cat","embeddable":true,"href":"https:\/\/edimeinter.com\/libreria\/wp-json\/wp\/v2\/product_cat?post=11815"},{"taxonomy":"product_tag","embeddable":true,"href":"https:\/\/edimeinter.com\/libreria\/wp-json\/wp\/v2\/product_tag?post=11815"}],"curies":[{"name":"wp","href":"https:\/\/api.w.org\/{rel}","templated":true}]}}