{"id":11827,"date":"2025-02-08T23:23:47","date_gmt":"2025-02-08T23:23:47","guid":{"rendered":"https:\/\/edimeinter.com\/libreria\/?post_type=product&#038;p=11827"},"modified":"2026-04-10T19:08:54","modified_gmt":"2026-04-10T19:08:54","slug":"radiologia-basica-1a-edicion","status":"publish","type":"product","link":"https:\/\/edimeinter.com\/libreria\/product\/radiologia-basica-1a-edicion\/","title":{"rendered":"Radiolog\u00eda B\u00e1sica. 1\u00aa Edici\u00f3n"},"content":{"rendered":"\t\t<div data-elementor-type=\"wp-post\" data-elementor-id=\"11827\" class=\"elementor elementor-11827\">\n\t\t\t\t<div class=\"elementor-element elementor-element-2612b12 e-flex e-con-boxed e-con e-parent\" data-id=\"2612b12\" data-element_type=\"container\" data-e-type=\"container\">\n\t\t\t\t\t<div class=\"e-con-inner\">\n\t\t\n\t\t<div class=\"elementor-element elementor-element-498707ae elementor-widget elementor-widget-text-editor\" data-id=\"498707ae\" data-element_type=\"widget\" data-e-type=\"widget\" data-widget_type=\"text-editor.default\">\n\t\t\t\t<div class=\"elementor-widget-container\">\n\t\t\t\t\t\t\t\t\t<div role=\"tabpanel\" aria-labelledby=\"ui-id-2\" aria-hidden=\"false\"><div data-style=\"accordion-style\" data-initialindex=\"0\"><p>La Radiolog\u00eda ha pasado de ser una disciplina auxiliar en la Medicina en el siglo XX a ser la base de la mayor parte de las decisiones cl\u00ednicas en el siglo XXI. Prueba de ello es que, el peso de la especialidad ha ido incrementando en las \u00faltimas convocatorias del examen MIR. A pesar de ello, la mayor\u00eda de los planes de estudios de las universidades siguen manteniendo a la Radiolog\u00eda en un discreto segundo plano.<\/p><p>Al igual hace unos a\u00f1os, la publicaci\u00f3n de\u00a0<em>Radiolog\u00eda Esencial<\/em>\u00a0permiti\u00f3 proporcionar un texto de referencia a la formaci\u00f3n de los residentes de Radiodiagn\u00f3stico, la secci\u00f3n de Formaci\u00f3n en radiolog\u00eda de la SERAM presenta este texto, adaptado al estudiante de Medicina, con el fin de llenar un hueco no resuelto en la formaci\u00f3n del m\u00e9dico general.<\/p><p>Esta obra aborda todas las habilidades y conocimientos que un alumno debe adquirir durante su formaci\u00f3n, incluidas las relacionadas con aspectos t\u00e9cnicos, de radioprotecci\u00f3n y de las distintas t\u00e9cnicas de imagen radiol\u00f3gica, as\u00ed como de medicina nuclear. Para ello, los cap\u00edtulos est\u00e1n acompa\u00f1ados de recursos did\u00e1cticos como textos destacados, casos cl\u00ednicos, preguntas de autoevaluaci\u00f3n y multitud de figuras necesarias para la comprensi\u00f3n de la materia.<\/p><\/div><\/div>\t\t\t\t\t\t\t\t<\/div>\n\t\t\t\t<\/div>\n\t\t\t\t\t<\/div>\n\t\t\t\t<\/div>\n\t\t\t\t<\/div>\n\t\t","protected":false},"excerpt":{"rendered":"<p><strong>Autores:<\/strong>\u00a0Formaci\u00f3n en Radiolog\u00eda (FORA),Jos\u00e9 Luis Del Cura Rodr\u00edguez,Jes\u00fas D\u00e1maso Aquerreta Beola,Francisco Sendra Portero,Jos\u00e9 Carreira Villamor<br \/>\n<strong>ISBN:<\/strong>\u00a09788498357769<br \/>\n<strong>Editorial:<\/strong>\u00a0Panamericana<br \/>\n<strong>Edici\u00f3n:<\/strong>\u00a01\u00aa<br \/>\n<strong>Especialidad<\/strong>: Diagn\u00f3stico por Im\u00e1genes<br \/>\n<strong>P\u00e1ginas:\u00a0<\/strong>480<br \/>\n\u00a9 2021<\/p>\n","protected":false},"featured_media":11828,"comment_status":"open","ping_status":"closed","template":"","meta":{"_joinchat":[]},"product_cat":[80],"product_tag":[81,70],"class_list":{"0":"post-11827","1":"product","2":"type-product","3":"status-publish","4":"has-post-thumbnail","6":"product_cat-diagnostico-por-imagenes","7":"product_tag-diagnostico-por-imagenes","8":"product_tag-panamericana","10":"first","11":"outofstock","12":"featured","13":"taxable","14":"shipping-taxable","15":"purchasable","16":"product-type-simple"},"_links":{"self":[{"href":"https:\/\/edimeinter.com\/libreria\/wp-json\/wp\/v2\/product\/11827","targetHints":{"allow":["GET"]}}],"collection":[{"href":"https:\/\/edimeinter.com\/libreria\/wp-json\/wp\/v2\/product"}],"about":[{"href":"https:\/\/edimeinter.com\/libreria\/wp-json\/wp\/v2\/types\/product"}],"replies":[{"embeddable":true,"href":"https:\/\/edimeinter.com\/libreria\/wp-json\/wp\/v2\/comments?post=11827"}],"version-history":[{"count":1,"href":"https:\/\/edimeinter.com\/libreria\/wp-json\/wp\/v2\/product\/11827\/revisions"}],"predecessor-version":[{"id":15272,"href":"https:\/\/edimeinter.com\/libreria\/wp-json\/wp\/v2\/product\/11827\/revisions\/15272"}],"wp:featuredmedia":[{"embeddable":true,"href":"https:\/\/edimeinter.com\/libreria\/wp-json\/wp\/v2\/media\/11828"}],"wp:attachment":[{"href":"https:\/\/edimeinter.com\/libreria\/wp-json\/wp\/v2\/media?parent=11827"}],"wp:term":[{"taxonomy":"product_cat","embeddable":true,"href":"https:\/\/edimeinter.com\/libreria\/wp-json\/wp\/v2\/product_cat?post=11827"},{"taxonomy":"product_tag","embeddable":true,"href":"https:\/\/edimeinter.com\/libreria\/wp-json\/wp\/v2\/product_tag?post=11827"}],"curies":[{"name":"wp","href":"https:\/\/api.w.org\/{rel}","templated":true}]}}