{"id":11891,"date":"2025-02-10T16:24:05","date_gmt":"2025-02-10T16:24:05","guid":{"rendered":"https:\/\/edimeinter.com\/libreria\/?post_type=product&#038;p=11891"},"modified":"2025-03-03T23:44:08","modified_gmt":"2025-03-03T23:44:08","slug":"mamografia-con-contraste-1a-edicion","status":"publish","type":"product","link":"https:\/\/edimeinter.com\/libreria\/product\/mamografia-con-contraste-1a-edicion\/","title":{"rendered":"Mamograf\u00eda con Contraste. 1\u00aa Edici\u00f3n"},"content":{"rendered":"\t\t<div data-elementor-type=\"wp-post\" data-elementor-id=\"11891\" class=\"elementor elementor-11891\">\n\t\t\t\t<div class=\"elementor-element elementor-element-2612b12 e-flex e-con-boxed e-con e-parent\" data-id=\"2612b12\" data-element_type=\"container\" data-e-type=\"container\">\n\t\t\t\t\t<div class=\"e-con-inner\">\n\t\t\n\t\t<div class=\"elementor-element elementor-element-498707ae elementor-widget elementor-widget-text-editor\" data-id=\"498707ae\" data-element_type=\"widget\" data-e-type=\"widget\" data-widget_type=\"text-editor.default\">\n\t\t\t\t<div class=\"elementor-widget-container\">\n\t\t\t\t\t\t\t\t\t<div role=\"tabpanel\" aria-labelledby=\"ui-id-2\" aria-hidden=\"false\"><div data-style=\"accordion-style\" data-initialindex=\"0\"><p>En el mundo de la Medicina el aprendizaje y la actualizaci\u00f3n es algo constante; en el \u00e1mbito de la Radiolog\u00eda, el desarrollo de nuevas t\u00e9cnicas es adem\u00e1s un atractivo a\u00f1adido de la especialidad. La mamograf\u00eda con contraste consiste en la adquisici\u00f3n de im\u00e1genes basada en la energ\u00eda dual con una mamograf\u00eda digital directa y otra, recombinada, donde se muestran las lesiones que se realzan por la retenci\u00f3n de contraste en los vasos neoformados en los tumores.<\/p><p>Despu\u00e9s de m\u00e1s de una d\u00e9cada de uso, se ha demostrado que esta t\u00e9cnica de imagen mejora la sensibilidad y especificidad en la detecci\u00f3n del c\u00e1ncer de mama y los resultados de estudios publicados sugieren que es comparable a la resonancia magn\u00e9tica mamaria para evaluar el alcance y tama\u00f1o de las lesiones o detectar la afectaci\u00f3n multic\u00e9ntrica y multifocal.<\/p><\/div><\/div>\t\t\t\t\t\t\t\t<\/div>\n\t\t\t\t<\/div>\n\t\t\t\t\t<\/div>\n\t\t\t\t<\/div>\n\t\t\t\t<\/div>\n\t\t","protected":false},"excerpt":{"rendered":"<p><strong>Autores:<\/strong>\u00a0M\u00aa del Carmen Prieto Falc\u00f3n,M\u00aa Carmen Jurado G\u00f3mez,Cristina G\u00f3mez de las Heras,Fausto Rubio Rubio<br \/>\n<strong>ISBN:<\/strong>\u00a09788491107644<br \/>\n<strong>Editorial:<\/strong>\u00a0Panamericana<br \/>\n<strong>Edici\u00f3n:<\/strong>\u00a01\u00aa<br \/>\n<strong>Especialidad<\/strong>: Diagn\u00f3stico por Im\u00e1genes<br \/>\n<strong>P\u00e1ginas:\u00a0<\/strong>222<br \/>\n\u00a9 2022<\/p>\n","protected":false},"featured_media":11892,"comment_status":"open","ping_status":"open","template":"","meta":{"_joinchat":[]},"product_cat":[80],"product_tag":[81,70],"class_list":{"0":"post-11891","1":"product","2":"type-product","3":"status-publish","4":"has-post-thumbnail","6":"product_cat-diagnostico-por-imagenes","7":"product_tag-diagnostico-por-imagenes","8":"product_tag-panamericana","10":"first","11":"instock","12":"featured","13":"taxable","14":"shipping-taxable","15":"purchasable","16":"product-type-simple"},"_links":{"self":[{"href":"https:\/\/edimeinter.com\/libreria\/wp-json\/wp\/v2\/product\/11891","targetHints":{"allow":["GET"]}}],"collection":[{"href":"https:\/\/edimeinter.com\/libreria\/wp-json\/wp\/v2\/product"}],"about":[{"href":"https:\/\/edimeinter.com\/libreria\/wp-json\/wp\/v2\/types\/product"}],"replies":[{"embeddable":true,"href":"https:\/\/edimeinter.com\/libreria\/wp-json\/wp\/v2\/comments?post=11891"}],"version-history":[{"count":1,"href":"https:\/\/edimeinter.com\/libreria\/wp-json\/wp\/v2\/product\/11891\/revisions"}],"predecessor-version":[{"id":15278,"href":"https:\/\/edimeinter.com\/libreria\/wp-json\/wp\/v2\/product\/11891\/revisions\/15278"}],"wp:featuredmedia":[{"embeddable":true,"href":"https:\/\/edimeinter.com\/libreria\/wp-json\/wp\/v2\/media\/11892"}],"wp:attachment":[{"href":"https:\/\/edimeinter.com\/libreria\/wp-json\/wp\/v2\/media?parent=11891"}],"wp:term":[{"taxonomy":"product_cat","embeddable":true,"href":"https:\/\/edimeinter.com\/libreria\/wp-json\/wp\/v2\/product_cat?post=11891"},{"taxonomy":"product_tag","embeddable":true,"href":"https:\/\/edimeinter.com\/libreria\/wp-json\/wp\/v2\/product_tag?post=11891"}],"curies":[{"name":"wp","href":"https:\/\/api.w.org\/{rel}","templated":true}]}}