{"id":11911,"date":"2025-02-10T16:34:08","date_gmt":"2025-02-10T16:34:08","guid":{"rendered":"https:\/\/edimeinter.com\/libreria\/?post_type=product&#038;p=11911"},"modified":"2025-03-04T00:44:04","modified_gmt":"2025-03-04T00:44:04","slug":"ordenes-de-tratamiento-en-urgencias-1a-edicion","status":"publish","type":"product","link":"https:\/\/edimeinter.com\/libreria\/product\/ordenes-de-tratamiento-en-urgencias-1a-edicion\/","title":{"rendered":"\u00d3rdenes de Tratamiento en Urgencias. 1\u00aa Edici\u00f3n"},"content":{"rendered":"\t\t<div data-elementor-type=\"wp-post\" data-elementor-id=\"11911\" class=\"elementor elementor-11911\">\n\t\t\t\t<div class=\"elementor-element elementor-element-2612b12 e-flex e-con-boxed e-con e-parent\" data-id=\"2612b12\" data-element_type=\"container\" data-e-type=\"container\">\n\t\t\t\t\t<div class=\"e-con-inner\">\n\t\t\n\t\t<div class=\"elementor-element elementor-element-498707ae elementor-widget elementor-widget-text-editor\" data-id=\"498707ae\" data-element_type=\"widget\" data-e-type=\"widget\" data-widget_type=\"text-editor.default\">\n\t\t\t\t<div class=\"elementor-widget-container\">\n\t\t\t\t\t\t\t\t\t<div role=\"tabpanel\" aria-labelledby=\"ui-id-2\" aria-hidden=\"false\"><div data-style=\"accordion-style\" data-initialindex=\"0\"><p>El primer a\u00f1o de pandemia COVID-19 ha provocado en el personal sanitario una mezcla de sentimientos indescriptibles: desde el sufrimiento compartido con los pacientes y sus familias, la incertidumbre cuando la ciencia no tiene respuestas, la vulnerabilidad como profesionales, hasta la alegr\u00eda de los que salen y la esperanza en la investigaci\u00f3n.<\/p><div class=\"sectionBody descripcion }\"><p>\u00d3rdenes de Tratamiento en Urgencias surge de la necesidad de incorporarse a la primera l\u00ednea de batalla, porque las circunstancias as\u00ed lo exig\u00edan, tanto para los que hac\u00eda a\u00f1os que no realizaban guardias m\u00e9dicas como para los que se enfrentaban a ellas por primera vez. La obra tiene la intenci\u00f3n de servir de gu\u00eda para garantizar el correcto desempe\u00f1o de las funciones propias de los servicios de urgencias. Es un libro pr\u00e1ctico y sencillo escrito desde una visi\u00f3n sist\u00e9mica por especialistas con amplia experiencia en esta \u00e1rea.<\/p><\/div><\/div><\/div>\t\t\t\t\t\t\t\t<\/div>\n\t\t\t\t<\/div>\n\t\t\t\t\t<\/div>\n\t\t\t\t<\/div>\n\t\t\t\t<\/div>\n\t\t","protected":false},"excerpt":{"rendered":"<p><strong>Autores:<\/strong>\u00a0Francisco Gabriel Jim\u00e9nez N\u00fa\u00f1ez<br \/>\n<strong>ISBN:<\/strong>\u00a09788491108757<br \/>\n<strong>Editorial:<\/strong>\u00a0Panamericana<br \/>\n<strong>Edici\u00f3n:<\/strong>\u00a01\u00aa<br \/>\n<strong>Especialidad<\/strong>: Medicina de Urgencias y Emergencias,<br \/>\n<strong>P\u00e1ginas:\u00a0<\/strong>240<br \/>\n\u00a9 2021<\/p>\n","protected":false},"featured_media":11912,"comment_status":"open","ping_status":"open","template":"","meta":{"_joinchat":[]},"product_cat":[83],"product_tag":[84,70],"class_list":{"0":"post-11911","1":"product","2":"type-product","3":"status-publish","4":"has-post-thumbnail","6":"product_cat-medicina-de-urgencias-y-emergencias","7":"product_tag-medicina-de-urgencias-y-emergencias","8":"product_tag-panamericana","10":"first","11":"instock","12":"featured","13":"taxable","14":"shipping-taxable","15":"purchasable","16":"product-type-simple"},"_links":{"self":[{"href":"https:\/\/edimeinter.com\/libreria\/wp-json\/wp\/v2\/product\/11911","targetHints":{"allow":["GET"]}}],"collection":[{"href":"https:\/\/edimeinter.com\/libreria\/wp-json\/wp\/v2\/product"}],"about":[{"href":"https:\/\/edimeinter.com\/libreria\/wp-json\/wp\/v2\/types\/product"}],"replies":[{"embeddable":true,"href":"https:\/\/edimeinter.com\/libreria\/wp-json\/wp\/v2\/comments?post=11911"}],"version-history":[{"count":1,"href":"https:\/\/edimeinter.com\/libreria\/wp-json\/wp\/v2\/product\/11911\/revisions"}],"predecessor-version":[{"id":15285,"href":"https:\/\/edimeinter.com\/libreria\/wp-json\/wp\/v2\/product\/11911\/revisions\/15285"}],"wp:featuredmedia":[{"embeddable":true,"href":"https:\/\/edimeinter.com\/libreria\/wp-json\/wp\/v2\/media\/11912"}],"wp:attachment":[{"href":"https:\/\/edimeinter.com\/libreria\/wp-json\/wp\/v2\/media?parent=11911"}],"wp:term":[{"taxonomy":"product_cat","embeddable":true,"href":"https:\/\/edimeinter.com\/libreria\/wp-json\/wp\/v2\/product_cat?post=11911"},{"taxonomy":"product_tag","embeddable":true,"href":"https:\/\/edimeinter.com\/libreria\/wp-json\/wp\/v2\/product_tag?post=11911"}],"curies":[{"name":"wp","href":"https:\/\/api.w.org\/{rel}","templated":true}]}}