{"id":11929,"date":"2025-02-10T16:46:54","date_gmt":"2025-02-10T16:46:54","guid":{"rendered":"https:\/\/edimeinter.com\/libreria\/?post_type=product&#038;p=11929"},"modified":"2025-03-04T00:47:35","modified_gmt":"2025-03-04T00:47:35","slug":"biologia-celular-1a-edicion","status":"publish","type":"product","link":"https:\/\/edimeinter.com\/libreria\/product\/biologia-celular-1a-edicion\/","title":{"rendered":"Biolog\u00eda Celular. 1\u00aa Edici\u00f3n"},"content":{"rendered":"\t\t<div data-elementor-type=\"wp-post\" data-elementor-id=\"11929\" class=\"elementor elementor-11929\">\n\t\t\t\t<div class=\"elementor-element elementor-element-2612b12 e-flex e-con-boxed e-con e-parent\" data-id=\"2612b12\" data-element_type=\"container\" data-e-type=\"container\">\n\t\t\t\t\t<div class=\"e-con-inner\">\n\t\t\n\t\t<div class=\"elementor-element elementor-element-498707ae elementor-widget elementor-widget-text-editor\" data-id=\"498707ae\" data-element_type=\"widget\" data-e-type=\"widget\" data-widget_type=\"text-editor.default\">\n\t\t\t\t<div class=\"elementor-widget-container\">\n\t\t\t\t\t\t\t\t\t<div role=\"tabpanel\" aria-labelledby=\"ui-id-2\" aria-hidden=\"false\"><div data-style=\"accordion-style\" data-initialindex=\"0\"><p>Esta obra se centra en el estudio de los conceptos esenciales de una biolog\u00eda celular moderna, actualizada y din\u00e1mica, apoyada en la idea de que cada ser humano es una \u201crep\u00fablica celular\u201d formada por 30 billones de c\u00e9lulas en constante actividad. Invita al lector a reflexionar sobre aspectos comunes de todas las c\u00e9lulas, cualquiera que sea su tipo o nivel de complejidad.<\/p><p>Profundiza en el estado actual de los aspectos m\u00e1s espec\u00edficos de las c\u00e9lulas atendiendo a diferentes criterios: tipo de organismos al que pertenecen, caracter\u00edsticas de su entorno, c\u00f3mo se asocian y comunican entre ellas, c\u00f3mo se originan y diferencian o c\u00f3mo migran, enferman y mueren.<\/p><p>Adem\u00e1s, permite analizar, conocer e interpretar la estructura, la funci\u00f3n, la composici\u00f3n molecular o el nivel de complejidad de cada tipo celular, de cualquier organismo en general y del ser humano en particular.<\/p><\/div><\/div>\t\t\t\t\t\t\t\t<\/div>\n\t\t\t\t<\/div>\n\t\t\t\t\t<\/div>\n\t\t\t\t<\/div>\n\t\t\t\t<\/div>\n\t\t","protected":false},"excerpt":{"rendered":"<p><strong>Autores:<\/strong>\u00a0Joaqu\u00edn de Juan Herrero,Eduardo Fern\u00e1ndez Jover,Francisco Jose Iborra Rodr\u00edguez,Joan Ribera Calvet<br \/>\n<strong>ISBN:<\/strong>\u00a09788498357714<br \/>\n<strong>Editorial:<\/strong>\u00a0Panamericana<br \/>\n<strong>Edici\u00f3n:<\/strong>\u00a01\u00aa<br \/>\n<strong>Especialidad<\/strong>: Biolog\u00eda<br \/>\n<strong>P\u00e1ginas:\u00a0<\/strong>574<br \/>\n\u00a9 2022<\/p>\n","protected":false},"featured_media":11930,"comment_status":"open","ping_status":"open","template":"","meta":{"_joinchat":[]},"product_cat":[205],"product_tag":[206,70],"class_list":{"0":"post-11929","1":"product","2":"type-product","3":"status-publish","4":"has-post-thumbnail","6":"product_cat-biologia","7":"product_tag-biologia","8":"product_tag-panamericana","10":"first","11":"instock","12":"featured","13":"taxable","14":"shipping-taxable","15":"purchasable","16":"product-type-simple"},"_links":{"self":[{"href":"https:\/\/edimeinter.com\/libreria\/wp-json\/wp\/v2\/product\/11929","targetHints":{"allow":["GET"]}}],"collection":[{"href":"https:\/\/edimeinter.com\/libreria\/wp-json\/wp\/v2\/product"}],"about":[{"href":"https:\/\/edimeinter.com\/libreria\/wp-json\/wp\/v2\/types\/product"}],"replies":[{"embeddable":true,"href":"https:\/\/edimeinter.com\/libreria\/wp-json\/wp\/v2\/comments?post=11929"}],"version-history":[{"count":1,"href":"https:\/\/edimeinter.com\/libreria\/wp-json\/wp\/v2\/product\/11929\/revisions"}],"predecessor-version":[{"id":15288,"href":"https:\/\/edimeinter.com\/libreria\/wp-json\/wp\/v2\/product\/11929\/revisions\/15288"}],"wp:featuredmedia":[{"embeddable":true,"href":"https:\/\/edimeinter.com\/libreria\/wp-json\/wp\/v2\/media\/11930"}],"wp:attachment":[{"href":"https:\/\/edimeinter.com\/libreria\/wp-json\/wp\/v2\/media?parent=11929"}],"wp:term":[{"taxonomy":"product_cat","embeddable":true,"href":"https:\/\/edimeinter.com\/libreria\/wp-json\/wp\/v2\/product_cat?post=11929"},{"taxonomy":"product_tag","embeddable":true,"href":"https:\/\/edimeinter.com\/libreria\/wp-json\/wp\/v2\/product_tag?post=11929"}],"curies":[{"name":"wp","href":"https:\/\/api.w.org\/{rel}","templated":true}]}}