{"id":11935,"date":"2025-02-10T16:53:35","date_gmt":"2025-02-10T16:53:35","guid":{"rendered":"https:\/\/edimeinter.com\/libreria\/?post_type=product&#038;p=11935"},"modified":"2025-03-04T00:48:32","modified_gmt":"2025-03-04T00:48:32","slug":"epilepsia-en-pediatria-1a-edicion","status":"publish","type":"product","link":"https:\/\/edimeinter.com\/libreria\/product\/epilepsia-en-pediatria-1a-edicion\/","title":{"rendered":"Epilepsia en Pediatr\u00eda. 1\u00aa Edici\u00f3n"},"content":{"rendered":"\t\t<div data-elementor-type=\"wp-post\" data-elementor-id=\"11935\" class=\"elementor elementor-11935\">\n\t\t\t\t<div class=\"elementor-element elementor-element-2612b12 e-flex e-con-boxed e-con e-parent\" data-id=\"2612b12\" data-element_type=\"container\" data-e-type=\"container\">\n\t\t\t\t\t<div class=\"e-con-inner\">\n\t\t\n\t\t<div class=\"elementor-element elementor-element-498707ae elementor-widget elementor-widget-text-editor\" data-id=\"498707ae\" data-element_type=\"widget\" data-e-type=\"widget\" data-widget_type=\"text-editor.default\">\n\t\t\t\t<div class=\"elementor-widget-container\">\n\t\t\t\t\t\t\t\t\t<div role=\"tabpanel\" aria-labelledby=\"ui-id-2\" aria-hidden=\"false\"><div data-style=\"accordion-style\" data-initialindex=\"0\"><p>La epilepsia y sus crisis han sido y siguen siendo un tema complejo y din\u00e1mico ya que, aunque aparezcan a cualquier edad, ocupan gran parte de la actividad cl\u00ednica del neur\u00f3logo infantil. En los \u00faltimos a\u00f1os se han publicado nuevas clasificaciones, definiciones y terminolog\u00edas, y el avance de la tecnolog\u00eda a trav\u00e9s de la videoelectroencefalograf\u00eda y la neurofisiolog\u00eda, los estudios por im\u00e1genes neurorradiol\u00f3gicos, el conocimiento de la gen\u00e9tica as\u00ed como los adelantos en los tratamientos farmacol\u00f3gicos y no farmacol\u00f3gicos han favorecido el estudio y la terap\u00e9utica de los pacientes con epilepsia. Por otro lado, el enfoque cl\u00ednico es crucial y debe realizarse en cada ni\u00f1o con sospecha de la enfermedad en todos los niveles de atenci\u00f3n, para efectuar un diagn\u00f3stico certero y un tratamiento eficaz y asegurar un pron\u00f3stico adecuado. En Epilepsia en Pediatr\u00eda. Manejo pr\u00e1ctico, su autor, Roberto Caraballo, experto en s\u00edndromes epil\u00e9pticos reconocido mundialmente como referente de la epileptolog\u00eda pedi\u00e1trica, encara junto a sus colaboradores un abordaje actualizado y pr\u00e1ctico de todos estos aspectos.<\/p><\/div><\/div>\t\t\t\t\t\t\t\t<\/div>\n\t\t\t\t<\/div>\n\t\t\t\t\t<\/div>\n\t\t\t\t<\/div>\n\t\t\t\t<\/div>\n\t\t","protected":false},"excerpt":{"rendered":"<p><strong>Autores:<\/strong>\u00a0Roberto H. Caraballo<br \/>\n<strong>ISBN:<\/strong>\u00a09789500696746<br \/>\n<strong>Editorial:<\/strong>\u00a0Panamericana<br \/>\n<strong>Edici\u00f3n:<\/strong>\u00a01\u00aa<br \/>\n<strong>Especialidad<\/strong>: Neurolog\u00eda<br \/>\n<strong>P\u00e1ginas:\u00a0<\/strong>772<br \/>\n\u00a9 2022<\/p>\n","protected":false},"featured_media":11936,"comment_status":"open","ping_status":"open","template":"","meta":{"_joinchat":[]},"product_cat":[122],"product_tag":[123,70],"class_list":{"0":"post-11935","1":"product","2":"type-product","3":"status-publish","4":"has-post-thumbnail","6":"product_cat-neurologia","7":"product_tag-neurologia","8":"product_tag-panamericana","10":"first","11":"instock","12":"featured","13":"taxable","14":"shipping-taxable","15":"purchasable","16":"product-type-simple"},"_links":{"self":[{"href":"https:\/\/edimeinter.com\/libreria\/wp-json\/wp\/v2\/product\/11935","targetHints":{"allow":["GET"]}}],"collection":[{"href":"https:\/\/edimeinter.com\/libreria\/wp-json\/wp\/v2\/product"}],"about":[{"href":"https:\/\/edimeinter.com\/libreria\/wp-json\/wp\/v2\/types\/product"}],"replies":[{"embeddable":true,"href":"https:\/\/edimeinter.com\/libreria\/wp-json\/wp\/v2\/comments?post=11935"}],"version-history":[{"count":1,"href":"https:\/\/edimeinter.com\/libreria\/wp-json\/wp\/v2\/product\/11935\/revisions"}],"predecessor-version":[{"id":15289,"href":"https:\/\/edimeinter.com\/libreria\/wp-json\/wp\/v2\/product\/11935\/revisions\/15289"}],"wp:featuredmedia":[{"embeddable":true,"href":"https:\/\/edimeinter.com\/libreria\/wp-json\/wp\/v2\/media\/11936"}],"wp:attachment":[{"href":"https:\/\/edimeinter.com\/libreria\/wp-json\/wp\/v2\/media?parent=11935"}],"wp:term":[{"taxonomy":"product_cat","embeddable":true,"href":"https:\/\/edimeinter.com\/libreria\/wp-json\/wp\/v2\/product_cat?post=11935"},{"taxonomy":"product_tag","embeddable":true,"href":"https:\/\/edimeinter.com\/libreria\/wp-json\/wp\/v2\/product_tag?post=11935"}],"curies":[{"name":"wp","href":"https:\/\/api.w.org\/{rel}","templated":true}]}}