{"id":11941,"date":"2025-02-10T16:57:15","date_gmt":"2025-02-10T16:57:15","guid":{"rendered":"https:\/\/edimeinter.com\/libreria\/?post_type=product&#038;p=11941"},"modified":"2025-07-03T20:16:49","modified_gmt":"2025-07-03T20:16:49","slug":"histologia-para-estudiantes-1a-edicion","status":"publish","type":"product","link":"https:\/\/edimeinter.com\/libreria\/product\/histologia-para-estudiantes-1a-edicion\/","title":{"rendered":"Histolog\u00eda para estudiantes. 1\u00aa Edici\u00f3n"},"content":{"rendered":"\t\t<div data-elementor-type=\"wp-post\" data-elementor-id=\"11941\" class=\"elementor elementor-11941\">\n\t\t\t\t\n<div class=\"elementor-element elementor-element-2612b12 e-flex e-con-boxed e-con e-parent\" data-id=\"2612b12\" data-element_type=\"container\" data-e-type=\"container\">\n\t\t\t\t\t<div class=\"e-con-inner\">\n\t\t\t\t<div class=\"elementor-element elementor-element-498707ae elementor-widget elementor-widget-text-editor\" data-id=\"498707ae\" data-element_type=\"widget\" data-e-type=\"widget\" data-widget_type=\"text-editor.default\">\n\t\t\t\t<div class=\"elementor-widget-container\">\n\t\t\t\t\t\t\t\t\t<div role=\"tabpanel\" aria-labelledby=\"ui-id-2\" aria-hidden=\"false\"><div data-style=\"accordion-style\" data-initialindex=\"0\"><p>La histolog\u00eda se encarga de describir detalladamente la estructura de los organismos. Su principal base metodol\u00f3gica, centrada en la integraci\u00f3n de im\u00e1genes microsc\u00f3picas con aspectos bioqu\u00edmicos, gen\u00e9ticos y fisiol\u00f3gicos, le confiere en la actualidad un car\u00e1cter morfofuncional. Por ello, la histolog\u00eda es un asiento estructural b\u00e1sico para que los estudiantes localicen e integren \u201cf\u00edsicamente\u201d los conocimientos m\u00e1s moleculares y abstractos aportados por otras disciplinas.<\/p><p>Precisamente esta riqueza de detalles que aporta la microscop\u00eda puede hacer que el estudiante se encuentre ante un conjunto de conceptos excesivamente abundante o dif\u00edcil de asumir: sin comprender el dise\u00f1o morfofuncional de tejidos y \u00f3rganos o sin entender las im\u00e1genes microsc\u00f3picas, los estudiantes corren el peligro de un aprendizaje excesivamente memor\u00edstico e incluso perderse en detalles poco relevantes.<\/p><p>Histolog\u00eda para estudiantes incide en la importancia de comprender la imagen como paso previo para comprender la estructura y su funci\u00f3n. Por eso, se ha ilustrado exhaustivamente, tanto con im\u00e1genes microsc\u00f3picas como con numerosos dibujos, con los que se ha buscado simplificar la compleja estructura histol\u00f3gica y as\u00ed ayudar al lector a conocer sus principales rasgos. La mayor parte de los conceptos que se describen en el texto se ilustran, adem\u00e1s, con el dibujo correspondiente, de modo que la relaci\u00f3n entre el texto y el dibujo se inclina frecuentemente hacia este \u00faltimo.<\/p><\/div><\/div>\t\t\t\t\t\t\t\t<\/div>\n\t\t\t\t<\/div>\n\t\t\t\t\t<\/div>\n\t\t\t\t<\/div>\n\t\t\t\t<\/div>\n\t\t","protected":false},"excerpt":{"rendered":"<p><strong>Autores:<\/strong>\u00a0Ana Cristina Villaro Gumpert<br \/>\n<strong>ISBN:<\/strong>\u00a09788498359275<br \/>\n<strong>Editorial:<\/strong>\u00a0Panamericana<br \/>\n<strong>Edici\u00f3n:<\/strong>\u00a01\u00aa<br \/>\n<strong>Especialidad<\/strong>: Histolog\u00eda<br \/>\n<strong>P\u00e1ginas:\u00a0<\/strong>732<br \/>\n\u00a9 2020<\/p>\n","protected":false},"featured_media":11942,"comment_status":"open","ping_status":"closed","template":"","meta":{"_joinchat":[]},"product_cat":[154],"product_tag":[155,70],"class_list":{"0":"post-11941","1":"product","2":"type-product","3":"status-publish","4":"has-post-thumbnail","6":"product_cat-histologia","7":"product_tag-histologia","8":"product_tag-panamericana","10":"first","11":"instock","12":"featured","13":"taxable","14":"shipping-taxable","15":"purchasable","16":"product-type-simple"},"_links":{"self":[{"href":"https:\/\/edimeinter.com\/libreria\/wp-json\/wp\/v2\/product\/11941","targetHints":{"allow":["GET"]}}],"collection":[{"href":"https:\/\/edimeinter.com\/libreria\/wp-json\/wp\/v2\/product"}],"about":[{"href":"https:\/\/edimeinter.com\/libreria\/wp-json\/wp\/v2\/types\/product"}],"replies":[{"embeddable":true,"href":"https:\/\/edimeinter.com\/libreria\/wp-json\/wp\/v2\/comments?post=11941"}],"version-history":[{"count":1,"href":"https:\/\/edimeinter.com\/libreria\/wp-json\/wp\/v2\/product\/11941\/revisions"}],"predecessor-version":[{"id":15290,"href":"https:\/\/edimeinter.com\/libreria\/wp-json\/wp\/v2\/product\/11941\/revisions\/15290"}],"wp:featuredmedia":[{"embeddable":true,"href":"https:\/\/edimeinter.com\/libreria\/wp-json\/wp\/v2\/media\/11942"}],"wp:attachment":[{"href":"https:\/\/edimeinter.com\/libreria\/wp-json\/wp\/v2\/media?parent=11941"}],"wp:term":[{"taxonomy":"product_cat","embeddable":true,"href":"https:\/\/edimeinter.com\/libreria\/wp-json\/wp\/v2\/product_cat?post=11941"},{"taxonomy":"product_tag","embeddable":true,"href":"https:\/\/edimeinter.com\/libreria\/wp-json\/wp\/v2\/product_tag?post=11941"}],"curies":[{"name":"wp","href":"https:\/\/api.w.org\/{rel}","templated":true}]}}