{"id":11947,"date":"2025-02-10T17:29:31","date_gmt":"2025-02-10T17:29:31","guid":{"rendered":"https:\/\/edimeinter.com\/libreria\/?post_type=product&#038;p=11947"},"modified":"2025-03-04T00:52:46","modified_gmt":"2025-03-04T00:52:46","slug":"neurologia-para-pediatras-2a-edicion","status":"publish","type":"product","link":"https:\/\/edimeinter.com\/libreria\/product\/neurologia-para-pediatras-2a-edicion\/","title":{"rendered":"Neurolog\u00eda para Pediatras. 2\u00aa Edici\u00f3n"},"content":{"rendered":"\t\t<div data-elementor-type=\"wp-post\" data-elementor-id=\"11947\" class=\"elementor elementor-11947\">\n\t\t\t\t<div class=\"elementor-element elementor-element-2612b12 e-flex e-con-boxed e-con e-parent\" data-id=\"2612b12\" data-element_type=\"container\" data-e-type=\"container\">\n\t\t\t\t\t<div class=\"e-con-inner\">\n\t\t\n\t\t<div class=\"elementor-element elementor-element-498707ae elementor-widget elementor-widget-text-editor\" data-id=\"498707ae\" data-element_type=\"widget\" data-e-type=\"widget\" data-widget_type=\"text-editor.default\">\n\t\t\t\t<div class=\"elementor-widget-container\">\n\t\t\t\t\t\t\t\t\t<div role=\"tabpanel\" aria-labelledby=\"ui-id-2\" aria-hidden=\"false\"><div data-style=\"accordion-style\" data-initialindex=\"0\"><p>La neurolog\u00eda infantil es una de las subespecialidades pedi\u00e1tricas m\u00e1s demandadas, la cual soporta m\u00e1s del 30 % de la carga asistencial en la atenci\u00f3n hospitalaria y en los servicios de urgencias. La segunda edici\u00f3n de esta obra pretende seguir siendo una herramienta de inter\u00e9s para completar la formaci\u00f3n del pediatra, neuropediatra o cualquier otro profesional interesado en los problemas m\u00e1s comunes del sistema nervioso del ni\u00f1o. Se trata de una completa introducci\u00f3n al complejo mundo de la neuropediatr\u00eda, en continuo auge y r\u00e1pido cambio en el diagn\u00f3stico, especialmente, en los avances con la terap\u00e9utica.<\/p><\/div><\/div>\t\t\t\t\t\t\t\t<\/div>\n\t\t\t\t<\/div>\n\t\t\t\t\t<\/div>\n\t\t\t\t<\/div>\n\t\t\t\t<\/div>\n\t\t","protected":false},"excerpt":{"rendered":"<p><strong>Autores:<\/strong>\u00a0Jaime Campistol Plana,Thais Armangu\u00e9,Hugo A. Arroyo,Roberto Caraballo,Mar\u00eda del Carmen Fons Estupi\u00f1a,Gabriel Gonz\u00e1lez Rabelino,Dario Ortigoza,V\u00edctor Ruggieri<br \/>\n<strong>ISBN:<\/strong>\u00a09788491107149<br \/>\n<strong>Editorial:<\/strong>\u00a0Panamericana<br \/>\n<strong>Edici\u00f3n:<\/strong>\u00a01\u00aa<br \/>\n<strong>Especialidad<\/strong>: Pediatr\u00eda<br \/>\n<strong>P\u00e1ginas:\u00a0<\/strong>530<br \/>\n\u00a9 2022<\/p>\n","protected":false},"featured_media":11948,"comment_status":"open","ping_status":"open","template":"","meta":{"_joinchat":[]},"product_cat":[130],"product_tag":[70,131],"class_list":{"0":"post-11947","1":"product","2":"type-product","3":"status-publish","4":"has-post-thumbnail","6":"product_cat-pediatria-y-neonatologia","7":"product_tag-panamericana","8":"product_tag-pediatria-y-neonatologia","10":"first","11":"instock","12":"featured","13":"taxable","14":"shipping-taxable","15":"purchasable","16":"product-type-simple"},"_links":{"self":[{"href":"https:\/\/edimeinter.com\/libreria\/wp-json\/wp\/v2\/product\/11947","targetHints":{"allow":["GET"]}}],"collection":[{"href":"https:\/\/edimeinter.com\/libreria\/wp-json\/wp\/v2\/product"}],"about":[{"href":"https:\/\/edimeinter.com\/libreria\/wp-json\/wp\/v2\/types\/product"}],"replies":[{"embeddable":true,"href":"https:\/\/edimeinter.com\/libreria\/wp-json\/wp\/v2\/comments?post=11947"}],"version-history":[{"count":1,"href":"https:\/\/edimeinter.com\/libreria\/wp-json\/wp\/v2\/product\/11947\/revisions"}],"predecessor-version":[{"id":15291,"href":"https:\/\/edimeinter.com\/libreria\/wp-json\/wp\/v2\/product\/11947\/revisions\/15291"}],"wp:featuredmedia":[{"embeddable":true,"href":"https:\/\/edimeinter.com\/libreria\/wp-json\/wp\/v2\/media\/11948"}],"wp:attachment":[{"href":"https:\/\/edimeinter.com\/libreria\/wp-json\/wp\/v2\/media?parent=11947"}],"wp:term":[{"taxonomy":"product_cat","embeddable":true,"href":"https:\/\/edimeinter.com\/libreria\/wp-json\/wp\/v2\/product_cat?post=11947"},{"taxonomy":"product_tag","embeddable":true,"href":"https:\/\/edimeinter.com\/libreria\/wp-json\/wp\/v2\/product_tag?post=11947"}],"curies":[{"name":"wp","href":"https:\/\/api.w.org\/{rel}","templated":true}]}}