{"id":11960,"date":"2025-02-10T18:50:46","date_gmt":"2025-02-10T18:50:46","guid":{"rendered":"https:\/\/edimeinter.com\/libreria\/?post_type=product&#038;p=11960"},"modified":"2025-03-04T00:59:57","modified_gmt":"2025-03-04T00:59:57","slug":"evaluacion-neuropediatrica-funcional-1a-edicion","status":"publish","type":"product","link":"https:\/\/edimeinter.com\/libreria\/product\/evaluacion-neuropediatrica-funcional-1a-edicion\/","title":{"rendered":"Evaluaci\u00f3n Neuropedi\u00e1trica Funcional. 1\u00aa Edici\u00f3n"},"content":{"rendered":"\t\t<div data-elementor-type=\"wp-post\" data-elementor-id=\"11960\" class=\"elementor elementor-11960\">\n\t\t\t\t<div class=\"elementor-element elementor-element-2612b12 e-flex e-con-boxed e-con e-parent\" data-id=\"2612b12\" data-element_type=\"container\" data-e-type=\"container\">\n\t\t\t\t\t<div class=\"e-con-inner\">\n\t\t\n\t\t<div class=\"elementor-element elementor-element-498707ae elementor-widget elementor-widget-text-editor\" data-id=\"498707ae\" data-element_type=\"widget\" data-e-type=\"widget\" data-widget_type=\"text-editor.default\">\n\t\t\t\t<div class=\"elementor-widget-container\">\n\t\t\t\t\t\t\t\t\t<div role=\"tabpanel\" aria-labelledby=\"ui-id-2\" aria-hidden=\"false\"><div data-style=\"accordion-style\" data-initialindex=\"0\"><p>La intervenci\u00f3n terap\u00e9utica en cualquiera de sus \u00e1reas debe partir de una evaluaci\u00f3n rigurosa, sistem\u00e1tica y bien fundamentada. En esta obra, dividida en cinco secciones, se aborda la evaluaci\u00f3n desde el primer a\u00f1o de vida, la evaluaci\u00f3n en el ni\u00f1o con par\u00e1lisis cerebral, la discapacidad, la evaluaci\u00f3n psicomotora y el uso de las nuevas tecnolog\u00edas al servicio de la evaluaci\u00f3n.<\/p><p>Este libro, que ha sido elaborado por fisioterapeutas y otros profesionales de la salud que han dedicado su pr\u00e1ctica a la neuropediatr\u00eda y que son investigadores y acad\u00e9micos en el \u00e1rea, resalta la importancia de las nuevas tendencias en la evaluaci\u00f3n e intervenci\u00f3n de personas con diferentes condiciones de salud. Adem\u00e1s, reconoce una perspectiva biopsicosocial con car\u00e1cter integral e interdisciplinario que van m\u00e1s all\u00e1 del signo cl\u00ednico o el s\u00edntoma en la evaluaci\u00f3n neuropedi\u00e1trica.<\/p><\/div><\/div>\t\t\t\t\t\t\t\t<\/div>\n\t\t\t\t<\/div>\n\t\t\t\t\t<\/div>\n\t\t\t\t<\/div>\n\t\t\t\t<\/div>\n\t\t","protected":false},"excerpt":{"rendered":"<p><strong>Autores:<\/strong>\u00a0M\u00f3nica Yamile Pinz\u00f3n Bernal,Luisa Matilde Salamanca Duque<br \/>\n<strong>ISBN:<\/strong>\u00a09788491108313<br \/>\n<strong>Editorial:<\/strong>\u00a0Panamericana<br \/>\n<strong>Edici\u00f3n:<\/strong>\u00a01\u00aa<br \/>\n<strong>Especialidad<\/strong>: Neurolog\u00eda<br \/>\n<strong>P\u00e1ginas:\u00a0<\/strong>234<br \/>\n\u00a9 2021<\/p>\n","protected":false},"featured_media":11961,"comment_status":"open","ping_status":"open","template":"","meta":{"_joinchat":[]},"product_cat":[122],"product_tag":[123,70],"class_list":{"0":"post-11960","1":"product","2":"type-product","3":"status-publish","4":"has-post-thumbnail","6":"product_cat-neurologia","7":"product_tag-neurologia","8":"product_tag-panamericana","10":"first","11":"instock","12":"featured","13":"taxable","14":"shipping-taxable","15":"purchasable","16":"product-type-simple"},"_links":{"self":[{"href":"https:\/\/edimeinter.com\/libreria\/wp-json\/wp\/v2\/product\/11960","targetHints":{"allow":["GET"]}}],"collection":[{"href":"https:\/\/edimeinter.com\/libreria\/wp-json\/wp\/v2\/product"}],"about":[{"href":"https:\/\/edimeinter.com\/libreria\/wp-json\/wp\/v2\/types\/product"}],"replies":[{"embeddable":true,"href":"https:\/\/edimeinter.com\/libreria\/wp-json\/wp\/v2\/comments?post=11960"}],"version-history":[{"count":1,"href":"https:\/\/edimeinter.com\/libreria\/wp-json\/wp\/v2\/product\/11960\/revisions"}],"predecessor-version":[{"id":15293,"href":"https:\/\/edimeinter.com\/libreria\/wp-json\/wp\/v2\/product\/11960\/revisions\/15293"}],"wp:featuredmedia":[{"embeddable":true,"href":"https:\/\/edimeinter.com\/libreria\/wp-json\/wp\/v2\/media\/11961"}],"wp:attachment":[{"href":"https:\/\/edimeinter.com\/libreria\/wp-json\/wp\/v2\/media?parent=11960"}],"wp:term":[{"taxonomy":"product_cat","embeddable":true,"href":"https:\/\/edimeinter.com\/libreria\/wp-json\/wp\/v2\/product_cat?post=11960"},{"taxonomy":"product_tag","embeddable":true,"href":"https:\/\/edimeinter.com\/libreria\/wp-json\/wp\/v2\/product_tag?post=11960"}],"curies":[{"name":"wp","href":"https:\/\/api.w.org\/{rel}","templated":true}]}}