{"id":11967,"date":"2025-02-10T18:55:12","date_gmt":"2025-02-10T18:55:12","guid":{"rendered":"https:\/\/edimeinter.com\/libreria\/?post_type=product&#038;p=11967"},"modified":"2025-03-04T15:27:29","modified_gmt":"2025-03-04T15:27:29","slug":"soporte-nutricional-y-metabolismo-en-cuidados-criticos-1a-edicion","status":"publish","type":"product","link":"https:\/\/edimeinter.com\/libreria\/product\/soporte-nutricional-y-metabolismo-en-cuidados-criticos-1a-edicion\/","title":{"rendered":"Soporte Nutricional y Metabolismo en Cuidados Cr\u00edticos. 1\u00aa Edici\u00f3n"},"content":{"rendered":"\t\t<div data-elementor-type=\"wp-post\" data-elementor-id=\"11967\" class=\"elementor elementor-11967\">\n\t\t\t\t<div class=\"elementor-element elementor-element-2612b12 e-flex e-con-boxed e-con e-parent\" data-id=\"2612b12\" data-element_type=\"container\" data-e-type=\"container\">\n\t\t\t\t\t<div class=\"e-con-inner\">\n\t\t\n\t\t<div class=\"elementor-element elementor-element-498707ae elementor-widget elementor-widget-text-editor\" data-id=\"498707ae\" data-element_type=\"widget\" data-e-type=\"widget\" data-widget_type=\"text-editor.default\">\n\t\t\t\t<div class=\"elementor-widget-container\">\n\t\t\t\t\t\t\t\t\t<div role=\"tabpanel\" aria-labelledby=\"ui-id-2\" aria-hidden=\"false\"><div data-style=\"accordion-style\" data-initialindex=\"0\"><p>Soporte Nutricional y Metabolismo en Cuidados Cr\u00edticos. Fundamentos y gu\u00eda pr\u00e1ctica es una nueva contribuci\u00f3n de la Sociedad Argentina de Terapia Intensiva (SATI)y en especial de su Comit\u00e9 de Soporte Nutricional y Metabolismo (COSONUME) sobre los aspectos relevantes del metabolismo y la nutrici\u00f3n en el paciente cr\u00edtico. Escrita por un equipo multidisciplinario de profesionales de la salud \u2013 intensivistas, nutricionistas, farmac\u00e9uticos y enfermeros especializados en soporte nutricional \u2013 ofrece una revisi\u00f3n profunda y actualizada de esta tem\u00e1tica.<\/p><\/div><\/div>\t\t\t\t\t\t\t\t<\/div>\n\t\t\t\t<\/div>\n\t\t\t\t\t<\/div>\n\t\t\t\t<\/div>\n\t\t\t\t<\/div>\n\t\t","protected":false},"excerpt":{"rendered":"<p><strong>Autores:<\/strong>\u00a0SATI (Sociedad Argentina de Terapia Intensiva),COSONUME (Comit\u00e9 de Soporte Nutricional y Metabolismo)<br \/>\n<strong>ISBN:<\/strong>\u00a09789500696470<br \/>\n<strong>Editorial:<\/strong>\u00a0Panamericana<br \/>\n<strong>Edici\u00f3n:<\/strong>\u00a01\u00aa<br \/>\n<strong>Especialidad<\/strong>: Cuidados Intensivos<br \/>\n<strong>P\u00e1ginas:\u00a0<\/strong>300<br \/>\n\u00a9 2021<\/p>\n","protected":false},"featured_media":11968,"comment_status":"open","ping_status":"open","template":"","meta":{"_joinchat":[]},"product_cat":[179],"product_tag":[180,70],"class_list":{"0":"post-11967","1":"product","2":"type-product","3":"status-publish","4":"has-post-thumbnail","6":"product_cat-cuidados-intensivos","7":"product_tag-cuidados-intensivos","8":"product_tag-panamericana","10":"first","11":"instock","12":"featured","13":"taxable","14":"shipping-taxable","15":"purchasable","16":"product-type-simple"},"_links":{"self":[{"href":"https:\/\/edimeinter.com\/libreria\/wp-json\/wp\/v2\/product\/11967","targetHints":{"allow":["GET"]}}],"collection":[{"href":"https:\/\/edimeinter.com\/libreria\/wp-json\/wp\/v2\/product"}],"about":[{"href":"https:\/\/edimeinter.com\/libreria\/wp-json\/wp\/v2\/types\/product"}],"replies":[{"embeddable":true,"href":"https:\/\/edimeinter.com\/libreria\/wp-json\/wp\/v2\/comments?post=11967"}],"version-history":[{"count":1,"href":"https:\/\/edimeinter.com\/libreria\/wp-json\/wp\/v2\/product\/11967\/revisions"}],"predecessor-version":[{"id":15294,"href":"https:\/\/edimeinter.com\/libreria\/wp-json\/wp\/v2\/product\/11967\/revisions\/15294"}],"wp:featuredmedia":[{"embeddable":true,"href":"https:\/\/edimeinter.com\/libreria\/wp-json\/wp\/v2\/media\/11968"}],"wp:attachment":[{"href":"https:\/\/edimeinter.com\/libreria\/wp-json\/wp\/v2\/media?parent=11967"}],"wp:term":[{"taxonomy":"product_cat","embeddable":true,"href":"https:\/\/edimeinter.com\/libreria\/wp-json\/wp\/v2\/product_cat?post=11967"},{"taxonomy":"product_tag","embeddable":true,"href":"https:\/\/edimeinter.com\/libreria\/wp-json\/wp\/v2\/product_tag?post=11967"}],"curies":[{"name":"wp","href":"https:\/\/api.w.org\/{rel}","templated":true}]}}