{"id":11973,"date":"2025-02-10T18:57:18","date_gmt":"2025-02-10T18:57:18","guid":{"rendered":"https:\/\/edimeinter.com\/libreria\/?post_type=product&#038;p=11973"},"modified":"2025-03-04T15:29:04","modified_gmt":"2025-03-04T15:29:04","slug":"fundamentos-de-hematologia-6a-edicion","status":"publish","type":"product","link":"https:\/\/edimeinter.com\/libreria\/product\/fundamentos-de-hematologia-6a-edicion\/","title":{"rendered":"Fundamentos de Hematolog\u00eda. 6\u00aa Edici\u00f3n"},"content":{"rendered":"\t\t<div data-elementor-type=\"wp-post\" data-elementor-id=\"11973\" class=\"elementor elementor-11973\">\n\t\t\t\t<div class=\"elementor-element elementor-element-2612b12 e-flex e-con-boxed e-con e-parent\" data-id=\"2612b12\" data-element_type=\"container\" data-e-type=\"container\">\n\t\t\t\t\t<div class=\"e-con-inner\">\n\t\t\n\t\t<div class=\"elementor-element elementor-element-498707ae elementor-widget elementor-widget-text-editor\" data-id=\"498707ae\" data-element_type=\"widget\" data-e-type=\"widget\" data-widget_type=\"text-editor.default\">\n\t\t\t\t<div class=\"elementor-widget-container\">\n\t\t\t\t\t\t\t\t\t<div role=\"tabpanel\" aria-labelledby=\"ui-id-2\" aria-hidden=\"false\"><div data-style=\"accordion-style\" data-initialindex=\"0\"><p>Fundamentos de Hematolog\u00eda, en su 6\u00aa edici\u00f3n, presenta una visi\u00f3n actualizada del estudio de la estructura y funci\u00f3n de la sangre, de los tejidos que la producen y de las bases diagn\u00f3sticas para tratar las enfermedades de sus distintos componentes. La calidad de su contenido se sustenta en la participaci\u00f3n de renombrados especialistas del \u00e1rea y miembros de la Agrupaci\u00f3n Mexicana para el Estudio de la Hematolog\u00eda (AMEH), que est\u00e1n representados en los cap\u00edtulos y han trabajado en una actualizaci\u00f3n de todas sus referencias con publicaciones cient\u00edficas.<\/p><p>Para esta sexta edici\u00f3n de Fundamentos de Hematolog\u00eda ha realizado contribuciones excelentes un elenco de hemat\u00f3logos mexicanos de m\u00e1ximo prestigio, que trabajan tanto en su pa\u00eds como m\u00e1s all\u00e1 de sus fronteras. Destaca la acertada combinaci\u00f3n entre profesionales de vasta experiencia y otros m\u00e1s j\u00f3venes que tienen muy frescas las necesidades del estudiante.<\/p><p>La obra est\u00e1 presente desde 1994 en el cat\u00e1logo de Editorial M\u00e9dica Panamericana y se ha convertido en un cl\u00e1sico durante m\u00e1s de 26 a\u00f1os, siendo un libro de texto preferido por docentes de ciencias de la salud, estudiantes de Medicina, residentes y especialistas del \u00e1rea.<\/p><\/div><\/div>\t\t\t\t\t\t\t\t<\/div>\n\t\t\t\t<\/div>\n\t\t\t\t\t<\/div>\n\t\t\t\t<\/div>\n\t\t\t\t<\/div>\n\t\t","protected":false},"excerpt":{"rendered":"<p><strong>Autores:<\/strong>\u00a0Guillermo J. Ruiz Arg\u00fcelles,Guillermo J. Ruiz Delgado<br \/>\n<strong>ISBN:<\/strong>\u00a09786078546428<br \/>\n<strong>Editorial:<\/strong>\u00a0Panamericana<br \/>\n<strong>Edici\u00f3n:<\/strong>\u00a06\u00aa<br \/>\n<strong>Especialidad<\/strong>: Hematolog\u00eda<br \/>\n<strong>P\u00e1ginas:\u00a0<\/strong>341<br \/>\n\u00a9 2021<\/p>\n","protected":false},"featured_media":11974,"comment_status":"open","ping_status":"open","template":"","meta":{"_joinchat":[]},"product_cat":[124],"product_tag":[125,70],"class_list":{"0":"post-11973","1":"product","2":"type-product","3":"status-publish","4":"has-post-thumbnail","6":"product_cat-hematologia","7":"product_tag-hematologia","8":"product_tag-panamericana","10":"first","11":"instock","12":"featured","13":"taxable","14":"shipping-taxable","15":"purchasable","16":"product-type-simple"},"_links":{"self":[{"href":"https:\/\/edimeinter.com\/libreria\/wp-json\/wp\/v2\/product\/11973","targetHints":{"allow":["GET"]}}],"collection":[{"href":"https:\/\/edimeinter.com\/libreria\/wp-json\/wp\/v2\/product"}],"about":[{"href":"https:\/\/edimeinter.com\/libreria\/wp-json\/wp\/v2\/types\/product"}],"replies":[{"embeddable":true,"href":"https:\/\/edimeinter.com\/libreria\/wp-json\/wp\/v2\/comments?post=11973"}],"version-history":[{"count":2,"href":"https:\/\/edimeinter.com\/libreria\/wp-json\/wp\/v2\/product\/11973\/revisions"}],"predecessor-version":[{"id":15296,"href":"https:\/\/edimeinter.com\/libreria\/wp-json\/wp\/v2\/product\/11973\/revisions\/15296"}],"wp:featuredmedia":[{"embeddable":true,"href":"https:\/\/edimeinter.com\/libreria\/wp-json\/wp\/v2\/media\/11974"}],"wp:attachment":[{"href":"https:\/\/edimeinter.com\/libreria\/wp-json\/wp\/v2\/media?parent=11973"}],"wp:term":[{"taxonomy":"product_cat","embeddable":true,"href":"https:\/\/edimeinter.com\/libreria\/wp-json\/wp\/v2\/product_cat?post=11973"},{"taxonomy":"product_tag","embeddable":true,"href":"https:\/\/edimeinter.com\/libreria\/wp-json\/wp\/v2\/product_tag?post=11973"}],"curies":[{"name":"wp","href":"https:\/\/api.w.org\/{rel}","templated":true}]}}