{"id":11979,"date":"2025-02-10T18:59:34","date_gmt":"2025-02-10T18:59:34","guid":{"rendered":"https:\/\/edimeinter.com\/libreria\/?post_type=product&#038;p=11979"},"modified":"2025-03-04T15:30:21","modified_gmt":"2025-03-04T15:30:21","slug":"medicina-legal-y-toxicologia-1a-edicion","status":"publish","type":"product","link":"https:\/\/edimeinter.com\/libreria\/product\/medicina-legal-y-toxicologia-1a-edicion\/","title":{"rendered":"Medicina Legal y Toxicolog\u00eda. 1\u00aa Edici\u00f3n"},"content":{"rendered":"\t\t<div data-elementor-type=\"wp-post\" data-elementor-id=\"11979\" class=\"elementor elementor-11979\">\n\t\t\t\t<div class=\"elementor-element elementor-element-2612b12 e-flex e-con-boxed e-con e-parent\" data-id=\"2612b12\" data-element_type=\"container\" data-e-type=\"container\">\n\t\t\t\t\t<div class=\"e-con-inner\">\n\t\t\n\t\t<div class=\"elementor-element elementor-element-498707ae elementor-widget elementor-widget-text-editor\" data-id=\"498707ae\" data-element_type=\"widget\" data-e-type=\"widget\" data-widget_type=\"text-editor.default\">\n\t\t\t\t<div class=\"elementor-widget-container\">\n\t\t\t\t\t\t\t\t\t<div role=\"tabpanel\" aria-labelledby=\"ui-id-2\" aria-hidden=\"false\"><div data-style=\"accordion-style\" data-initialindex=\"0\"><p>Esta obra pertenece a la colecci\u00f3n\u00a0<i>Lecciones de Medicina<\/i>\u00a0y nace con la vocaci\u00f3n de facilitar la formaci\u00f3n de los alumnos del segundo ciclo del grado de Medicina, que deben compatibilizar el estudio de las materias te\u00f3ricas con pr\u00e1cticas cl\u00ednicas en horarios prolongados y dispersi\u00f3n geogr\u00e1fica.<\/p><p><i>Medicina Legal y Toxicolog\u00eda<\/i>\u00a0es un compendio de tres cuerpos doctrinales que, aunque pudieran parecer compartimentos estancos, tienen relaci\u00f3n directa. La Medicina Forense estudia todo lo relacionado con aspectos potencialmente judiciales de la medicina, como puedan ser las lesiones, las agresiones y la muerte, as\u00ed como el estudio del cad\u00e1ver; la Medicina Legal estudia la legislaci\u00f3n que afecta al ejercicio de la medicina, as\u00ed como los conceptos principales del derecho m\u00e9dico, y el \u00faltimo bloque corresponde a la Toxicolog\u00eda Cl\u00ednica, que tiene un componente m\u00e1s asistencial y cl\u00ednico, donde se revisan las intoxicaciones m\u00e1s frecuentes, su repercusi\u00f3n, su diagn\u00f3stico y su tratamiento, as\u00ed como el abordaje pr\u00e1ctico del paciente intoxicado.<\/p><p>Este es, por lo tanto, un libro transversal y que cualquier m\u00e9dico puede obtener utilidad de \u00e9l, independientemente de su especialidad o del \u00e1mbito donde desarrolle su profesi\u00f3n.<\/p><p>La presente colecci\u00f3n estructura cada asignatura en temas correspondientes a una lecci\u00f3n o clase presencial, de manera que puedan seguir f\u00e1cilmente el estudio diario, necesario en una carrera de fondo como es Medicina.<\/p><\/div><\/div>\t\t\t\t\t\t\t\t<\/div>\n\t\t\t\t<\/div>\n\t\t\t\t\t<\/div>\n\t\t\t\t<\/div>\n\t\t\t\t<\/div>\n\t\t","protected":false},"excerpt":{"rendered":"<p><strong>Autores:<\/strong>\u00a0\u00c1ngel Nieto S\u00e1nchez<br \/>\n<strong>ISBN:<\/strong>\u00a09788491106647<br \/>\n<strong>Editorial:<\/strong>\u00a0Panamericana<br \/>\n<strong>Edici\u00f3n:<\/strong>\u00a01\u00aa<br \/>\n<strong>Especialidad<\/strong>: Medicina Legal<br \/>\n\u00a9 2020<\/p>\n","protected":false},"featured_media":11980,"comment_status":"open","ping_status":"open","template":"","meta":{"_joinchat":[]},"product_cat":[142],"product_tag":[143,70],"class_list":{"0":"post-11979","1":"product","2":"type-product","3":"status-publish","4":"has-post-thumbnail","6":"product_cat-medicina-legal-y-forense","7":"product_tag-medicina-legal-y-forense","8":"product_tag-panamericana","10":"first","11":"instock","12":"featured","13":"taxable","14":"shipping-taxable","15":"purchasable","16":"product-type-simple"},"_links":{"self":[{"href":"https:\/\/edimeinter.com\/libreria\/wp-json\/wp\/v2\/product\/11979","targetHints":{"allow":["GET"]}}],"collection":[{"href":"https:\/\/edimeinter.com\/libreria\/wp-json\/wp\/v2\/product"}],"about":[{"href":"https:\/\/edimeinter.com\/libreria\/wp-json\/wp\/v2\/types\/product"}],"replies":[{"embeddable":true,"href":"https:\/\/edimeinter.com\/libreria\/wp-json\/wp\/v2\/comments?post=11979"}],"version-history":[{"count":1,"href":"https:\/\/edimeinter.com\/libreria\/wp-json\/wp\/v2\/product\/11979\/revisions"}],"predecessor-version":[{"id":15297,"href":"https:\/\/edimeinter.com\/libreria\/wp-json\/wp\/v2\/product\/11979\/revisions\/15297"}],"wp:featuredmedia":[{"embeddable":true,"href":"https:\/\/edimeinter.com\/libreria\/wp-json\/wp\/v2\/media\/11980"}],"wp:attachment":[{"href":"https:\/\/edimeinter.com\/libreria\/wp-json\/wp\/v2\/media?parent=11979"}],"wp:term":[{"taxonomy":"product_cat","embeddable":true,"href":"https:\/\/edimeinter.com\/libreria\/wp-json\/wp\/v2\/product_cat?post=11979"},{"taxonomy":"product_tag","embeddable":true,"href":"https:\/\/edimeinter.com\/libreria\/wp-json\/wp\/v2\/product_tag?post=11979"}],"curies":[{"name":"wp","href":"https:\/\/api.w.org\/{rel}","templated":true}]}}