{"id":11985,"date":"2025-02-10T19:02:17","date_gmt":"2025-02-10T19:02:17","guid":{"rendered":"https:\/\/edimeinter.com\/libreria\/?post_type=product&#038;p=11985"},"modified":"2025-03-04T15:31:37","modified_gmt":"2025-03-04T15:31:37","slug":"imagen-diagnostica-en-pediatria-1a-edicion","status":"publish","type":"product","link":"https:\/\/edimeinter.com\/libreria\/product\/imagen-diagnostica-en-pediatria-1a-edicion\/","title":{"rendered":"Imagen Diagn\u00f3stica en Pediatr\u00eda. 1\u00aa Edici\u00f3n"},"content":{"rendered":"\t\t<div data-elementor-type=\"wp-post\" data-elementor-id=\"11985\" class=\"elementor elementor-11985\">\n\t\t\t\t<div class=\"elementor-element elementor-element-2612b12 e-flex e-con-boxed e-con e-parent\" data-id=\"2612b12\" data-element_type=\"container\" data-e-type=\"container\">\n\t\t\t\t\t<div class=\"e-con-inner\">\n\t\t\n\t\t<div class=\"elementor-element elementor-element-498707ae elementor-widget elementor-widget-text-editor\" data-id=\"498707ae\" data-element_type=\"widget\" data-e-type=\"widget\" data-widget_type=\"text-editor.default\">\n\t\t\t\t<div class=\"elementor-widget-container\">\n\t\t\t\t\t\t\t\t\t<div role=\"tabpanel\" aria-labelledby=\"ui-id-2\" aria-hidden=\"false\"><div data-style=\"accordion-style\" data-initialindex=\"0\"><p>En la actualidad, la imagen es una herramienta diagn\u00f3stica principal en la pr\u00e1ctica cl\u00ednica hospitalaria. La dificultad en la anamnesis y en la exploraci\u00f3n de la poblaci\u00f3n pedi\u00e1trica convierten al radi\u00f3logo en una pieza clave del proceso asistencial. El aprendizaje de las particularidades del manejo de los ni\u00f1os, de la fisiopatolog\u00eda y de las manifestaciones en imagen de las enfermedades pedi\u00e1tricas es todo un reto para m\u00e9dicos residentes y adjuntos en formaci\u00f3n.<\/p><p>Se incluyen los temas de mayor relevancia cl\u00ednica en la patolog\u00eda neonatal, del lactante, del ni\u00f1o y adolescente ordenadas en secciones. Adem\u00e1s, cuenta con dos secciones de gran impacto para la toma de decisiones y de creciente inter\u00e9s, como son el de patolog\u00eda fetal y el de medicina nuclear. Algunos temas tienen un claro enfoque cl\u00ednico para reproducir la pr\u00e1ctica asistencial del radi\u00f3logo: el traumatismo no accidental, la infecci\u00f3n osteoarticular o la hidrocefalia. Tambi\u00e9n se abordan las patolog\u00edas menos frecuentes y de diagn\u00f3stico complejo que requieren un estudio espec\u00edfico como son la patolog\u00eda card\u00edaca, las displasias \u00f3seas, la patolog\u00eda orbitaria o la patolog\u00eda de la gl\u00e1ndula mamaria.<\/p><\/div><\/div>\t\t\t\t\t\t\t\t<\/div>\n\t\t\t\t<\/div>\n\t\t\t\t\t<\/div>\n\t\t\t\t<\/div>\n\t\t\t\t<\/div>\n\t\t","protected":false},"excerpt":{"rendered":"<p><strong>Autores:<\/strong>\u00a0Alejandro Montoya Filardi,Roberto Llorens Salvador,Francisco Menor Serrano,Cinta Sang\u00fcesa Nebot<br \/>\n<strong>ISBN:<\/strong>\u00a09788491106296<br \/>\n<strong>Editorial:<\/strong>\u00a0Panamericana<br \/>\n<strong>Edici\u00f3n:<\/strong>\u00a01\u00aa<br \/>\n<strong>Especialidad<\/strong>: Diagn\u00f3stico por Im\u00e1genes<br \/>\n<strong>P\u00e1ginas:\u00a0<\/strong>620<br \/>\n\u00a9 2021<\/p>\n","protected":false},"featured_media":11986,"comment_status":"open","ping_status":"open","template":"","meta":{"_joinchat":[]},"product_cat":[80],"product_tag":[81,70],"class_list":{"0":"post-11985","1":"product","2":"type-product","3":"status-publish","4":"has-post-thumbnail","6":"product_cat-diagnostico-por-imagenes","7":"product_tag-diagnostico-por-imagenes","8":"product_tag-panamericana","10":"first","11":"instock","12":"featured","13":"taxable","14":"shipping-taxable","15":"purchasable","16":"product-type-simple"},"_links":{"self":[{"href":"https:\/\/edimeinter.com\/libreria\/wp-json\/wp\/v2\/product\/11985","targetHints":{"allow":["GET"]}}],"collection":[{"href":"https:\/\/edimeinter.com\/libreria\/wp-json\/wp\/v2\/product"}],"about":[{"href":"https:\/\/edimeinter.com\/libreria\/wp-json\/wp\/v2\/types\/product"}],"replies":[{"embeddable":true,"href":"https:\/\/edimeinter.com\/libreria\/wp-json\/wp\/v2\/comments?post=11985"}],"version-history":[{"count":1,"href":"https:\/\/edimeinter.com\/libreria\/wp-json\/wp\/v2\/product\/11985\/revisions"}],"predecessor-version":[{"id":15298,"href":"https:\/\/edimeinter.com\/libreria\/wp-json\/wp\/v2\/product\/11985\/revisions\/15298"}],"wp:featuredmedia":[{"embeddable":true,"href":"https:\/\/edimeinter.com\/libreria\/wp-json\/wp\/v2\/media\/11986"}],"wp:attachment":[{"href":"https:\/\/edimeinter.com\/libreria\/wp-json\/wp\/v2\/media?parent=11985"}],"wp:term":[{"taxonomy":"product_cat","embeddable":true,"href":"https:\/\/edimeinter.com\/libreria\/wp-json\/wp\/v2\/product_cat?post=11985"},{"taxonomy":"product_tag","embeddable":true,"href":"https:\/\/edimeinter.com\/libreria\/wp-json\/wp\/v2\/product_tag?post=11985"}],"curies":[{"name":"wp","href":"https:\/\/api.w.org\/{rel}","templated":true}]}}