{"id":11992,"date":"2025-02-10T19:07:22","date_gmt":"2025-02-10T19:07:22","guid":{"rendered":"https:\/\/edimeinter.com\/libreria\/?post_type=product&#038;p=11992"},"modified":"2025-03-04T15:51:22","modified_gmt":"2025-03-04T15:51:22","slug":"urologia-y-nefrologia-1a-edicion","status":"publish","type":"product","link":"https:\/\/edimeinter.com\/libreria\/product\/urologia-y-nefrologia-1a-edicion\/","title":{"rendered":"Urolog\u00eda y Nefrolog\u00eda. 1\u00aa Edici\u00f3n"},"content":{"rendered":"\t\t<div data-elementor-type=\"wp-post\" data-elementor-id=\"11992\" class=\"elementor elementor-11992\">\n\t\t\t\t<div class=\"elementor-element elementor-element-2612b12 e-flex e-con-boxed e-con e-parent\" data-id=\"2612b12\" data-element_type=\"container\" data-e-type=\"container\">\n\t\t\t\t\t<div class=\"e-con-inner\">\n\t\t\n\t\t<div class=\"elementor-element elementor-element-498707ae elementor-widget elementor-widget-text-editor\" data-id=\"498707ae\" data-element_type=\"widget\" data-e-type=\"widget\" data-widget_type=\"text-editor.default\">\n\t\t\t\t<div class=\"elementor-widget-container\">\n\t\t\t\t\t\t\t\t\t<div role=\"tabpanel\" aria-labelledby=\"ui-id-2\" aria-hidden=\"false\"><div data-style=\"accordion-style\" data-initialindex=\"0\"><p>Esta obra pertenece a la colecci\u00f3n\u00a0<i>Lecciones de Medicina<\/i>\u00a0y nace con la vocaci\u00f3n de facilitar la formaci\u00f3n de los alumnos del segundo ciclo del grado de Medicina, que deben compatibilizar el estudio de las materias te\u00f3ricas con pr\u00e1cticas cl\u00ednicas en horarios prolongados y dispersi\u00f3n geogr\u00e1fica.<\/p><p>La presente obra,\u00a0<i>Urolog\u00eda y Nefrolog\u00eda<\/i>, est\u00e1 compuesta por dos secciones claramente definidas. En la secci\u00f3n de urolog\u00eda se pasa revista a la semiolog\u00eda y a las t\u00e9cnicas diagn\u00f3sticas utilizadas por ella, as\u00ed como a las diferentes patolog\u00edas del tracto urinario y del aparato genital masculino, tanto funcionales como estructurales. La secci\u00f3n de nefrolog\u00eda incluye en primer lugar un resumen de la anatom\u00eda y fisiolog\u00eda renal y en segundo lugar aborda la patolog\u00eda que afecta a las diferentes estructuras renales: glom\u00e9rulos, t\u00fabulos, intersticio y vasos.<\/p><p>La presente colecci\u00f3n estructura cada asignatura en temas correspondientes a una lecci\u00f3n o clase presencial, de manera que puedan seguir f\u00e1cilmente el estudio diario, necesario en una carrera de fondo como es Medicina.<\/p><\/div><\/div>\t\t\t\t\t\t\t\t<\/div>\n\t\t\t\t<\/div>\n\t\t\t\t\t<\/div>\n\t\t\t\t<\/div>\n\t\t\t\t<\/div>\n\t\t","protected":false},"excerpt":{"rendered":"<p><strong>Autores:<\/strong>\u00a0Lu\u00eds Llanes Gonz\u00e1lez,Vicente Para\u00edso Cuevas<br \/>\n<strong>ISBN:<\/strong>\u00a09788491106685<br \/>\n<strong>Editorial:<\/strong>\u00a0Panamericana<br \/>\n<strong>Edici\u00f3n:<\/strong>\u00a01\u00aa<br \/>\n<strong>Especialidad<\/strong>: Nefrolog\u00eda<br \/>\n<strong>P\u00e1ginas:\u00a0<\/strong>240<br \/>\n\u00a9 2021<\/p>\n","protected":false},"featured_media":11993,"comment_status":"open","ping_status":"open","template":"","meta":{"_joinchat":[]},"product_cat":[113],"product_tag":[114,70],"class_list":{"0":"post-11992","1":"product","2":"type-product","3":"status-publish","4":"has-post-thumbnail","6":"product_cat-nefrologia-clinica","7":"product_tag-nefrologia-clinica","8":"product_tag-panamericana","10":"first","11":"instock","12":"featured","13":"taxable","14":"shipping-taxable","15":"purchasable","16":"product-type-simple"},"_links":{"self":[{"href":"https:\/\/edimeinter.com\/libreria\/wp-json\/wp\/v2\/product\/11992","targetHints":{"allow":["GET"]}}],"collection":[{"href":"https:\/\/edimeinter.com\/libreria\/wp-json\/wp\/v2\/product"}],"about":[{"href":"https:\/\/edimeinter.com\/libreria\/wp-json\/wp\/v2\/types\/product"}],"replies":[{"embeddable":true,"href":"https:\/\/edimeinter.com\/libreria\/wp-json\/wp\/v2\/comments?post=11992"}],"version-history":[{"count":1,"href":"https:\/\/edimeinter.com\/libreria\/wp-json\/wp\/v2\/product\/11992\/revisions"}],"predecessor-version":[{"id":15300,"href":"https:\/\/edimeinter.com\/libreria\/wp-json\/wp\/v2\/product\/11992\/revisions\/15300"}],"wp:featuredmedia":[{"embeddable":true,"href":"https:\/\/edimeinter.com\/libreria\/wp-json\/wp\/v2\/media\/11993"}],"wp:attachment":[{"href":"https:\/\/edimeinter.com\/libreria\/wp-json\/wp\/v2\/media?parent=11992"}],"wp:term":[{"taxonomy":"product_cat","embeddable":true,"href":"https:\/\/edimeinter.com\/libreria\/wp-json\/wp\/v2\/product_cat?post=11992"},{"taxonomy":"product_tag","embeddable":true,"href":"https:\/\/edimeinter.com\/libreria\/wp-json\/wp\/v2\/product_tag?post=11992"}],"curies":[{"name":"wp","href":"https:\/\/api.w.org\/{rel}","templated":true}]}}