{"id":11998,"date":"2025-02-10T19:10:48","date_gmt":"2025-02-10T19:10:48","guid":{"rendered":"https:\/\/edimeinter.com\/libreria\/?post_type=product&#038;p=11998"},"modified":"2025-03-04T15:52:22","modified_gmt":"2025-03-04T15:52:22","slug":"geriatria-lecciones-de-medicina-1a-edicion","status":"publish","type":"product","link":"https:\/\/edimeinter.com\/libreria\/product\/geriatria-lecciones-de-medicina-1a-edicion\/","title":{"rendered":"Geriatr\u00eda. Lecciones de medicina. 1\u00aa Edici\u00f3n"},"content":{"rendered":"\t\t<div data-elementor-type=\"wp-post\" data-elementor-id=\"11998\" class=\"elementor elementor-11998\">\n\t\t\t\t<div class=\"elementor-element elementor-element-2612b12 e-flex e-con-boxed e-con e-parent\" data-id=\"2612b12\" data-element_type=\"container\" data-e-type=\"container\">\n\t\t\t\t\t<div class=\"e-con-inner\">\n\t\t\n\t\t<div class=\"elementor-element elementor-element-498707ae elementor-widget elementor-widget-text-editor\" data-id=\"498707ae\" data-element_type=\"widget\" data-e-type=\"widget\" data-widget_type=\"text-editor.default\">\n\t\t\t\t<div class=\"elementor-widget-container\">\n\t\t\t\t\t\t\t\t\t<div role=\"tabpanel\" aria-labelledby=\"ui-id-2\" aria-hidden=\"false\"><div data-style=\"accordion-style\" data-initialindex=\"0\"><p><i>Lecciones de Medicina<\/i>\u00a0nace con la vocaci\u00f3n de facilitar la formaci\u00f3n de los alumnos del segundo ciclo del grado de Medicina, que deben compatibilizar el estudio de las materias te\u00f3ricas con pr\u00e1cticas cl\u00ednicas en horarios prolongados y dispersi\u00f3n geogr\u00e1fica.<\/p><p>Geriatr\u00eda aborda el trato al paciente mayor, las problem\u00e1ticas asociadas al envejecimiento y las diferencias de trato y tratamiento con el adulto. Adem\u00e1s, ense\u00f1a al alumno c\u00f3mo hacer una valoraci\u00f3n global del paciente anciano en todas sus esferas para realizar una correcta valoraci\u00f3n geri\u00e1trica integral, que le permita un mejor enfoque y ubicar al anciano en el lugar m\u00e1s correcto. Tambi\u00e9n estudia las causas y evaluaci\u00f3n del dolor en pacientes de edad avanzada para conseguir su control.<\/p><p>La presente colecci\u00f3n estructura cada asignatura en temas correspondientes a una lecci\u00f3n o clase presencial, de manera que puedan seguir f\u00e1cilmente el estudio diario, necesario en una carrera de fondo como es Medicina.<\/p><\/div><\/div>\t\t\t\t\t\t\t\t<\/div>\n\t\t\t\t<\/div>\n\t\t\t\t\t<\/div>\n\t\t\t\t<\/div>\n\t\t\t\t<\/div>\n\t\t","protected":false},"excerpt":{"rendered":"<p><strong>Autores:<\/strong>\u00a0Mar\u00eda Herrera Abi\u00e1n<br \/>\n<strong>ISBN:<\/strong>\u00a09788491106586<br \/>\n<strong>Editorial:<\/strong>\u00a0Panamericana<br \/>\n<strong>Edici\u00f3n:<\/strong>\u00a01\u00aa<br \/>\n<strong>Especialidad<\/strong>: Geriatr\u00eda<br \/>\n<strong>P\u00e1ginas:\u00a0<\/strong>94<br \/>\n\u00a9 2021<\/p>\n","protected":false},"featured_media":11999,"comment_status":"open","ping_status":"open","template":"","meta":{"_joinchat":[]},"product_cat":[195],"product_tag":[196,70],"class_list":{"0":"post-11998","1":"product","2":"type-product","3":"status-publish","4":"has-post-thumbnail","6":"product_cat-geriatria","7":"product_tag-geriatria","8":"product_tag-panamericana","10":"first","11":"instock","12":"featured","13":"taxable","14":"shipping-taxable","15":"purchasable","16":"product-type-simple"},"_links":{"self":[{"href":"https:\/\/edimeinter.com\/libreria\/wp-json\/wp\/v2\/product\/11998","targetHints":{"allow":["GET"]}}],"collection":[{"href":"https:\/\/edimeinter.com\/libreria\/wp-json\/wp\/v2\/product"}],"about":[{"href":"https:\/\/edimeinter.com\/libreria\/wp-json\/wp\/v2\/types\/product"}],"replies":[{"embeddable":true,"href":"https:\/\/edimeinter.com\/libreria\/wp-json\/wp\/v2\/comments?post=11998"}],"version-history":[{"count":1,"href":"https:\/\/edimeinter.com\/libreria\/wp-json\/wp\/v2\/product\/11998\/revisions"}],"predecessor-version":[{"id":15301,"href":"https:\/\/edimeinter.com\/libreria\/wp-json\/wp\/v2\/product\/11998\/revisions\/15301"}],"wp:featuredmedia":[{"embeddable":true,"href":"https:\/\/edimeinter.com\/libreria\/wp-json\/wp\/v2\/media\/11999"}],"wp:attachment":[{"href":"https:\/\/edimeinter.com\/libreria\/wp-json\/wp\/v2\/media?parent=11998"}],"wp:term":[{"taxonomy":"product_cat","embeddable":true,"href":"https:\/\/edimeinter.com\/libreria\/wp-json\/wp\/v2\/product_cat?post=11998"},{"taxonomy":"product_tag","embeddable":true,"href":"https:\/\/edimeinter.com\/libreria\/wp-json\/wp\/v2\/product_tag?post=11998"}],"curies":[{"name":"wp","href":"https:\/\/api.w.org\/{rel}","templated":true}]}}