{"id":12011,"date":"2025-02-10T19:15:24","date_gmt":"2025-02-10T19:15:24","guid":{"rendered":"https:\/\/edimeinter.com\/libreria\/?post_type=product&#038;p=12011"},"modified":"2025-03-04T15:56:12","modified_gmt":"2025-03-04T15:56:12","slug":"nutricion-en-pediatria-2a-edicion","status":"publish","type":"product","link":"https:\/\/edimeinter.com\/libreria\/product\/nutricion-en-pediatria-2a-edicion\/","title":{"rendered":"Nutrici\u00f3n en Pediatr\u00eda. 2\u00aa Edici\u00f3n"},"content":{"rendered":"\t\t<div data-elementor-type=\"wp-post\" data-elementor-id=\"12011\" class=\"elementor elementor-12011\">\n\t\t\t\t<div class=\"elementor-element elementor-element-2612b12 e-flex e-con-boxed e-con e-parent\" data-id=\"2612b12\" data-element_type=\"container\" data-e-type=\"container\">\n\t\t\t\t\t<div class=\"e-con-inner\">\n\t\t\n\t\t<div class=\"elementor-element elementor-element-498707ae elementor-widget elementor-widget-text-editor\" data-id=\"498707ae\" data-element_type=\"widget\" data-e-type=\"widget\" data-widget_type=\"text-editor.default\">\n\t\t\t\t<div class=\"elementor-widget-container\">\n\t\t\t\t\t\t\t\t\t<div role=\"tabpanel\" aria-labelledby=\"ui-id-2\" aria-hidden=\"false\"><div data-style=\"accordion-style\" data-initialindex=\"0\"><p>En esta segunda edici\u00f3n de Nutrici\u00f3n en Pediatr\u00eda, Bases para la pr\u00e1ctica cl\u00ednica en ni\u00f1os sanos y enfermos, sus autoras, D\u00e9bora Setton y Adriana Fern\u00e1ndez, han mantenido los aciertos de la primera edici\u00f3n al desarrollar un enorme y cuidadoso trabajo para abordar todos los temas de la nutrici\u00f3n en la pr\u00e1ctica cl\u00ednica pedi\u00e1trica. Adem\u00e1s, la han enriquecido y actualizado con informaci\u00f3n novedosa y contenidos de disciplinas afines que ampl\u00edan el enfoque de los pacientes con una mirada biopsicosocial y acortan la brecha entre la disponibilidad permanente de nueva informaci\u00f3n y su aplicaci\u00f3n a la atenci\u00f3n pedi\u00e1trica cotidiana.<\/p><\/div><\/div>\t\t\t\t\t\t\t\t<\/div>\n\t\t\t\t<\/div>\n\t\t\t\t\t<\/div>\n\t\t\t\t<\/div>\n\t\t\t\t<\/div>\n\t\t","protected":false},"excerpt":{"rendered":"<p><strong>Autores:<\/strong>\u00a0D\u00e9bora Setton, Adriana Fern\u00e1ndez<br \/>\n<strong>ISBN:<\/strong>\u00a09789500696524<br \/>\n<strong>Editorial:<\/strong>\u00a0Panamericana<br \/>\n<strong>Edici\u00f3n:<\/strong>\u00a02\u00aa<br \/>\n<strong>Especialidad<\/strong>: Nutrici\u00f3n<br \/>\n<strong>P\u00e1ginas:\u00a0<\/strong>687<br \/>\n\u00a9 2021<\/p>\n","protected":false},"featured_media":12012,"comment_status":"open","ping_status":"open","template":"","meta":{"_joinchat":[]},"product_cat":[106],"product_tag":[107,70],"class_list":{"0":"post-12011","1":"product","2":"type-product","3":"status-publish","4":"has-post-thumbnail","6":"product_cat-nutricion-y-dietoterapia","7":"product_tag-nutricion-y-dietoterapia","8":"product_tag-panamericana","10":"first","11":"outofstock","12":"featured","13":"taxable","14":"shipping-taxable","15":"purchasable","16":"product-type-simple"},"_links":{"self":[{"href":"https:\/\/edimeinter.com\/libreria\/wp-json\/wp\/v2\/product\/12011","targetHints":{"allow":["GET"]}}],"collection":[{"href":"https:\/\/edimeinter.com\/libreria\/wp-json\/wp\/v2\/product"}],"about":[{"href":"https:\/\/edimeinter.com\/libreria\/wp-json\/wp\/v2\/types\/product"}],"replies":[{"embeddable":true,"href":"https:\/\/edimeinter.com\/libreria\/wp-json\/wp\/v2\/comments?post=12011"}],"version-history":[{"count":1,"href":"https:\/\/edimeinter.com\/libreria\/wp-json\/wp\/v2\/product\/12011\/revisions"}],"predecessor-version":[{"id":15303,"href":"https:\/\/edimeinter.com\/libreria\/wp-json\/wp\/v2\/product\/12011\/revisions\/15303"}],"wp:featuredmedia":[{"embeddable":true,"href":"https:\/\/edimeinter.com\/libreria\/wp-json\/wp\/v2\/media\/12012"}],"wp:attachment":[{"href":"https:\/\/edimeinter.com\/libreria\/wp-json\/wp\/v2\/media?parent=12011"}],"wp:term":[{"taxonomy":"product_cat","embeddable":true,"href":"https:\/\/edimeinter.com\/libreria\/wp-json\/wp\/v2\/product_cat?post=12011"},{"taxonomy":"product_tag","embeddable":true,"href":"https:\/\/edimeinter.com\/libreria\/wp-json\/wp\/v2\/product_tag?post=12011"}],"curies":[{"name":"wp","href":"https:\/\/api.w.org\/{rel}","templated":true}]}}