{"id":12018,"date":"2025-02-10T19:17:23","date_gmt":"2025-02-10T19:17:23","guid":{"rendered":"https:\/\/edimeinter.com\/libreria\/?post_type=product&#038;p=12018"},"modified":"2025-03-04T15:57:12","modified_gmt":"2025-03-04T15:57:12","slug":"acceso-transabdominal-al-retroperitoneo-1a-edicion","status":"publish","type":"product","link":"https:\/\/edimeinter.com\/libreria\/product\/acceso-transabdominal-al-retroperitoneo-1a-edicion\/","title":{"rendered":"Acceso Transabdominal al Retroperitoneo. 1\u00aa Edici\u00f3n"},"content":{"rendered":"\t\t<div data-elementor-type=\"wp-post\" data-elementor-id=\"12018\" class=\"elementor elementor-12018\">\n\t\t\t\t<div class=\"elementor-element elementor-element-2612b12 e-flex e-con-boxed e-con e-parent\" data-id=\"2612b12\" data-element_type=\"container\" data-e-type=\"container\">\n\t\t\t\t\t<div class=\"e-con-inner\">\n\t\t\n\t\t<div class=\"elementor-element elementor-element-498707ae elementor-widget elementor-widget-text-editor\" data-id=\"498707ae\" data-element_type=\"widget\" data-e-type=\"widget\" data-widget_type=\"text-editor.default\">\n\t\t\t\t<div class=\"elementor-widget-container\">\n\t\t\t\t\t\t\t\t\t<div role=\"tabpanel\" aria-labelledby=\"ui-id-2\" aria-hidden=\"false\"><div data-style=\"accordion-style\" data-initialindex=\"0\"><p>En la actualidad, la patolog\u00eda del retroperitoneo se aborda de forma multidisciplinar por cirujanos de diferentes especialidades quir\u00fargicas.<\/p><p>Esta obra surge con la intenci\u00f3n de servir de referente para aquellos profesionales interesados en el tratamiento quir\u00fargico de las enfermedades del retroperitoneo abdominal y p\u00e9lvico.<\/p><p><em>Acceso Transabdominal al Retroperitoneo<\/em>\u00a0est\u00e1 dividida en dos secciones. Una primera secci\u00f3n dedicada a la anatom\u00eda, la instrumentaci\u00f3n y la t\u00e9cnica quir\u00fargica y una segunda secci\u00f3n donde se desarrollan las maniobras quir\u00fargicas espec\u00edficas y se profundiza en una selecci\u00f3n de casos paradigm\u00e1ticos.<\/p><p>Incluye adem\u00e1s temas in\u00e9ditos en la literatura cient\u00edfica:<\/p><ul><li>Una nueva clasificaci\u00f3n anatomo-quir\u00fargica del retroperitoneo<\/li><li>Una nueva t\u00e9cnica de grabaci\u00f3n del acceso transabdominal al retroperitoneo<\/li><li>La atenci\u00f3n integral de la enfermer\u00eda quir\u00fargica en la cirug\u00eda del retroperitoneo<\/li><li>El arte de la separaci\u00f3n quir\u00fargica y la cirug\u00eda \u201cmanos libres\u201d<\/li><li>T\u00e1ctica y t\u00e9cnicas quir\u00fargicas aconsejadas en cirug\u00eda transabdominal al retroperitoneo.<\/li><\/ul><p>Para facilitar la visualizaci\u00f3n de los v\u00eddeos relacionados con las t\u00e9cnicas descritas en el libro, se han introducido en el propio texto los c\u00f3digos QR que llevan al lector a la visualizaci\u00f3n directa de los mismos.<\/p><\/div><\/div>\t\t\t\t\t\t\t\t<\/div>\n\t\t\t\t<\/div>\n\t\t\t\t\t<\/div>\n\t\t\t\t<\/div>\n\t\t\t\t<\/div>\n\t\t","protected":false},"excerpt":{"rendered":"<p><strong>Autores:<\/strong>\u00a0Alberto G\u00f3mez Portilla<br \/>\n<strong>ISBN:<\/strong>\u00a09788491106470<br \/>\n<strong>Editorial:<\/strong>\u00a0Panamericana<br \/>\n<strong>Edici\u00f3n:<\/strong>\u00a01\u00aa<br \/>\n<strong>Especialidad<\/strong>: Cirug\u00eda<br \/>\n<strong>P\u00e1ginas:\u00a0<\/strong>206<br \/>\n\u00a9 2021<\/p>\n","protected":false},"featured_media":12019,"comment_status":"open","ping_status":"open","template":"","meta":{"_joinchat":[]},"product_cat":[175],"product_tag":[176,70],"class_list":{"0":"post-12018","1":"product","2":"type-product","3":"status-publish","4":"has-post-thumbnail","6":"product_cat-cirugia","7":"product_tag-cirugia","8":"product_tag-panamericana","10":"first","11":"instock","12":"featured","13":"taxable","14":"shipping-taxable","15":"purchasable","16":"product-type-simple"},"_links":{"self":[{"href":"https:\/\/edimeinter.com\/libreria\/wp-json\/wp\/v2\/product\/12018","targetHints":{"allow":["GET"]}}],"collection":[{"href":"https:\/\/edimeinter.com\/libreria\/wp-json\/wp\/v2\/product"}],"about":[{"href":"https:\/\/edimeinter.com\/libreria\/wp-json\/wp\/v2\/types\/product"}],"replies":[{"embeddable":true,"href":"https:\/\/edimeinter.com\/libreria\/wp-json\/wp\/v2\/comments?post=12018"}],"version-history":[{"count":1,"href":"https:\/\/edimeinter.com\/libreria\/wp-json\/wp\/v2\/product\/12018\/revisions"}],"predecessor-version":[{"id":15304,"href":"https:\/\/edimeinter.com\/libreria\/wp-json\/wp\/v2\/product\/12018\/revisions\/15304"}],"wp:featuredmedia":[{"embeddable":true,"href":"https:\/\/edimeinter.com\/libreria\/wp-json\/wp\/v2\/media\/12019"}],"wp:attachment":[{"href":"https:\/\/edimeinter.com\/libreria\/wp-json\/wp\/v2\/media?parent=12018"}],"wp:term":[{"taxonomy":"product_cat","embeddable":true,"href":"https:\/\/edimeinter.com\/libreria\/wp-json\/wp\/v2\/product_cat?post=12018"},{"taxonomy":"product_tag","embeddable":true,"href":"https:\/\/edimeinter.com\/libreria\/wp-json\/wp\/v2\/product_tag?post=12018"}],"curies":[{"name":"wp","href":"https:\/\/api.w.org\/{rel}","templated":true}]}}