{"id":12024,"date":"2025-02-10T19:20:01","date_gmt":"2025-02-10T19:20:01","guid":{"rendered":"https:\/\/edimeinter.com\/libreria\/?post_type=product&#038;p=12024"},"modified":"2025-03-04T15:58:21","modified_gmt":"2025-03-04T15:58:21","slug":"500-anestesias-1a-edicion","status":"publish","type":"product","link":"https:\/\/edimeinter.com\/libreria\/product\/500-anestesias-1a-edicion\/","title":{"rendered":"500 Anestesias. 1\u00aa Edici\u00f3n"},"content":{"rendered":"\t\t<div data-elementor-type=\"wp-post\" data-elementor-id=\"12024\" class=\"elementor elementor-12024\">\n\t\t\t\t<div class=\"elementor-element elementor-element-2612b12 e-flex e-con-boxed e-con e-parent\" data-id=\"2612b12\" data-element_type=\"container\" data-e-type=\"container\">\n\t\t\t\t\t<div class=\"e-con-inner\">\n\t\t\n\t\t<div class=\"elementor-element elementor-element-498707ae elementor-widget elementor-widget-text-editor\" data-id=\"498707ae\" data-element_type=\"widget\" data-e-type=\"widget\" data-widget_type=\"text-editor.default\">\n\t\t\t\t<div class=\"elementor-widget-container\">\n\t\t\t\t\t\t\t\t\t<div role=\"tabpanel\" aria-labelledby=\"ui-id-2\" aria-hidden=\"false\"><div data-style=\"accordion-style\" data-initialindex=\"0\"><p>Esta obra de consulta supone un amplio repaso de los puntos calientes de cualquier cirug\u00eda o intervenci\u00f3n que requiera anestesia: explica qu\u00e9 se debe hacer para no fallar, para qu\u00e9 y por qu\u00e9 se est\u00e1 haciendo o c\u00f3mo mejorar el procedimiento. Se trata de un cat\u00e1logo completo, estructurado por bloques tem\u00e1ticos para satisfacer la necesidad de conocimiento pr\u00e1ctico sobre la anestesiolog\u00eda actual.<\/p><p>Con una lectura r\u00e1pida, el especialista ser\u00e1 capaz de entender el porqu\u00e9 de una cirug\u00eda o intervenci\u00f3n, las necesidades de quien est\u00e1 operando, los pasos delicados de cada t\u00e9cnica y c\u00f3mo adelantarse a los problemas m\u00e1s frecuentes de la mano de anestesi\u00f3logos y cirujanos con amplia experiencia en cada tema concreto. Adem\u00e1s, se incluyen diversas consideraciones atendiendo al tipo de paciente y se detallan las necesidades especiales de cuidados pre y postoperatorios.<\/p><p>El texto propone ideas claras, concisas y con un formato uniforme para ayudar a entender el tiempo estimado de t\u00e9cnica, sangrado previsible y dolor asociado a cada procedimiento para ajustar al acto anest\u00e9sico a cada paciente. Contiene p\u00edldoras informativas constantes, amenas y \u00fatiles basadas en los conocimientos y experiencia de sus m\u00e1s de 400 autores, y el estudio de las \u00faltimas gu\u00edas y publicaciones en la materia.<\/p><\/div><\/div>\t\t\t\t\t\t\t\t<\/div>\n\t\t\t\t<\/div>\n\t\t\t\t\t<\/div>\n\t\t\t\t<\/div>\n\t\t\t\t<\/div>\n\t\t","protected":false},"excerpt":{"rendered":"<p><strong>Autores:<\/strong>\u00a0Carles Garc\u00eda Vitoria ,Antonio Guill\u00e9n Ba\u00f1uelos,Jose Antonio De Andr\u00e9s Ib\u00e1\u00f1ez,Mar\u00eda del Pilar Argente Navarro<br \/>\n<strong>ISBN:<\/strong>\u00a09788491102441<br \/>\n<strong>Editorial:<\/strong>\u00a0Panamericana<br \/>\n<strong>Edici\u00f3n:<\/strong>\u00a01\u00aa<br \/>\n<strong>Especialidad<\/strong>: Anestesiolog\u00eda<br \/>\n<strong>P\u00e1ginas:\u00a0<\/strong>652<br \/>\n\u00a9 2021<\/p>\n","protected":false},"featured_media":12025,"comment_status":"open","ping_status":"open","template":"","meta":{"_joinchat":[]},"product_cat":[86],"product_tag":[87,70],"class_list":{"0":"post-12024","1":"product","2":"type-product","3":"status-publish","4":"has-post-thumbnail","6":"product_cat-anestesiologia-y-reanimacion","7":"product_tag-anestesiologia-y-reanimacion","8":"product_tag-panamericana","10":"first","11":"instock","12":"featured","13":"taxable","14":"shipping-taxable","15":"purchasable","16":"product-type-simple"},"_links":{"self":[{"href":"https:\/\/edimeinter.com\/libreria\/wp-json\/wp\/v2\/product\/12024","targetHints":{"allow":["GET"]}}],"collection":[{"href":"https:\/\/edimeinter.com\/libreria\/wp-json\/wp\/v2\/product"}],"about":[{"href":"https:\/\/edimeinter.com\/libreria\/wp-json\/wp\/v2\/types\/product"}],"replies":[{"embeddable":true,"href":"https:\/\/edimeinter.com\/libreria\/wp-json\/wp\/v2\/comments?post=12024"}],"version-history":[{"count":1,"href":"https:\/\/edimeinter.com\/libreria\/wp-json\/wp\/v2\/product\/12024\/revisions"}],"predecessor-version":[{"id":15305,"href":"https:\/\/edimeinter.com\/libreria\/wp-json\/wp\/v2\/product\/12024\/revisions\/15305"}],"wp:featuredmedia":[{"embeddable":true,"href":"https:\/\/edimeinter.com\/libreria\/wp-json\/wp\/v2\/media\/12025"}],"wp:attachment":[{"href":"https:\/\/edimeinter.com\/libreria\/wp-json\/wp\/v2\/media?parent=12024"}],"wp:term":[{"taxonomy":"product_cat","embeddable":true,"href":"https:\/\/edimeinter.com\/libreria\/wp-json\/wp\/v2\/product_cat?post=12024"},{"taxonomy":"product_tag","embeddable":true,"href":"https:\/\/edimeinter.com\/libreria\/wp-json\/wp\/v2\/product_tag?post=12024"}],"curies":[{"name":"wp","href":"https:\/\/api.w.org\/{rel}","templated":true}]}}