{"id":12038,"date":"2025-02-10T19:30:18","date_gmt":"2025-02-10T19:30:18","guid":{"rendered":"https:\/\/edimeinter.com\/libreria\/?post_type=product&#038;p=12038"},"modified":"2025-03-04T15:59:43","modified_gmt":"2025-03-04T15:59:43","slug":"recuperacion-posparto-1a-edicion","status":"publish","type":"product","link":"https:\/\/edimeinter.com\/libreria\/product\/recuperacion-posparto-1a-edicion\/","title":{"rendered":"Recuperaci\u00f3n Posparto. 1\u00aa Edici\u00f3n"},"content":{"rendered":"\t\t<div data-elementor-type=\"wp-post\" data-elementor-id=\"12038\" class=\"elementor elementor-12038\">\n\t\t\t\t<div class=\"elementor-element elementor-element-2612b12 e-flex e-con-boxed e-con e-parent\" data-id=\"2612b12\" data-element_type=\"container\" data-e-type=\"container\">\n\t\t\t\t\t<div class=\"e-con-inner\">\n\t\t\n\t\t<div class=\"elementor-element elementor-element-498707ae elementor-widget elementor-widget-text-editor\" data-id=\"498707ae\" data-element_type=\"widget\" data-e-type=\"widget\" data-widget_type=\"text-editor.default\">\n\t\t\t\t<div class=\"elementor-widget-container\">\n\t\t\t\t\t\t\t\t\t<div role=\"tabpanel\" aria-labelledby=\"ui-id-2\" aria-hidden=\"false\"><div data-style=\"accordion-style\" data-initialindex=\"0\"><p>Manual eminentemente pr\u00e1ctico, con una descripci\u00f3n detallada de cada ejercicio, separ\u00e1ndolos por semanas a partir del nacimiento del beb\u00e9.<\/p><p>Est\u00e1 dise\u00f1ado especialmente para que los profesionales de la salud, que no provienen del campo del deporte, puedan realizar una programaci\u00f3n adecuada para mujeres sanas que deseen una recuperaci\u00f3n \u00f3ptima de su maternidad.<\/p><p>Se entiende como recuperaci\u00f3n posparto a la vuelta a la normalidad f\u00edsica de las mujeres que han tenido un hijo, un tema cada vez m\u00e1s demandado en nuestra sociedad. A priori, ni el embarazo ni el parto son una patolog\u00eda, pero el cuerpo de la mujer desarrolla grandes cambios durante estos periodos, por lo que es importante que la involuci\u00f3n se produzca de una manera saludable.<\/p><p>El libro muestra las mejores herramientas para favorecer la recuperaci\u00f3n en este periodo, adaptadas a las circunstancias vitales de una mujer que acaba de dar a luz. Para la mejor comprensi\u00f3n y aplicaci\u00f3n de dichas herramientas, la obra se ha dividido en cinco cap\u00edtulos:<\/p><ul><li style=\"list-style-type: none\"><ul><li>En el primero se introduce el concepto de posparto y se resumen los cambios fundamentales que se producen en el cuerpo de la mujer y que sirven de base para conocer sobre qu\u00e9 puntos es fundamental incidir.<\/li><li>En el segundo se habla de la actividad f\u00edsica, de gran importancia para aquellos profesionales sanitarios que necesiten una base de conocimientos s\u00f3lidos sobre esta materia.<\/li><li>El grueso de t\u00e9cnicas con las que apoyar a las mujeres en su recuperaci\u00f3n se encuentra descrito en el cap\u00edtulo 3. Cada ejercicio est\u00e1 descrito con fotograf\u00edas e incluye un resumen de las estructuras involucradas y la ejecuci\u00f3n de este.<\/li><li>En lo que respecta al cap\u00edtulo 4 adapta un abanico de ejercicios para ser realizados por la madre con su beb\u00e9, con los consiguientes beneficios que conlleva para ambos esta pr\u00e1ctica.<\/li><li>Por \u00faltimo, el cap\u00edtulo 5, orienta al profesional sobre c\u00f3mo realizar el dise\u00f1o de la actividad, para que no s\u00f3lo sea saludable, sino tambi\u00e9n atractiva.<\/li><\/ul><\/li><\/ul><p>Recuperaci\u00f3n Posparto es una gu\u00eda de aplicaci\u00f3n muy pr\u00e1ctica que incluye la programaci\u00f3n detallada de ejercicios por semanas tras el parto que ser\u00e1 de gran inter\u00e9s para aquellos profesionales de la salud cuya competencia comprende el asesoramiento de la mujer para una adecuada recuperaci\u00f3n posparto: enfermeras (matronas), fisioterapeutas y graduados en Ciencias de la Actividad F\u00edsica y el Deporte. Sin duda, este manual ser\u00e1 de gran ayuda en el d\u00eda a d\u00eda de todos aquellos que contribuyen a la salud de la mujer durante este periodo tan especial de la vida.<\/p><\/div><\/div>\t\t\t\t\t\t\t\t<\/div>\n\t\t\t\t<\/div>\n\t\t\t\t\t<\/div>\n\t\t\t\t<\/div>\n\t\t\t\t<\/div>\n\t\t","protected":false},"excerpt":{"rendered":"<p><strong>Autores:<\/strong>\u00a0Mayte Fern\u00e1ndez Arranz,Roberto Lambruschini,Julita Fern\u00e1ndez Arranz<br \/>\n<strong>ISBN:<\/strong>\u00a09788491106159<br \/>\n<strong>Editorial:<\/strong>\u00a0Panamericana<br \/>\n<strong>Edici\u00f3n:<\/strong>\u00a01\u00aa<br \/>\n<strong>Especialidad<\/strong>: Fisioterapia<br \/>\n<strong>P\u00e1ginas:\u00a0<\/strong>112<br \/>\n\u00a9 2021<\/p>\n","protected":false},"featured_media":12039,"comment_status":"open","ping_status":"open","template":"","meta":{"_joinchat":[]},"product_cat":[111],"product_tag":[112,70],"class_list":{"0":"post-12038","1":"product","2":"type-product","3":"status-publish","4":"has-post-thumbnail","6":"product_cat-fisioterapia","7":"product_tag-fisioterapia","8":"product_tag-panamericana","10":"first","11":"instock","12":"featured","13":"taxable","14":"shipping-taxable","15":"purchasable","16":"product-type-simple"},"_links":{"self":[{"href":"https:\/\/edimeinter.com\/libreria\/wp-json\/wp\/v2\/product\/12038","targetHints":{"allow":["GET"]}}],"collection":[{"href":"https:\/\/edimeinter.com\/libreria\/wp-json\/wp\/v2\/product"}],"about":[{"href":"https:\/\/edimeinter.com\/libreria\/wp-json\/wp\/v2\/types\/product"}],"replies":[{"embeddable":true,"href":"https:\/\/edimeinter.com\/libreria\/wp-json\/wp\/v2\/comments?post=12038"}],"version-history":[{"count":1,"href":"https:\/\/edimeinter.com\/libreria\/wp-json\/wp\/v2\/product\/12038\/revisions"}],"predecessor-version":[{"id":15307,"href":"https:\/\/edimeinter.com\/libreria\/wp-json\/wp\/v2\/product\/12038\/revisions\/15307"}],"wp:featuredmedia":[{"embeddable":true,"href":"https:\/\/edimeinter.com\/libreria\/wp-json\/wp\/v2\/media\/12039"}],"wp:attachment":[{"href":"https:\/\/edimeinter.com\/libreria\/wp-json\/wp\/v2\/media?parent=12038"}],"wp:term":[{"taxonomy":"product_cat","embeddable":true,"href":"https:\/\/edimeinter.com\/libreria\/wp-json\/wp\/v2\/product_cat?post=12038"},{"taxonomy":"product_tag","embeddable":true,"href":"https:\/\/edimeinter.com\/libreria\/wp-json\/wp\/v2\/product_tag?post=12038"}],"curies":[{"name":"wp","href":"https:\/\/api.w.org\/{rel}","templated":true}]}}