{"id":12050,"date":"2025-02-10T19:36:43","date_gmt":"2025-02-10T19:36:43","guid":{"rendered":"https:\/\/edimeinter.com\/libreria\/?post_type=product&#038;p=12050"},"modified":"2026-04-20T17:40:34","modified_gmt":"2026-04-20T17:40:34","slug":"hospitalizacion-psiquiatrica-breve-1a-edicion","status":"publish","type":"product","link":"https:\/\/edimeinter.com\/libreria\/product\/hospitalizacion-psiquiatrica-breve-1a-edicion\/","title":{"rendered":"Hospitalizaci\u00f3n Psiqui\u00e1trica Breve. 1\u00aa Edici\u00f3n"},"content":{"rendered":"\t\t<div data-elementor-type=\"wp-post\" data-elementor-id=\"12050\" class=\"elementor elementor-12050\">\n\t\t\t\t<div class=\"elementor-element elementor-element-2612b12 e-flex e-con-boxed e-con e-parent\" data-id=\"2612b12\" data-element_type=\"container\" data-e-type=\"container\">\n\t\t\t\t\t<div class=\"e-con-inner\">\n\t\t\n\t\t<div class=\"elementor-element elementor-element-498707ae elementor-widget elementor-widget-text-editor\" data-id=\"498707ae\" data-element_type=\"widget\" data-e-type=\"widget\" data-widget_type=\"text-editor.default\">\n\t\t\t\t<div class=\"elementor-widget-container\">\n\t\t\t\t\t\t\t\t\t<div role=\"tabpanel\" aria-labelledby=\"ui-id-2\" aria-hidden=\"false\"><div data-style=\"accordion-style\" data-initialindex=\"0\"><p>Las unidades espec\u00edficas creadas para la gesti\u00f3n de la hospitalizaci\u00f3n psiqui\u00e1trica en hospitales generales deben hacer frente a retos de gran complejidad como consecuencia de la amplia casu\u00edstica que conforma su asistencia cl\u00ednica.<\/p><div class=\"sectionBody descripcion }\"><p>La variedad y riqueza cl\u00ednica, caracterizada por el amplio registro de casos y perfiles cl\u00ednicos de los pacientes, la necesidad de crear equipos multi e interdisciplinares que den cobertura a pacientes y familiares, as\u00ed como la coordinaci\u00f3n entre los dispositivos ambulatorios y los referentes comunitarios, hacen que estas unidades se comporten como una organizaci\u00f3n funcional cl\u00ednica de especial intensidad.<\/p><\/div><\/div><\/div>\t\t\t\t\t\t\t\t<\/div>\n\t\t\t\t<\/div>\n\t\t\t\t\t<\/div>\n\t\t\t\t<\/div>\n\t\t\t\t<\/div>\n\t\t","protected":false},"excerpt":{"rendered":"<p><strong>Autores:<\/strong>\u00a0Jorge Miguel Cuevas Esteban,Antonio Serrano Blanco,Mar\u00eda Jos\u00e9 Rodr\u00edguez Montes,Luisa Balad\u00f3n Higuera<br \/>\n<strong>ISBN:<\/strong>\u00a09788491102465<br \/>\n<strong>Editorial:<\/strong>\u00a0Panamericana<br \/>\n<strong>Edici\u00f3n:<\/strong>\u00a01\u00aa<br \/>\n<strong>Especialidad<\/strong>: Psiquiatr\u00eda<br \/>\n<strong>P\u00e1ginas:\u00a0<\/strong>512<br \/>\n\u00a9 2020<\/p>\n","protected":false},"featured_media":12051,"comment_status":"open","ping_status":"closed","template":"","meta":{"_joinchat":[]},"product_cat":[68],"product_tag":[70,69],"class_list":{"0":"post-12050","1":"product","2":"type-product","3":"status-publish","4":"has-post-thumbnail","6":"product_cat-psiquiatria","7":"product_tag-panamericana","8":"product_tag-psiquiatria","10":"first","11":"outofstock","12":"featured","13":"taxable","14":"shipping-taxable","15":"purchasable","16":"product-type-simple"},"_links":{"self":[{"href":"https:\/\/edimeinter.com\/libreria\/wp-json\/wp\/v2\/product\/12050","targetHints":{"allow":["GET"]}}],"collection":[{"href":"https:\/\/edimeinter.com\/libreria\/wp-json\/wp\/v2\/product"}],"about":[{"href":"https:\/\/edimeinter.com\/libreria\/wp-json\/wp\/v2\/types\/product"}],"replies":[{"embeddable":true,"href":"https:\/\/edimeinter.com\/libreria\/wp-json\/wp\/v2\/comments?post=12050"}],"version-history":[{"count":1,"href":"https:\/\/edimeinter.com\/libreria\/wp-json\/wp\/v2\/product\/12050\/revisions"}],"predecessor-version":[{"id":15310,"href":"https:\/\/edimeinter.com\/libreria\/wp-json\/wp\/v2\/product\/12050\/revisions\/15310"}],"wp:featuredmedia":[{"embeddable":true,"href":"https:\/\/edimeinter.com\/libreria\/wp-json\/wp\/v2\/media\/12051"}],"wp:attachment":[{"href":"https:\/\/edimeinter.com\/libreria\/wp-json\/wp\/v2\/media?parent=12050"}],"wp:term":[{"taxonomy":"product_cat","embeddable":true,"href":"https:\/\/edimeinter.com\/libreria\/wp-json\/wp\/v2\/product_cat?post=12050"},{"taxonomy":"product_tag","embeddable":true,"href":"https:\/\/edimeinter.com\/libreria\/wp-json\/wp\/v2\/product_tag?post=12050"}],"curies":[{"name":"wp","href":"https:\/\/api.w.org\/{rel}","templated":true}]}}