{"id":12056,"date":"2025-02-10T19:39:46","date_gmt":"2025-02-10T19:39:46","guid":{"rendered":"https:\/\/edimeinter.com\/libreria\/?post_type=product&#038;p=12056"},"modified":"2025-03-04T16:02:42","modified_gmt":"2025-03-04T16:02:42","slug":"enfermedades-autoinmunes-sistemicas-6a-edicion","status":"publish","type":"product","link":"https:\/\/edimeinter.com\/libreria\/product\/enfermedades-autoinmunes-sistemicas-6a-edicion\/","title":{"rendered":"Enfermedades Autoinmunes Sist\u00e9micas. 6\u00aa Edici\u00f3n"},"content":{"rendered":"\t\t<div data-elementor-type=\"wp-post\" data-elementor-id=\"12056\" class=\"elementor elementor-12056\">\n\t\t\t\t<div class=\"elementor-element elementor-element-2612b12 e-flex e-con-boxed e-con e-parent\" data-id=\"2612b12\" data-element_type=\"container\" data-e-type=\"container\">\n\t\t\t\t\t<div class=\"e-con-inner\">\n\t\t\n\t\t<div class=\"elementor-element elementor-element-498707ae elementor-widget elementor-widget-text-editor\" data-id=\"498707ae\" data-element_type=\"widget\" data-e-type=\"widget\" data-widget_type=\"text-editor.default\">\n\t\t\t\t<div class=\"elementor-widget-container\">\n\t\t\t\t\t\t\t\t\t<div role=\"tabpanel\" aria-labelledby=\"ui-id-2\" aria-hidden=\"false\"><div data-style=\"accordion-style\" data-initialindex=\"0\"><p>En la actualidad, los pacientes que sufren enfermedades autoinmunes sist\u00e9micas presentan complejos problemas diagn\u00f3sticos, terap\u00e9uticos y pron\u00f3sticos en la pr\u00e1ctica cl\u00ednica diaria que, en ocasiones, exigen una toma de decisiones dif\u00edcil y arriesgada. Este manual pr\u00e1ctico sirve de apoyo al m\u00e9dico cl\u00ednico para obtener puntos de referencia b\u00e1sicos, adquirir experiencia r\u00e1pida y seleccionar la conducta que se debe seguir en cada enfermedad, en funci\u00f3n de las condiciones particulares de cada paciente.<\/p><\/div><\/div>\t\t\t\t\t\t\t\t<\/div>\n\t\t\t\t<\/div>\n\t\t\t\t\t<\/div>\n\t\t\t\t<\/div>\n\t\t\t\t<\/div>\n\t\t","protected":false},"excerpt":{"rendered":"<p><strong>Autores:<\/strong>\u00a0Ricard Cervera Segura,Gerard Espinosa Garriga,Manuel Ramos Casals,Jos\u00e9 Hern\u00e1ndez-Rodr\u00edguez,Sergio Prieto Gonz\u00e1lez,Georgina Esp\u00edgol-Frigol\u00e9,Maria Cinta Cid Xutgl\u00e0<br \/>\n<strong>ISBN:<\/strong>\u00a09788491106524<br \/>\n<strong>Editorial:<\/strong>\u00a0Panamericana<br \/>\n<strong>Edici\u00f3n:<\/strong>\u00a06\u00aa<br \/>\n<strong>Especialidad<\/strong>: Medicina Interna<br \/>\n<strong>P\u00e1ginas:\u00a0<\/strong>752<br \/>\n\u00a9 2021<\/p>\n","protected":false},"featured_media":12057,"comment_status":"open","ping_status":"open","template":"","meta":{"_joinchat":[]},"product_cat":[150],"product_tag":[151,70],"class_list":{"0":"post-12056","1":"product","2":"type-product","3":"status-publish","4":"has-post-thumbnail","6":"product_cat-medicina-interna","7":"product_tag-medicina-interna","8":"product_tag-panamericana","10":"first","11":"instock","12":"featured","13":"taxable","14":"shipping-taxable","15":"purchasable","16":"product-type-simple"},"_links":{"self":[{"href":"https:\/\/edimeinter.com\/libreria\/wp-json\/wp\/v2\/product\/12056","targetHints":{"allow":["GET"]}}],"collection":[{"href":"https:\/\/edimeinter.com\/libreria\/wp-json\/wp\/v2\/product"}],"about":[{"href":"https:\/\/edimeinter.com\/libreria\/wp-json\/wp\/v2\/types\/product"}],"replies":[{"embeddable":true,"href":"https:\/\/edimeinter.com\/libreria\/wp-json\/wp\/v2\/comments?post=12056"}],"version-history":[{"count":1,"href":"https:\/\/edimeinter.com\/libreria\/wp-json\/wp\/v2\/product\/12056\/revisions"}],"predecessor-version":[{"id":15311,"href":"https:\/\/edimeinter.com\/libreria\/wp-json\/wp\/v2\/product\/12056\/revisions\/15311"}],"wp:featuredmedia":[{"embeddable":true,"href":"https:\/\/edimeinter.com\/libreria\/wp-json\/wp\/v2\/media\/12057"}],"wp:attachment":[{"href":"https:\/\/edimeinter.com\/libreria\/wp-json\/wp\/v2\/media?parent=12056"}],"wp:term":[{"taxonomy":"product_cat","embeddable":true,"href":"https:\/\/edimeinter.com\/libreria\/wp-json\/wp\/v2\/product_cat?post=12056"},{"taxonomy":"product_tag","embeddable":true,"href":"https:\/\/edimeinter.com\/libreria\/wp-json\/wp\/v2\/product_tag?post=12056"}],"curies":[{"name":"wp","href":"https:\/\/api.w.org\/{rel}","templated":true}]}}