{"id":12062,"date":"2025-02-10T19:43:05","date_gmt":"2025-02-10T19:43:05","guid":{"rendered":"https:\/\/edimeinter.com\/libreria\/?post_type=product&#038;p=12062"},"modified":"2025-03-04T16:05:29","modified_gmt":"2025-03-04T16:05:29","slug":"clinica-practica-1a-edicion","status":"publish","type":"product","link":"https:\/\/edimeinter.com\/libreria\/product\/clinica-practica-1a-edicion\/","title":{"rendered":"Cl\u00ednica Pr\u00e1ctica. 1\u00aa Edici\u00f3n"},"content":{"rendered":"\t\t<div data-elementor-type=\"wp-post\" data-elementor-id=\"12062\" class=\"elementor elementor-12062\">\n\t\t\t\t<div class=\"elementor-element elementor-element-2612b12 e-flex e-con-boxed e-con e-parent\" data-id=\"2612b12\" data-element_type=\"container\" data-e-type=\"container\">\n\t\t\t\t\t<div class=\"e-con-inner\">\n\t\t\n\t\t<div class=\"elementor-element elementor-element-498707ae elementor-widget elementor-widget-text-editor\" data-id=\"498707ae\" data-element_type=\"widget\" data-e-type=\"widget\" data-widget_type=\"text-editor.default\">\n\t\t\t\t<div class=\"elementor-widget-container\">\n\t\t\t\t\t\t\t\t\t<div role=\"tabpanel\" aria-labelledby=\"ui-id-2\" aria-hidden=\"false\"><div data-style=\"accordion-style\" data-initialindex=\"0\"><p>Esta obra surge de la necesidad de disponer de un manual que ayude a sacar el m\u00e1ximo provecho de la experiencia pr\u00e1ctica de estudiantes de medicina y residentes junior. Los primeros encontrar\u00e1n aqu\u00ed el libro perfecto para el practicum. Los segundos apreciar\u00e1n su utilidad para refrescar, de forma r\u00e1pida y amena, los contenidos de aplicaci\u00f3n pr\u00e1ctica adquiridos durante la carrera y reconocer\u00e1n las recomendaciones de las \u00faltimas Gu\u00edas Cl\u00ednicas. Intenta ser el v\u00ednculo entre la teor\u00eda y la pr\u00e1ctica, ya que la labor de aprender medicina debe ir estrechamente ligada a la praxis. Pretende ser un libro de referencia para enfocar la historia cl\u00ednica de forma exitosa, potenciando un papel activo y emprendedor en el marco de la formaci\u00f3n del lector.<\/p><p>Este manual se ha elaborado con el fin de aportar respuestas a los interrogantes que los estudiantes y residentes se plantean con frecuencia: \u00bfqu\u00e9 le ocurre a mi paciente?, \u00bfqu\u00e9 tengo que hacer en este momento?, \u00bfc\u00f3mo voy a hacerlo? En s\u00edntesis, es un manual que facilita la transici\u00f3n de la universidad a la pr\u00e1ctica cl\u00ednica diaria.<\/p><\/div><\/div>\t\t\t\t\t\t\t\t<\/div>\n\t\t\t\t<\/div>\n\t\t\t\t\t<\/div>\n\t\t\t\t<\/div>\n\t\t\t\t<\/div>\n\t\t","protected":false},"excerpt":{"rendered":"<p><strong>Autores:<\/strong>\u00a0Guillermo Ferreira Padilla,Teresa Ferr\u00e1ndez Ant\u00f3n<br \/>\n<strong>ISBN:<\/strong>\u00a09788491100386<br \/>\n<strong>Editorial:<\/strong>\u00a0Panamericana<br \/>\n<strong>Edici\u00f3n:<\/strong>\u00a01\u00aa<br \/>\n<strong>Especialidad<\/strong>: Educaci\u00f3n M\u00e9dica<br \/>\n<strong>P\u00e1ginas:\u00a0<\/strong>740<br \/>\n\u00a9 2021<\/p>\n","protected":false},"featured_media":12063,"comment_status":"open","ping_status":"open","template":"","meta":{"_joinchat":[]},"product_cat":[160],"product_tag":[161,70],"class_list":{"0":"post-12062","1":"product","2":"type-product","3":"status-publish","4":"has-post-thumbnail","6":"product_cat-educacion-medica","7":"product_tag-educacion-medica","8":"product_tag-panamericana","10":"first","11":"instock","12":"featured","13":"taxable","14":"shipping-taxable","15":"purchasable","16":"product-type-simple"},"_links":{"self":[{"href":"https:\/\/edimeinter.com\/libreria\/wp-json\/wp\/v2\/product\/12062","targetHints":{"allow":["GET"]}}],"collection":[{"href":"https:\/\/edimeinter.com\/libreria\/wp-json\/wp\/v2\/product"}],"about":[{"href":"https:\/\/edimeinter.com\/libreria\/wp-json\/wp\/v2\/types\/product"}],"replies":[{"embeddable":true,"href":"https:\/\/edimeinter.com\/libreria\/wp-json\/wp\/v2\/comments?post=12062"}],"version-history":[{"count":1,"href":"https:\/\/edimeinter.com\/libreria\/wp-json\/wp\/v2\/product\/12062\/revisions"}],"predecessor-version":[{"id":15312,"href":"https:\/\/edimeinter.com\/libreria\/wp-json\/wp\/v2\/product\/12062\/revisions\/15312"}],"wp:featuredmedia":[{"embeddable":true,"href":"https:\/\/edimeinter.com\/libreria\/wp-json\/wp\/v2\/media\/12063"}],"wp:attachment":[{"href":"https:\/\/edimeinter.com\/libreria\/wp-json\/wp\/v2\/media?parent=12062"}],"wp:term":[{"taxonomy":"product_cat","embeddable":true,"href":"https:\/\/edimeinter.com\/libreria\/wp-json\/wp\/v2\/product_cat?post=12062"},{"taxonomy":"product_tag","embeddable":true,"href":"https:\/\/edimeinter.com\/libreria\/wp-json\/wp\/v2\/product_tag?post=12062"}],"curies":[{"name":"wp","href":"https:\/\/api.w.org\/{rel}","templated":true}]}}