{"id":12068,"date":"2025-02-10T19:48:21","date_gmt":"2025-02-10T19:48:21","guid":{"rendered":"https:\/\/edimeinter.com\/libreria\/?post_type=product&#038;p=12068"},"modified":"2025-03-04T16:06:49","modified_gmt":"2025-03-04T16:06:49","slug":"competencias-digitales-basicas-para-el-medico-general-1a-edicion","status":"publish","type":"product","link":"https:\/\/edimeinter.com\/libreria\/product\/competencias-digitales-basicas-para-el-medico-general-1a-edicion\/","title":{"rendered":"Competencias digitales b\u00e1sicas para el m\u00e9dico general. 1\u00aa Edici\u00f3n"},"content":{"rendered":"\t\t<div data-elementor-type=\"wp-post\" data-elementor-id=\"12068\" class=\"elementor elementor-12068\">\n\t\t\t\t<div class=\"elementor-element elementor-element-2612b12 e-flex e-con-boxed e-con e-parent\" data-id=\"2612b12\" data-element_type=\"container\" data-e-type=\"container\">\n\t\t\t\t\t<div class=\"e-con-inner\">\n\t\t\n\t\t<div class=\"elementor-element elementor-element-498707ae elementor-widget elementor-widget-text-editor\" data-id=\"498707ae\" data-element_type=\"widget\" data-e-type=\"widget\" data-widget_type=\"text-editor.default\">\n\t\t\t\t<div class=\"elementor-widget-container\">\n\t\t\t\t\t\t\t\t\t<div role=\"tabpanel\" aria-labelledby=\"ui-id-2\" aria-hidden=\"false\"><div data-style=\"accordion-style\" data-initialindex=\"0\"><p>Este libro es una introducci\u00f3n a las competencias digitales en el \u00e1rea de la salud. El avance constante de las tecnolog\u00edas ha implicado a todas las \u00e1reas de la sociedad y dentro de este contexto el \u00e1rea de la salud se ha visto potenciada con las herramientas digitales para mejorar la calidad de la atenci\u00f3n<\/p><p>El papel de la Inform\u00e1tica biom\u00e9dica aplicada a la medicina tuvo en este periodo una importancia evidente, al volverse indispensable en diferentes \u00e1mbitos, entre ellos para la atenci\u00f3n m\u00e9dica y para la formaci\u00f3n de los futuros m\u00e9dicos. Un futuro que nos parec\u00eda distante, de pronto se volvi\u00f3 cercano y urgente, es as\u00ed como los contenidos en este libro, no solo se volver\u00e1n una herramienta auxiliar, nos dieron la oportunidad de escribir el futuro ahora, de la mano de un aprendizaje cercano, y no por tecnol\u00f3gico, menos humano.<\/p><p>La pandemia nos record\u00f3 nuestra vulnerabilidad, pero tambi\u00e9n que el tener competencias digitales puede hacer una diferencia en afrontar esta situaci\u00f3n, y es as\u00ed como disminuir la incertidumbre en estos momentos no solo es un aliciente a la angustia y la dif\u00edcil situaci\u00f3n que estamos pasando, es tambi\u00e9n herramienta para fortalecer la resiliencia en el entorno m\u00e9dico, en la atenci\u00f3n al paciente y la nueva perspectiva que tenemos de la humanidad.<\/p><p>Las competencias digitales han dejado de ser un privilegio, para convertirse en herramientas b\u00e1sicas para esta era post-COVID-19; una necesidad que solventar\u00e1 la dificultad actual para acercarnos a nuestros pacientes, a los estudiantes y a la informaci\u00f3n.<\/p><p>Esta situaci\u00f3n, aunque nos ha concienciado acerca de la incertidumbre, tambi\u00e9n ha definido claramente la importancia que tiene la Inform\u00e1tica biom\u00e9dica en la formaci\u00f3n del m\u00e9dico y \u00e1reas afines a la salud. En un pa\u00eds fracturado por crisis econ\u00f3mica y pobre accesibilidad a m\u00e9dicos especialistas, la telemedicina, el uso adecuado del expediente cl\u00ednico electr\u00f3nico o la informaci\u00f3n confiable no es un lujo, nos permitir\u00e1n salir avante en una situaci\u00f3n adversa.<\/p><\/div><\/div>\t\t\t\t\t\t\t\t<\/div>\n\t\t\t\t<\/div>\n\t\t\t\t\t<\/div>\n\t\t\t\t<\/div>\n\t\t\t\t<\/div>\n\t\t","protected":false},"excerpt":{"rendered":"<p><strong>Autores:<\/strong>\u00a0Esther Mahuina Campos,Dania Nimbe Lima,Fabi\u00e1n Fern\u00e1ndez,Alejandro Alayola<br \/>\n<strong>ISBN:<\/strong>\u00a09786078546480<br \/>\n<strong>Editorial:<\/strong>\u00a0Panamericana<br \/>\n<strong>Edici\u00f3n:<\/strong>\u00a01\u00aa<br \/>\n<strong>Especialidad<\/strong>: Educaci\u00f3n M\u00e9dica<br \/>\n<strong>P\u00e1ginas:\u00a0<\/strong>188<br \/>\n\u00a9 2021<\/p>\n","protected":false},"featured_media":12069,"comment_status":"open","ping_status":"open","template":"","meta":{"_joinchat":[]},"product_cat":[160],"product_tag":[161,70],"class_list":{"0":"post-12068","1":"product","2":"type-product","3":"status-publish","4":"has-post-thumbnail","6":"product_cat-educacion-medica","7":"product_tag-educacion-medica","8":"product_tag-panamericana","10":"first","11":"instock","12":"featured","13":"taxable","14":"shipping-taxable","15":"purchasable","16":"product-type-simple"},"_links":{"self":[{"href":"https:\/\/edimeinter.com\/libreria\/wp-json\/wp\/v2\/product\/12068","targetHints":{"allow":["GET"]}}],"collection":[{"href":"https:\/\/edimeinter.com\/libreria\/wp-json\/wp\/v2\/product"}],"about":[{"href":"https:\/\/edimeinter.com\/libreria\/wp-json\/wp\/v2\/types\/product"}],"replies":[{"embeddable":true,"href":"https:\/\/edimeinter.com\/libreria\/wp-json\/wp\/v2\/comments?post=12068"}],"version-history":[{"count":1,"href":"https:\/\/edimeinter.com\/libreria\/wp-json\/wp\/v2\/product\/12068\/revisions"}],"predecessor-version":[{"id":15313,"href":"https:\/\/edimeinter.com\/libreria\/wp-json\/wp\/v2\/product\/12068\/revisions\/15313"}],"wp:featuredmedia":[{"embeddable":true,"href":"https:\/\/edimeinter.com\/libreria\/wp-json\/wp\/v2\/media\/12069"}],"wp:attachment":[{"href":"https:\/\/edimeinter.com\/libreria\/wp-json\/wp\/v2\/media?parent=12068"}],"wp:term":[{"taxonomy":"product_cat","embeddable":true,"href":"https:\/\/edimeinter.com\/libreria\/wp-json\/wp\/v2\/product_cat?post=12068"},{"taxonomy":"product_tag","embeddable":true,"href":"https:\/\/edimeinter.com\/libreria\/wp-json\/wp\/v2\/product_tag?post=12068"}],"curies":[{"name":"wp","href":"https:\/\/api.w.org\/{rel}","templated":true}]}}