{"id":12075,"date":"2025-02-10T19:51:10","date_gmt":"2025-02-10T19:51:10","guid":{"rendered":"https:\/\/edimeinter.com\/libreria\/?post_type=product&#038;p=12075"},"modified":"2025-05-21T21:29:30","modified_gmt":"2025-05-21T21:29:30","slug":"anatomia-manual-de-actividades-para-el-autoaprendizaje-1a-edicion","status":"publish","type":"product","link":"https:\/\/edimeinter.com\/libreria\/product\/anatomia-manual-de-actividades-para-el-autoaprendizaje-1a-edicion\/","title":{"rendered":"Anatom\u00eda: Manual de actividades para el autoaprendizaje. 1\u00aa Edici\u00f3n"},"content":{"rendered":"\t\t<div data-elementor-type=\"wp-post\" data-elementor-id=\"12075\" class=\"elementor elementor-12075\">\n\t\t\t\t<div class=\"elementor-element elementor-element-2612b12 e-flex e-con-boxed e-con e-parent\" data-id=\"2612b12\" data-element_type=\"container\" data-e-type=\"container\">\n\t\t\t\t\t<div class=\"e-con-inner\">\n\t\t\n\t\t<div class=\"elementor-element elementor-element-498707ae elementor-widget elementor-widget-text-editor\" data-id=\"498707ae\" data-element_type=\"widget\" data-e-type=\"widget\" data-widget_type=\"text-editor.default\">\n\t\t\t\t<div class=\"elementor-widget-container\">\n\t\t\t\t\t\t\t\t\t<div role=\"tabpanel\" aria-labelledby=\"ui-id-2\" aria-hidden=\"false\"><div data-style=\"accordion-style\" data-initialindex=\"0\"><p>Los autores de este Manual han tenido muy en cuenta que el \u00e9xito acad\u00e9mico de un Curso de Anatom\u00eda est\u00e1 marcado por el grado de capacitaci\u00f3n que logre un estudiante en cualquier nivel de la Carrera, para recordar y\/o buscar en la fuente adecuada y aplicar los contenidos que requiere en su acci\u00f3n profesional, sea \u00e9sta de docencia, investigaci\u00f3n o en un nivel asistencial. Por lo tanto, su concepci\u00f3n respondi\u00f3 a esa necesidad de usar una metodolog\u00eda que potencie el aprendizaje aut\u00f3nomo y el desarrollo de las competencias en el estudiante.<\/p><p>La obra est\u00e1 organizada por sistemas, que hace \u00e9nfasis en funciones org\u00e1nicas, tales como movimiento, circulaci\u00f3n, respiraci\u00f3n, digesti\u00f3n, entre otras; y adem\u00e1s favorece la integraci\u00f3n multidisciplinaria ya que puede adaptarse a Escuela de Medicina y Odontolog\u00eda, adem\u00e1s de programas de Enfermer\u00eda, Fisioterapia, Podolog\u00eda, Terapia Respiratoria y otras carreras param\u00e9dicas, que tambi\u00e9n tienen como objeto el estudio e la estructura funcional del cuerpo humano.<\/p><p>Este Manual de Actividades se convierte entonces en un texto \u00fanico para cada estudiante donde para su aprendizaje de la Anatom\u00eda encontrar\u00e1 actividades l\u00fadicas como frases para completar, listas de chequeo, im\u00e1genes para identificar estructuras, etc. y por lo tanto en un compendio de talleres muy importante para el Docente y para el estudiante, lo cual contribuye como una herramienta para el sistema de cr\u00e9ditos y de actividades independientes del estudiante.<\/p><\/div><\/div>\t\t\t\t\t\t\t\t<\/div>\n\t\t\t\t<\/div>\n\t\t\t\t\t<\/div>\n\t\t\t\t<\/div>\n\t\t\t\t<\/div>\n\t\t","protected":false},"excerpt":{"rendered":"<p><strong>Autores:<\/strong>\u00a0Diego Pineda Mart\u00ednez,Andr\u00e9s Fern\u00e1ndez S\u00e1nchez,Carlos Eduardo Mart\u00ednez Ni\u00f1o,Jes\u00fas Alejandro Guzm\u00e1n Ram\u00edrez<br \/>\n<strong>ISBN:<\/strong>\u00a09789588443843<br \/>\n<strong>Editorial:<\/strong>\u00a0Panamericana<br \/>\n<strong>Edici\u00f3n:<\/strong>\u00a01\u00aa<br \/>\n<strong>Especialidad<\/strong>: Anatom\u00eda<br \/>\n<strong>P\u00e1ginas:\u00a0<\/strong>356<br \/>\n\u00a9 2021<\/p>\n","protected":false},"featured_media":12076,"comment_status":"open","ping_status":"closed","template":"","meta":{"_joinchat":[]},"product_cat":[100],"product_tag":[101,70],"class_list":{"0":"post-12075","1":"product","2":"type-product","3":"status-publish","4":"has-post-thumbnail","6":"product_cat-anatomia","7":"product_tag-anatomia","8":"product_tag-panamericana","10":"first","11":"instock","12":"featured","13":"taxable","14":"shipping-taxable","15":"purchasable","16":"product-type-simple"},"_links":{"self":[{"href":"https:\/\/edimeinter.com\/libreria\/wp-json\/wp\/v2\/product\/12075","targetHints":{"allow":["GET"]}}],"collection":[{"href":"https:\/\/edimeinter.com\/libreria\/wp-json\/wp\/v2\/product"}],"about":[{"href":"https:\/\/edimeinter.com\/libreria\/wp-json\/wp\/v2\/types\/product"}],"replies":[{"embeddable":true,"href":"https:\/\/edimeinter.com\/libreria\/wp-json\/wp\/v2\/comments?post=12075"}],"version-history":[{"count":1,"href":"https:\/\/edimeinter.com\/libreria\/wp-json\/wp\/v2\/product\/12075\/revisions"}],"predecessor-version":[{"id":15314,"href":"https:\/\/edimeinter.com\/libreria\/wp-json\/wp\/v2\/product\/12075\/revisions\/15314"}],"wp:featuredmedia":[{"embeddable":true,"href":"https:\/\/edimeinter.com\/libreria\/wp-json\/wp\/v2\/media\/12076"}],"wp:attachment":[{"href":"https:\/\/edimeinter.com\/libreria\/wp-json\/wp\/v2\/media?parent=12075"}],"wp:term":[{"taxonomy":"product_cat","embeddable":true,"href":"https:\/\/edimeinter.com\/libreria\/wp-json\/wp\/v2\/product_cat?post=12075"},{"taxonomy":"product_tag","embeddable":true,"href":"https:\/\/edimeinter.com\/libreria\/wp-json\/wp\/v2\/product_tag?post=12075"}],"curies":[{"name":"wp","href":"https:\/\/api.w.org\/{rel}","templated":true}]}}