{"id":12089,"date":"2025-02-10T19:59:17","date_gmt":"2025-02-10T19:59:17","guid":{"rendered":"https:\/\/edimeinter.com\/libreria\/?post_type=product&#038;p=12089"},"modified":"2025-03-04T16:11:35","modified_gmt":"2025-03-04T16:11:35","slug":"guia-topografica-del-cuerpo-humano-1a-edicion","status":"publish","type":"product","link":"https:\/\/edimeinter.com\/libreria\/product\/guia-topografica-del-cuerpo-humano-1a-edicion\/","title":{"rendered":"Gu\u00eda Topogr\u00e1fica del Cuerpo Humano. 1\u00aa Edici\u00f3n"},"content":{"rendered":"\t\t<div data-elementor-type=\"wp-post\" data-elementor-id=\"12089\" class=\"elementor elementor-12089\">\n\t\t\t\t<div class=\"elementor-element elementor-element-2612b12 e-flex e-con-boxed e-con e-parent\" data-id=\"2612b12\" data-element_type=\"container\" data-e-type=\"container\">\n\t\t\t\t\t<div class=\"e-con-inner\">\n\t\t\n\t\t<div class=\"elementor-element elementor-element-498707ae elementor-widget elementor-widget-text-editor\" data-id=\"498707ae\" data-element_type=\"widget\" data-e-type=\"widget\" data-widget_type=\"text-editor.default\">\n\t\t\t\t<div class=\"elementor-widget-container\">\n\t\t\t\t\t\t\t\t\t<div role=\"tabpanel\" aria-labelledby=\"ui-id-2\" aria-hidden=\"false\"><div data-style=\"accordion-style\" data-initialindex=\"0\"><p>La Gu\u00eda Topogr\u00e1fica del Cuerpo Humano se public\u00f3 por primera vez en 1997 y, desde entonces, se ha convertido en el texto de referencia para el estudio de la anatom\u00eda musculoesquel\u00e9tica b\u00e1sica y la palpaci\u00f3n, y se ha traducido en 10 idiomas.<\/p><p>Esta gu\u00eda hace que la anatom\u00eda musculoesquel\u00e9tica sea m\u00e1s cautivadora y f\u00e1cil de comprender, lo que permite preparar a los estudiantes en sus habilidades pr\u00e1cticas mediante exposiciones documentadas de la terapia manual en el entrenamiento deportivo, la masoterapia, la terapia ocupacional, la fisioterapia y otras profesiones relacionadas con el trabajo sobre el cuerpo humano, el movimiento y la salud.<\/p><p>La obra cuenta con material complementario al que se puede acceder de forma sencilla desde Books Of Discovery. El lector tiene a su disposici\u00f3n v\u00eddeos de palpaci\u00f3n, im\u00e1genes adicionales, historias de pre-aprendizaje y una gu\u00eda de referencia r\u00e1pida a los puntos gatillo.<\/p><p>Andrew Biel, pionero en educaci\u00f3n en terapia manual, ha estado creando libros atractivos para los estudiantes de las ciencias de la salud desde 1997.<\/p><\/div><\/div>\t\t\t\t\t\t\t\t<\/div>\n\t\t\t\t<\/div>\n\t\t\t\t\t<\/div>\n\t\t\t\t<\/div>\n\t\t\t\t<\/div>\n\t\t","protected":false},"excerpt":{"rendered":"<p><strong>Autores:<\/strong>\u00a0Andrew Biel<br \/>\n<strong>ISBN:<\/strong>\u00a09788491106920<br \/>\n<strong>Editorial:<\/strong>\u00a0Panamericana<br \/>\n<strong>Edici\u00f3n:<\/strong>\u00a01\u00aa<br \/>\n<strong>Especialidad<\/strong>: Anatom\u00eda<br \/>\n<strong>P\u00e1ginas:\u00a0<\/strong>454<br \/>\n\u00a9 2021<\/p>\n","protected":false},"featured_media":12090,"comment_status":"open","ping_status":"open","template":"","meta":{"_joinchat":[]},"product_cat":[100],"product_tag":[101,70],"class_list":{"0":"post-12089","1":"product","2":"type-product","3":"status-publish","4":"has-post-thumbnail","6":"product_cat-anatomia","7":"product_tag-anatomia","8":"product_tag-panamericana","10":"first","11":"instock","12":"featured","13":"taxable","14":"shipping-taxable","15":"purchasable","16":"product-type-simple"},"_links":{"self":[{"href":"https:\/\/edimeinter.com\/libreria\/wp-json\/wp\/v2\/product\/12089","targetHints":{"allow":["GET"]}}],"collection":[{"href":"https:\/\/edimeinter.com\/libreria\/wp-json\/wp\/v2\/product"}],"about":[{"href":"https:\/\/edimeinter.com\/libreria\/wp-json\/wp\/v2\/types\/product"}],"replies":[{"embeddable":true,"href":"https:\/\/edimeinter.com\/libreria\/wp-json\/wp\/v2\/comments?post=12089"}],"version-history":[{"count":1,"href":"https:\/\/edimeinter.com\/libreria\/wp-json\/wp\/v2\/product\/12089\/revisions"}],"predecessor-version":[{"id":15316,"href":"https:\/\/edimeinter.com\/libreria\/wp-json\/wp\/v2\/product\/12089\/revisions\/15316"}],"wp:featuredmedia":[{"embeddable":true,"href":"https:\/\/edimeinter.com\/libreria\/wp-json\/wp\/v2\/media\/12090"}],"wp:attachment":[{"href":"https:\/\/edimeinter.com\/libreria\/wp-json\/wp\/v2\/media?parent=12089"}],"wp:term":[{"taxonomy":"product_cat","embeddable":true,"href":"https:\/\/edimeinter.com\/libreria\/wp-json\/wp\/v2\/product_cat?post=12089"},{"taxonomy":"product_tag","embeddable":true,"href":"https:\/\/edimeinter.com\/libreria\/wp-json\/wp\/v2\/product_tag?post=12089"}],"curies":[{"name":"wp","href":"https:\/\/api.w.org\/{rel}","templated":true}]}}