{"id":12095,"date":"2025-02-10T20:01:55","date_gmt":"2025-02-10T20:01:55","guid":{"rendered":"https:\/\/edimeinter.com\/libreria\/?post_type=product&#038;p=12095"},"modified":"2025-07-03T20:22:39","modified_gmt":"2025-07-03T20:22:39","slug":"embriologia-humana-y-biologia-del-desarrollo-3a-edicion","status":"publish","type":"product","link":"https:\/\/edimeinter.com\/libreria\/product\/embriologia-humana-y-biologia-del-desarrollo-3a-edicion\/","title":{"rendered":"Embriolog\u00eda Humana y Biolog\u00eda del Desarrollo. 3\u00aa Edici\u00f3n"},"content":{"rendered":"\t\t<div data-elementor-type=\"wp-post\" data-elementor-id=\"12095\" class=\"elementor elementor-12095\">\n\t\t\t\t<div class=\"elementor-element elementor-element-2612b12 e-flex e-con-boxed e-con e-parent\" data-id=\"2612b12\" data-element_type=\"container\" data-e-type=\"container\">\n\t\t\t\t\t<div class=\"e-con-inner\">\n\t\t\n\t\t<div class=\"elementor-element elementor-element-498707ae elementor-widget elementor-widget-text-editor\" data-id=\"498707ae\" data-element_type=\"widget\" data-e-type=\"widget\" data-widget_type=\"text-editor.default\">\n\t\t\t\t<div class=\"elementor-widget-container\">\n\t\t\t\t\t\t\t\t\t<div role=\"tabpanel\" aria-labelledby=\"ui-id-2\" aria-hidden=\"false\"><div data-style=\"accordion-style\" data-initialindex=\"0\"><p>Esta 3\u00aa edici\u00f3n de Embriolog\u00eda Humana y Biolog\u00eda del Desarrollo, actualizada, resulta de gran utilidad para los estudiantes que cursan esta asignatura, y tambi\u00e9n para aquellos que ya ejercen la profesi\u00f3n como texto de consulta. En este libro aparecen conceptos sobre control de la concepci\u00f3n, fertilizaci\u00f3n asistida, concepci\u00f3n extracorp\u00f3rea, aborto, etc\u00e9tera, temas de gran impacto social que le permitir\u00e1n al estudiante hacer aportes con fundamentos sobre las distintas posiciones que se plantean.<\/p><p>Esta es otra de las caracter\u00edsticas que tiene esta disciplina morfobiol\u00f3gica sobre las restantes: la inmediatez de su aplicaci\u00f3n en el campo m\u00e9dico. El libro consta de dos secciones, una de embriolog\u00eda general y otra de organog\u00e9nesis, con 14 y 13 cap\u00edtulos, respectivamente. En la primera secci\u00f3n se detallan algunos conceptos b\u00e1sicos iniciales (celulares, moleculares, etc.), la fertilizaci\u00f3n, el desarrollo de los per\u00edodos embrionario y fetal y los anexos embrionarios. Finaliza con dos cap\u00edtulos sobre embarazos m\u00faltiples y errores de la morfog\u00e9nesis y diagn\u00f3stico prenatal.<\/p><\/div><\/div>\t\t\t\t\t\t\t\t<\/div>\n\t\t\t\t<\/div>\n\t\t\t\t\t<\/div>\n\t\t\t\t<\/div>\n\t\t\t\t<\/div>\n\t\t","protected":false},"excerpt":{"rendered":"<p><strong>Autores:<\/strong>\u00a0Sebasti\u00e1n Manuel Arteaga Mart\u00ednez,Mar\u00eda Isabel Garc\u00eda Pel\u00e1ez<br \/>\n<strong>ISBN:<\/strong>\u00a09786078546466<br \/>\n<strong>Editorial:<\/strong>\u00a0Panamericana<br \/>\n<strong>Edici\u00f3n:<\/strong>\u00a03\u00aa<br \/>\n<strong>Especialidad<\/strong>: Embriolog\u00eda<br \/>\n<strong>P\u00e1ginas:\u00a0<\/strong>535<br \/>\n\u00a9 2021<\/p>\n","protected":false},"featured_media":12096,"comment_status":"open","ping_status":"closed","template":"","meta":{"_joinchat":[]},"product_cat":[216],"product_tag":[217,70],"class_list":{"0":"post-12095","1":"product","2":"type-product","3":"status-publish","4":"has-post-thumbnail","6":"product_cat-embriologia","7":"product_tag-embriologia","8":"product_tag-panamericana","10":"first","11":"instock","12":"featured","13":"taxable","14":"shipping-taxable","15":"purchasable","16":"product-type-simple"},"_links":{"self":[{"href":"https:\/\/edimeinter.com\/libreria\/wp-json\/wp\/v2\/product\/12095","targetHints":{"allow":["GET"]}}],"collection":[{"href":"https:\/\/edimeinter.com\/libreria\/wp-json\/wp\/v2\/product"}],"about":[{"href":"https:\/\/edimeinter.com\/libreria\/wp-json\/wp\/v2\/types\/product"}],"replies":[{"embeddable":true,"href":"https:\/\/edimeinter.com\/libreria\/wp-json\/wp\/v2\/comments?post=12095"}],"version-history":[{"count":1,"href":"https:\/\/edimeinter.com\/libreria\/wp-json\/wp\/v2\/product\/12095\/revisions"}],"predecessor-version":[{"id":15317,"href":"https:\/\/edimeinter.com\/libreria\/wp-json\/wp\/v2\/product\/12095\/revisions\/15317"}],"wp:featuredmedia":[{"embeddable":true,"href":"https:\/\/edimeinter.com\/libreria\/wp-json\/wp\/v2\/media\/12096"}],"wp:attachment":[{"href":"https:\/\/edimeinter.com\/libreria\/wp-json\/wp\/v2\/media?parent=12095"}],"wp:term":[{"taxonomy":"product_cat","embeddable":true,"href":"https:\/\/edimeinter.com\/libreria\/wp-json\/wp\/v2\/product_cat?post=12095"},{"taxonomy":"product_tag","embeddable":true,"href":"https:\/\/edimeinter.com\/libreria\/wp-json\/wp\/v2\/product_tag?post=12095"}],"curies":[{"name":"wp","href":"https:\/\/api.w.org\/{rel}","templated":true}]}}