{"id":12108,"date":"2025-02-10T20:09:47","date_gmt":"2025-02-10T20:09:47","guid":{"rendered":"https:\/\/edimeinter.com\/libreria\/?post_type=product&#038;p=12108"},"modified":"2025-03-04T16:15:14","modified_gmt":"2025-03-04T16:15:14","slug":"ecografia-en-patologia-uterina-y-endometrial-1a-edicion","status":"publish","type":"product","link":"https:\/\/edimeinter.com\/libreria\/product\/ecografia-en-patologia-uterina-y-endometrial-1a-edicion\/","title":{"rendered":"Ecograf\u00eda en Patolog\u00eda Uterina y Endometrial. 1\u00aa Edici\u00f3n"},"content":{"rendered":"\t\t<div data-elementor-type=\"wp-post\" data-elementor-id=\"12108\" class=\"elementor elementor-12108\">\n\t\t\t\t<div class=\"elementor-element elementor-element-2612b12 e-flex e-con-boxed e-con e-parent\" data-id=\"2612b12\" data-element_type=\"container\" data-e-type=\"container\">\n\t\t\t\t\t<div class=\"e-con-inner\">\n\t\t\n\t\t<div class=\"elementor-element elementor-element-498707ae elementor-widget elementor-widget-text-editor\" data-id=\"498707ae\" data-element_type=\"widget\" data-e-type=\"widget\" data-widget_type=\"text-editor.default\">\n\t\t\t\t<div class=\"elementor-widget-container\">\n\t\t\t\t\t\t\t\t\t<div role=\"tabpanel\" aria-labelledby=\"ui-id-2\" aria-hidden=\"false\"><div data-style=\"accordion-style\" data-initialindex=\"0\"><p>La ecograf\u00eda transvaginal se ha convertido en la principal t\u00e9cnica de diagn\u00f3stico por imagen en la valoraci\u00f3n del \u00fatero y del endometrio. Aunque, tradicionalmente se ha utilizado en la valoraci\u00f3n de la patolog\u00eda benigna, en los \u00faltimos quince a\u00f1os ha cobrado especial relevancia en la subespecialidad de Oncolog\u00eda Ginecol\u00f3gica, al convertirse en una herramienta importante en la valoraci\u00f3n por imagen del c\u00e1ncer de endometrio y del c\u00e1ncer de c\u00e9rvix. Adem\u00e1s, la incorporaci\u00f3n de nuevas t\u00e9cnicas, como la ecograf\u00eda 3D, la convierte en id\u00f3nea para el estudio de determinadas patolog\u00edas, como las malformaciones cong\u00e9nitas de \u00fatero.<\/p><p>Esta obra es fruto de la experiencia cl\u00ednica, docente e investigadora de m\u00e1s de 25 a\u00f1os de su autor.<\/p><\/div><\/div>\t\t\t\t\t\t\t\t<\/div>\n\t\t\t\t<\/div>\n\t\t\t\t\t<\/div>\n\t\t\t\t<\/div>\n\t\t\t\t<\/div>\n\t\t","protected":false},"excerpt":{"rendered":"<p><strong>Autores:<\/strong>\u00a0Juan Luis Alc\u00e1zar Zambrano<br \/>\n<strong>ISBN:<\/strong> 9788491106135<br \/>\n<strong>Editorial:<\/strong>\u00a0Panamericana<br \/>\n<strong>Edici\u00f3n:<\/strong>\u00a01\u00aa<br \/>\n<strong>Especialidad<\/strong>: Ginecolog\u00eda y Obstetricia<br \/>\n<strong>P\u00e1ginas:\u00a0<\/strong>156<br \/>\n\u00a9 2021<\/p>\n","protected":false},"featured_media":12109,"comment_status":"open","ping_status":"open","template":"","meta":{"_joinchat":[]},"product_cat":[104],"product_tag":[105,70],"class_list":{"0":"post-12108","1":"product","2":"type-product","3":"status-publish","4":"has-post-thumbnail","6":"product_cat-ginecologia-y-obstetricia","7":"product_tag-ginecologia-y-obstetricia","8":"product_tag-panamericana","10":"first","11":"instock","12":"featured","13":"taxable","14":"shipping-taxable","15":"purchasable","16":"product-type-simple"},"_links":{"self":[{"href":"https:\/\/edimeinter.com\/libreria\/wp-json\/wp\/v2\/product\/12108","targetHints":{"allow":["GET"]}}],"collection":[{"href":"https:\/\/edimeinter.com\/libreria\/wp-json\/wp\/v2\/product"}],"about":[{"href":"https:\/\/edimeinter.com\/libreria\/wp-json\/wp\/v2\/types\/product"}],"replies":[{"embeddable":true,"href":"https:\/\/edimeinter.com\/libreria\/wp-json\/wp\/v2\/comments?post=12108"}],"version-history":[{"count":1,"href":"https:\/\/edimeinter.com\/libreria\/wp-json\/wp\/v2\/product\/12108\/revisions"}],"predecessor-version":[{"id":15319,"href":"https:\/\/edimeinter.com\/libreria\/wp-json\/wp\/v2\/product\/12108\/revisions\/15319"}],"wp:featuredmedia":[{"embeddable":true,"href":"https:\/\/edimeinter.com\/libreria\/wp-json\/wp\/v2\/media\/12109"}],"wp:attachment":[{"href":"https:\/\/edimeinter.com\/libreria\/wp-json\/wp\/v2\/media?parent=12108"}],"wp:term":[{"taxonomy":"product_cat","embeddable":true,"href":"https:\/\/edimeinter.com\/libreria\/wp-json\/wp\/v2\/product_cat?post=12108"},{"taxonomy":"product_tag","embeddable":true,"href":"https:\/\/edimeinter.com\/libreria\/wp-json\/wp\/v2\/product_tag?post=12108"}],"curies":[{"name":"wp","href":"https:\/\/api.w.org\/{rel}","templated":true}]}}