{"id":12120,"date":"2025-02-10T20:30:53","date_gmt":"2025-02-10T20:30:53","guid":{"rendered":"https:\/\/edimeinter.com\/libreria\/?post_type=product&#038;p=12120"},"modified":"2025-03-04T16:17:46","modified_gmt":"2025-03-04T16:17:46","slug":"neuropsicologia-a-traves-de-casos-clinicos-incluye-ebook-2a-edicion","status":"publish","type":"product","link":"https:\/\/edimeinter.com\/libreria\/product\/neuropsicologia-a-traves-de-casos-clinicos-incluye-ebook-2a-edicion\/","title":{"rendered":"Neuropsicolog\u00eda a trav\u00e9s de Casos Cl\u00ednicos. Incluye Ebook. 2\u00aa Edici\u00f3n"},"content":{"rendered":"\t\t<div data-elementor-type=\"wp-post\" data-elementor-id=\"12120\" class=\"elementor elementor-12120\">\n\t\t\t\t<div class=\"elementor-element elementor-element-2612b12 e-flex e-con-boxed e-con e-parent\" data-id=\"2612b12\" data-element_type=\"container\" data-e-type=\"container\">\n\t\t\t\t\t<div class=\"e-con-inner\">\n\t\t\n\t\t<div class=\"elementor-element elementor-element-498707ae elementor-widget elementor-widget-text-editor\" data-id=\"498707ae\" data-element_type=\"widget\" data-e-type=\"widget\" data-widget_type=\"text-editor.default\">\n\t\t\t\t<div class=\"elementor-widget-container\">\n\t\t\t\t\t\t\t\t\t<div role=\"tabpanel\" aria-labelledby=\"ui-id-2\" aria-hidden=\"false\"><div data-style=\"accordion-style\" data-initialindex=\"0\"><p>La segunda edici\u00f3n de\u00a0<em>Neuropsicolog\u00eda a trav\u00e9s de casos cl\u00ednicos<\/em>\u00a0actualiza y amplia los contenidos de la primera, cuya aceptaci\u00f3n en el \u00e1mbito acad\u00e9mico y profesional de Espa\u00f1a y Latinoam\u00e9rica, la ha convertido en un texto de referencia en la materia.<\/p><p>En cada cap\u00edtulo de esta obra se actualizan los modelos te\u00f3ricos, las herramientas de evaluaci\u00f3n o las t\u00e9cnicas de rehabilitaci\u00f3n contrastadas a partir de la reciente investigaci\u00f3n b\u00e1sica y aplicada en neuropsicolog\u00eda y neurociencias, mediante el an\u00e1lisis de casos reales \u2014descritos y analizados por los profesionales que los atendieron\u2014.<\/p><p>Se incluyen nuevas p\u00e1ginas sobre entidades cl\u00ednicas relevantes como las alteraciones de la conciencia, la anosognosia, las amnesias transitorias, las apraxias, la afectaci\u00f3n de la cognici\u00f3n social o el deterioro cognitivo leve. Adem\u00e1s, se incorporan cap\u00edtulos de introducci\u00f3n hist\u00f3rica y de nuevas tecnolog\u00edas para la rehabilitaci\u00f3n neuropsicol\u00f3gica.<\/p><p>El contenido est\u00e1 dividido en ocho bloques tem\u00e1ticos, en los cuales se repasa la historia de la disciplina, la neuropatolog\u00eda m\u00e1s relevante y las principales t\u00e9cnicas de neuroimagen. Se revisan los grandes cuadros neuropsicol\u00f3gicos, se examinan las principales aportaciones de la neuropsicolog\u00eda al \u00e1mbito de la salud mental, se presenta la valoraci\u00f3n de las secuelas del da\u00f1o cerebral que realiza la neuropsicolog\u00eda forense y la rehabilitaci\u00f3n cl\u00e1sica o con nuevos m\u00e9todos y tecnolog\u00edas.<\/p><p>La presente edici\u00f3n cuenta con m\u00faltiples recursos did\u00e1cticos: figuras, tablas, objetivos de aprendizaje, res\u00famenes, selecci\u00f3n de bibliograf\u00eda especializada y actividades autoformativas para consolidar los contenidos de neuroanatom\u00eda, neuroimagen y pruebas de evaluaci\u00f3n; y otras tareas, con un objetivo m\u00e1s l\u00fadico, que proponen el an\u00e1lisis de obras literarias, pel\u00edculas o documentales.<\/p><\/div><\/div>\t\t\t\t\t\t\t\t<\/div>\n\t\t\t\t<\/div>\n\t\t\t\t\t<\/div>\n\t\t\t\t<\/div>\n\t\t\t\t<\/div>\n\t\t","protected":false},"excerpt":{"rendered":"<p><strong>Autores:<\/strong>\u00a0M\u00f3nica Trivi\u00f1o Mosquera, Marisa Arnedo Montoro, Judit Bembibre Serrano<br \/>\n<strong>ISBN:<\/strong>\u00a09788491107118<br \/>\n<strong>Editorial:<\/strong>\u00a0Panamericana<br \/>\n<strong>Edici\u00f3n:<\/strong>\u00a02\u00aa<br \/>\n<strong>Especialidad<\/strong>:\u00a0Neurolog\u00eda<br \/>\n<strong>P\u00e1ginas:\u00a0<\/strong>505<br \/>\n\u00a9 2021<\/p>\n","protected":false},"featured_media":12121,"comment_status":"open","ping_status":"open","template":"","meta":{"_joinchat":[]},"product_cat":[122],"product_tag":[123,70],"class_list":{"0":"post-12120","1":"product","2":"type-product","3":"status-publish","4":"has-post-thumbnail","6":"product_cat-neurologia","7":"product_tag-neurologia","8":"product_tag-panamericana","10":"first","11":"instock","12":"featured","13":"taxable","14":"shipping-taxable","15":"purchasable","16":"product-type-simple"},"_links":{"self":[{"href":"https:\/\/edimeinter.com\/libreria\/wp-json\/wp\/v2\/product\/12120","targetHints":{"allow":["GET"]}}],"collection":[{"href":"https:\/\/edimeinter.com\/libreria\/wp-json\/wp\/v2\/product"}],"about":[{"href":"https:\/\/edimeinter.com\/libreria\/wp-json\/wp\/v2\/types\/product"}],"replies":[{"embeddable":true,"href":"https:\/\/edimeinter.com\/libreria\/wp-json\/wp\/v2\/comments?post=12120"}],"version-history":[{"count":1,"href":"https:\/\/edimeinter.com\/libreria\/wp-json\/wp\/v2\/product\/12120\/revisions"}],"predecessor-version":[{"id":15321,"href":"https:\/\/edimeinter.com\/libreria\/wp-json\/wp\/v2\/product\/12120\/revisions\/15321"}],"wp:featuredmedia":[{"embeddable":true,"href":"https:\/\/edimeinter.com\/libreria\/wp-json\/wp\/v2\/media\/12121"}],"wp:attachment":[{"href":"https:\/\/edimeinter.com\/libreria\/wp-json\/wp\/v2\/media?parent=12120"}],"wp:term":[{"taxonomy":"product_cat","embeddable":true,"href":"https:\/\/edimeinter.com\/libreria\/wp-json\/wp\/v2\/product_cat?post=12120"},{"taxonomy":"product_tag","embeddable":true,"href":"https:\/\/edimeinter.com\/libreria\/wp-json\/wp\/v2\/product_tag?post=12120"}],"curies":[{"name":"wp","href":"https:\/\/api.w.org\/{rel}","templated":true}]}}