{"id":12126,"date":"2025-02-10T20:34:05","date_gmt":"2025-02-10T20:34:05","guid":{"rendered":"https:\/\/edimeinter.com\/libreria\/?post_type=product&#038;p=12126"},"modified":"2025-03-04T16:18:40","modified_gmt":"2025-03-04T16:18:40","slug":"la-medicina-en-la-historia-incluye-ebook-1a-edicion","status":"publish","type":"product","link":"https:\/\/edimeinter.com\/libreria\/product\/la-medicina-en-la-historia-incluye-ebook-1a-edicion\/","title":{"rendered":"La Medicina en la Historia. Incluye Ebook. 1\u00aa Edici\u00f3n"},"content":{"rendered":"\t\t<div data-elementor-type=\"wp-post\" data-elementor-id=\"12126\" class=\"elementor elementor-12126\">\n\t\t\t\t<div class=\"elementor-element elementor-element-2612b12 e-flex e-con-boxed e-con e-parent\" data-id=\"2612b12\" data-element_type=\"container\" data-e-type=\"container\">\n\t\t\t\t\t<div class=\"e-con-inner\">\n\t\t\n\t\t<div class=\"elementor-element elementor-element-498707ae elementor-widget elementor-widget-text-editor\" data-id=\"498707ae\" data-element_type=\"widget\" data-e-type=\"widget\" data-widget_type=\"text-editor.default\">\n\t\t\t\t<div class=\"elementor-widget-container\">\n\t\t\t\t\t\t\t\t\t<div role=\"tabpanel\" aria-labelledby=\"ui-id-2\" aria-hidden=\"false\"><div data-style=\"accordion-style\" data-initialindex=\"0\"><p>Este libro trata del devenir de una de las actividades m\u00e1s nobles que en el curso de la Historia ha creado el humano: la medicina. Esta afirmaci\u00f3n resulta cierta si por medicina entendemos todo acto intencional realizado en forma directa con el fin de aliviar un sufrimiento biopsicosocial del humano, preservar la salud y prevenir la p\u00e9rdida de la misma.<\/p><p>Todo pasado m\u00e9dico es digno de estudiarse y de ser objeto de reflexi\u00f3n para comprender el desarrollo y la situaci\u00f3n actual de la medicina. Las humanidades cumplen esa funci\u00f3n, son imprescindibles porque inducen a reflexionar a partir de los contenidos de la filosof\u00eda y de la historia, que ennoblecen a las personas. Hoy en d\u00eda, la historia de la medicina, entendida como disciplina independiente, se ha institucionalizado, por ello el presente libro engloba de manera profesional el curso de la medicina universal en general, y de la medicina mexicana en particular, ambas con su valor propio.<\/p><p>El texto en cuesti\u00f3n es el producto del esfuerzo conjunto de un grupo de profesores del Departamento de Historia y Filosof\u00eda de la Medicina de la Facultad de Medicina de la UNAM, m\u00e1s un colaborador externo; realizaci\u00f3n de un proyecto de largo tiempo atr\u00e1s, concretado y materializado bajo la organizaci\u00f3n de la Jefatura del Departamento de Historia y Filosof\u00eda, y con el incondicional apoyo de la Direcci\u00f3n de la Facultad de Medicina de la UNAM.<\/p><p>As\u00ed, esta obra viene a satisfacer una necesidad conocida tambi\u00e9n de largo tiempo: un libro de texto adaptado a los programas de estudio de historia de la medicina, escrito con rigor cient\u00edfico, que abarca en su contenido el extenso panorama de la historia, desde los primeros pasos del g\u00e9nero Homo hasta la actualidad, sit\u00faa el examen de las caracter\u00edsticas propias de los diversos modelos m\u00e9dicos [concepci\u00f3n de la enfermedad y orientaci\u00f3n general de la terap\u00e9utica] en sus contextos socioecon\u00f3micos reales, y reserva el espacio necesario para conocer y comprender el rol que representan los sujetos [protagonistas y hacedores] de esa historia: el paciente y el m\u00e9dico. Vaya en honor a todos ellos nuestro esfuerzo.<\/p><\/div><\/div>\t\t\t\t\t\t\t\t<\/div>\n\t\t\t\t<\/div>\n\t\t\t\t\t<\/div>\n\t\t\t\t<\/div>\n\t\t\t\t<\/div>\n\t\t","protected":false},"excerpt":{"rendered":"<p><strong>Autores:<\/strong>\u00a0Martha Eugenia Rodr\u00edguez P\u00e9rez, Ruy Echavarr\u00eda Rodr\u00edguez<br \/>\n<strong>ISBN:<\/strong>\u00a09786078546381<br \/>\n<strong>Editorial:<\/strong>\u00a0Panamericana<br \/>\n<strong>Edici\u00f3n:<\/strong>\u00a01\u00aa<br \/>\n<strong>Especialidad<\/strong>: Educaci\u00f3n M\u00e9dica<br \/>\n<strong>P\u00e1ginas:\u00a0<\/strong>360<br \/>\n\u00a9 2021<\/p>\n","protected":false},"featured_media":12127,"comment_status":"open","ping_status":"open","template":"","meta":{"_joinchat":[]},"product_cat":[160],"product_tag":[161,70],"class_list":{"0":"post-12126","1":"product","2":"type-product","3":"status-publish","4":"has-post-thumbnail","6":"product_cat-educacion-medica","7":"product_tag-educacion-medica","8":"product_tag-panamericana","10":"first","11":"instock","12":"featured","13":"taxable","14":"shipping-taxable","15":"purchasable","16":"product-type-simple"},"_links":{"self":[{"href":"https:\/\/edimeinter.com\/libreria\/wp-json\/wp\/v2\/product\/12126","targetHints":{"allow":["GET"]}}],"collection":[{"href":"https:\/\/edimeinter.com\/libreria\/wp-json\/wp\/v2\/product"}],"about":[{"href":"https:\/\/edimeinter.com\/libreria\/wp-json\/wp\/v2\/types\/product"}],"replies":[{"embeddable":true,"href":"https:\/\/edimeinter.com\/libreria\/wp-json\/wp\/v2\/comments?post=12126"}],"version-history":[{"count":2,"href":"https:\/\/edimeinter.com\/libreria\/wp-json\/wp\/v2\/product\/12126\/revisions"}],"predecessor-version":[{"id":15323,"href":"https:\/\/edimeinter.com\/libreria\/wp-json\/wp\/v2\/product\/12126\/revisions\/15323"}],"wp:featuredmedia":[{"embeddable":true,"href":"https:\/\/edimeinter.com\/libreria\/wp-json\/wp\/v2\/media\/12127"}],"wp:attachment":[{"href":"https:\/\/edimeinter.com\/libreria\/wp-json\/wp\/v2\/media?parent=12126"}],"wp:term":[{"taxonomy":"product_cat","embeddable":true,"href":"https:\/\/edimeinter.com\/libreria\/wp-json\/wp\/v2\/product_cat?post=12126"},{"taxonomy":"product_tag","embeddable":true,"href":"https:\/\/edimeinter.com\/libreria\/wp-json\/wp\/v2\/product_tag?post=12126"}],"curies":[{"name":"wp","href":"https:\/\/api.w.org\/{rel}","templated":true}]}}