{"id":12145,"date":"2025-02-10T20:59:20","date_gmt":"2025-02-10T20:59:20","guid":{"rendered":"https:\/\/edimeinter.com\/libreria\/?post_type=product&#038;p=12145"},"modified":"2025-03-04T16:27:37","modified_gmt":"2025-03-04T16:27:37","slug":"manejo-avanzado-del-paciente-politraumatizado-incluye-ebook-1a-edicion","status":"publish","type":"product","link":"https:\/\/edimeinter.com\/libreria\/product\/manejo-avanzado-del-paciente-politraumatizado-incluye-ebook-1a-edicion\/","title":{"rendered":"Manejo Avanzado del Paciente Politraumatizado. Incluye Ebook. 1\u00aa Edici\u00f3n"},"content":{"rendered":"\t\t<div data-elementor-type=\"wp-post\" data-elementor-id=\"12145\" class=\"elementor elementor-12145\">\n\t\t\t\t<div class=\"elementor-element elementor-element-2612b12 e-flex e-con-boxed e-con e-parent\" data-id=\"2612b12\" data-element_type=\"container\" data-e-type=\"container\">\n\t\t\t\t\t<div class=\"e-con-inner\">\n\t\t\n\t\t<div class=\"elementor-element elementor-element-498707ae elementor-widget elementor-widget-text-editor\" data-id=\"498707ae\" data-element_type=\"widget\" data-e-type=\"widget\" data-widget_type=\"text-editor.default\">\n\t\t\t\t<div class=\"elementor-widget-container\">\n\t\t\t\t\t\t\t\t\t<div role=\"tabpanel\" aria-labelledby=\"ui-id-2\" aria-hidden=\"false\"><div data-style=\"accordion-style\" data-initialindex=\"0\"><p>Esta obra aborda de forma multidisciplinar el tratamiento de los pacientes politraumatizados haciendo \u00e9nfasis en la necesidad de una terapia individualizada basada en una monitorizaci\u00f3n multimodal. La atenci\u00f3n integral y multidisciplinar que estos requieren no debe terminar hasta la completa estabilizaci\u00f3n del paciente fruto del tratamiento definitivo de sus lesiones.<\/p><p>Manejo Avanzado del Paciente Politraumatizado est\u00e1 compuesto por 31 cap\u00edtulos que han sido elaborados por profesionales expertos en el manejo del paciente politraumatizado de diferentes especialidades: anestesi\u00f3logos, cirujanos, traumat\u00f3logos, radi\u00f3logos, radi\u00f3logos intervencionistas y educadores. El contenido de este manual, que incluye los conocimientos y las habilidades espec\u00edficas de los diferentes especialistas ofrece un abordaje integral especializado para este tipo de pacientes, centr\u00e1ndose en la franja temporal que surge despu\u00e9s de la atenci\u00f3n inicial del paciente politraumatizado.<\/p><p>Esta publicaci\u00f3n va especialmente dirigida a aquellos profesionales m\u00e9dicos responsables de pacientes politraumatizados graves a nivel hospitalario, los cuales deben tener un modelo mental flexible que les permita adaptar sus conocimientos te\u00f3ricos y pr\u00e1cticos a la compleja evoluci\u00f3n de estos pacientes.<\/p><\/div><\/div>\t\t\t\t\t\t\t\t<\/div>\n\t\t\t\t<\/div>\n\t\t\t\t\t<\/div>\n\t\t\t\t<\/div>\n\t\t\t\t<\/div>\n\t\t","protected":false},"excerpt":{"rendered":"<p><strong>Autores:<\/strong>\u00a0Patricia Duque Gonz\u00e1lez, Patricia Pi\u00f1eiro Otero, Jes\u00fas Alberto Varela Cabo<br \/>\n<strong>ISBN:<\/strong>\u00a09788491103929<br \/>\n<strong>Editorial:<\/strong>\u00a0Panamericana<br \/>\n<strong>Edici\u00f3n:<\/strong>\u00a01\u00aa<br \/>\n<strong>Especialidad<\/strong>: Anestesiolog\u00eda y Reanimaci\u00f3n<br \/>\n<strong>P\u00e1ginas:\u00a0<\/strong>330<br \/>\n\u00a9 2020<\/p>\n","protected":false},"featured_media":12146,"comment_status":"open","ping_status":"open","template":"","meta":{"_joinchat":[]},"product_cat":[86],"product_tag":[87,70],"class_list":{"0":"post-12145","1":"product","2":"type-product","3":"status-publish","4":"has-post-thumbnail","6":"product_cat-anestesiologia-y-reanimacion","7":"product_tag-anestesiologia-y-reanimacion","8":"product_tag-panamericana","10":"first","11":"instock","12":"featured","13":"taxable","14":"shipping-taxable","15":"purchasable","16":"product-type-simple"},"_links":{"self":[{"href":"https:\/\/edimeinter.com\/libreria\/wp-json\/wp\/v2\/product\/12145","targetHints":{"allow":["GET"]}}],"collection":[{"href":"https:\/\/edimeinter.com\/libreria\/wp-json\/wp\/v2\/product"}],"about":[{"href":"https:\/\/edimeinter.com\/libreria\/wp-json\/wp\/v2\/types\/product"}],"replies":[{"embeddable":true,"href":"https:\/\/edimeinter.com\/libreria\/wp-json\/wp\/v2\/comments?post=12145"}],"version-history":[{"count":1,"href":"https:\/\/edimeinter.com\/libreria\/wp-json\/wp\/v2\/product\/12145\/revisions"}],"predecessor-version":[{"id":15327,"href":"https:\/\/edimeinter.com\/libreria\/wp-json\/wp\/v2\/product\/12145\/revisions\/15327"}],"wp:featuredmedia":[{"embeddable":true,"href":"https:\/\/edimeinter.com\/libreria\/wp-json\/wp\/v2\/media\/12146"}],"wp:attachment":[{"href":"https:\/\/edimeinter.com\/libreria\/wp-json\/wp\/v2\/media?parent=12145"}],"wp:term":[{"taxonomy":"product_cat","embeddable":true,"href":"https:\/\/edimeinter.com\/libreria\/wp-json\/wp\/v2\/product_cat?post=12145"},{"taxonomy":"product_tag","embeddable":true,"href":"https:\/\/edimeinter.com\/libreria\/wp-json\/wp\/v2\/product_tag?post=12145"}],"curies":[{"name":"wp","href":"https:\/\/api.w.org\/{rel}","templated":true}]}}