{"id":12151,"date":"2025-02-10T21:02:32","date_gmt":"2025-02-10T21:02:32","guid":{"rendered":"https:\/\/edimeinter.com\/libreria\/?post_type=product&#038;p=12151"},"modified":"2026-01-30T16:58:22","modified_gmt":"2026-01-30T16:58:22","slug":"el-razonamiento-clinico-en-la-era-de-la-medicina-digital-1a-edicion","status":"publish","type":"product","link":"https:\/\/edimeinter.com\/libreria\/product\/el-razonamiento-clinico-en-la-era-de-la-medicina-digital-1a-edicion\/","title":{"rendered":"El Razonamiento Cl\u00ednico en la era de la Medicina Digital. 1\u00aa Edici\u00f3n"},"content":{"rendered":"\t\t<div data-elementor-type=\"wp-post\" data-elementor-id=\"12151\" class=\"elementor elementor-12151\">\n\t\t\t\t<div class=\"elementor-element elementor-element-2612b12 e-flex e-con-boxed e-con e-parent\" data-id=\"2612b12\" data-element_type=\"container\" data-e-type=\"container\">\n\t\t\t\t\t<div class=\"e-con-inner\">\n\t\t\n\t\t<div class=\"elementor-element elementor-element-498707ae elementor-widget elementor-widget-text-editor\" data-id=\"498707ae\" data-element_type=\"widget\" data-e-type=\"widget\" data-widget_type=\"text-editor.default\">\n\t\t\t\t<div class=\"elementor-widget-container\">\n\t\t\t\t\t\t\t\t\t<div role=\"tabpanel\" aria-labelledby=\"ui-id-2\" aria-hidden=\"false\"><div data-style=\"accordion-style\" data-initialindex=\"0\"><p>En este libro encontrar\u00e1 los \u00faltimos avances relacionados con el razonamiento m\u00e9dico asistido por las herramientas tecnol\u00f3gicas. Para ello nos adentraremos en las bases cognitivas, el uso de herramientas de apoyo, el manejo de la informaci\u00f3n y el manejo de la incertidumbre, que incluye por supuesto, la seguridad del paciente.<\/p><p>Por medio del estudio de este material podr\u00e1 ser consciente del proceso de razonamiento y, con esto, poder impactar de manera positiva en la sociedad, desde la formaci\u00f3n y atenci\u00f3n cl\u00ednica hasta el dise\u00f1o y aplicaci\u00f3n de pol\u00edticas p\u00fablicas. Esperamos que le sea de utilidad su lectura y con ello contribuir a una atenci\u00f3n m\u00e9dica m\u00e1s segura y satisfactoria para pacientes y personal de salud.<\/p><\/div><\/div>\t\t\t\t\t\t\t\t<\/div>\n\t\t\t\t<\/div>\n\t\t\t\t\t<\/div>\n\t\t\t\t<\/div>\n\t\t\t\t<\/div>\n\t\t","protected":false},"excerpt":{"rendered":"<p><strong>Autores:<\/strong>\u00a0Esther Mahuina Campos, Dania Nimbe Lima, Fabi\u00e1n Hern\u00e1ndez, Alejandro Alayola<br \/>\n<strong>ISBN:<\/strong>\u00a09786078546411<br \/>\n<strong>Editorial:<\/strong>\u00a0Panamericana<br \/>\n<strong>Edici\u00f3n:<\/strong>\u00a01\u00aa<br \/>\n<strong>Especialidad<\/strong>: Educaci\u00f3n M\u00e9dica<br \/>\n<strong>P\u00e1ginas:\u00a0<\/strong>153<br \/>\n\u00a9 2020<\/p>\n","protected":false},"featured_media":12152,"comment_status":"open","ping_status":"closed","template":"","meta":{"_joinchat":[]},"product_cat":[160],"product_tag":[161,70],"class_list":{"0":"post-12151","1":"product","2":"type-product","3":"status-publish","4":"has-post-thumbnail","6":"product_cat-educacion-medica","7":"product_tag-educacion-medica","8":"product_tag-panamericana","10":"first","11":"outofstock","12":"featured","13":"taxable","14":"shipping-taxable","15":"purchasable","16":"product-type-simple"},"_links":{"self":[{"href":"https:\/\/edimeinter.com\/libreria\/wp-json\/wp\/v2\/product\/12151","targetHints":{"allow":["GET"]}}],"collection":[{"href":"https:\/\/edimeinter.com\/libreria\/wp-json\/wp\/v2\/product"}],"about":[{"href":"https:\/\/edimeinter.com\/libreria\/wp-json\/wp\/v2\/types\/product"}],"replies":[{"embeddable":true,"href":"https:\/\/edimeinter.com\/libreria\/wp-json\/wp\/v2\/comments?post=12151"}],"version-history":[{"count":1,"href":"https:\/\/edimeinter.com\/libreria\/wp-json\/wp\/v2\/product\/12151\/revisions"}],"predecessor-version":[{"id":15328,"href":"https:\/\/edimeinter.com\/libreria\/wp-json\/wp\/v2\/product\/12151\/revisions\/15328"}],"wp:featuredmedia":[{"embeddable":true,"href":"https:\/\/edimeinter.com\/libreria\/wp-json\/wp\/v2\/media\/12152"}],"wp:attachment":[{"href":"https:\/\/edimeinter.com\/libreria\/wp-json\/wp\/v2\/media?parent=12151"}],"wp:term":[{"taxonomy":"product_cat","embeddable":true,"href":"https:\/\/edimeinter.com\/libreria\/wp-json\/wp\/v2\/product_cat?post=12151"},{"taxonomy":"product_tag","embeddable":true,"href":"https:\/\/edimeinter.com\/libreria\/wp-json\/wp\/v2\/product_tag?post=12151"}],"curies":[{"name":"wp","href":"https:\/\/api.w.org\/{rel}","templated":true}]}}