{"id":12157,"date":"2025-02-10T21:47:09","date_gmt":"2025-02-10T21:47:09","guid":{"rendered":"https:\/\/edimeinter.com\/libreria\/?post_type=product&#038;p=12157"},"modified":"2025-03-04T16:30:29","modified_gmt":"2025-03-04T16:30:29","slug":"psicologia-del-lenguaje-incluye-version-digital-2a-edicion","status":"publish","type":"product","link":"https:\/\/edimeinter.com\/libreria\/product\/psicologia-del-lenguaje-incluye-version-digital-2a-edicion\/","title":{"rendered":"Psicolog\u00eda del Lenguaje (incluye versi\u00f3n digital). 2\u00aa Edici\u00f3n"},"content":{"rendered":"\t\t<div data-elementor-type=\"wp-post\" data-elementor-id=\"12157\" class=\"elementor elementor-12157\">\n\t\t\t\t<div class=\"elementor-element elementor-element-2612b12 e-flex e-con-boxed e-con e-parent\" data-id=\"2612b12\" data-element_type=\"container\" data-e-type=\"container\">\n\t\t\t\t\t<div class=\"e-con-inner\">\n\t\t\n\t\t<div class=\"elementor-element elementor-element-498707ae elementor-widget elementor-widget-text-editor\" data-id=\"498707ae\" data-element_type=\"widget\" data-e-type=\"widget\" data-widget_type=\"text-editor.default\">\n\t\t\t\t<div class=\"elementor-widget-container\">\n\t\t\t\t\t\t\t\t\t<div role=\"tabpanel\" aria-labelledby=\"ui-id-2\" aria-hidden=\"false\"><div data-style=\"accordion-style\" data-initialindex=\"0\"><p>La psicolog\u00eda del lenguaje es la disciplina que estudia los procesos psicol\u00f3gicos y neurol\u00f3gicos encargados de la adquisici\u00f3n, el uso, la producci\u00f3n y la comprensi\u00f3n del lenguaje. Aunque esta rama de la psicolog\u00eda, hist\u00f3ricamente, hab\u00eda basado sus investigaciones en la lengua inglesa, cada vez son m\u00e1s comunes los estudios transling\u00fc\u00edsticos, que revelan las semejanzas y las diferencias que existen en los procesos entre los diferentes idiomas.<\/p><p>La segunda edici\u00f3n de esta obra actualiza y mejora la versi\u00f3n anterior, e introduce dos nuevos cap\u00edtulos dedicados a la escritura y al biling\u00fcismo.<\/p><\/div><\/div>\t\t\t\t\t\t\t\t<\/div>\n\t\t\t\t<\/div>\n\t\t\t\t\t<\/div>\n\t\t\t\t<\/div>\n\t\t\t\t<\/div>\n\t\t","protected":false},"excerpt":{"rendered":"<p><strong>Autores:<\/strong>\u00a0Fernando Cuetos Vega, Julio Gonz\u00e1lez \u00c1lvarez, Manuel de Vega Rodr\u00edguez<br \/>\n<strong>ISBN:<\/strong>\u00a09788491104346<br \/>\n<strong>Editorial:<\/strong>\u00a0Panamericana<br \/>\n<strong>Edici\u00f3n:<\/strong>\u00a02\u00aa<br \/>\n<strong>Especialidad<\/strong>: Fonoaudiolog\u00eda y Logopedia<br \/>\n<strong>P\u00e1ginas:\u00a0<\/strong>412<br \/>\n\u00a9 2021<\/p>\n","protected":false},"featured_media":12158,"comment_status":"open","ping_status":"open","template":"","meta":{"_joinchat":[]},"product_cat":[126],"product_tag":[127,70],"class_list":{"0":"post-12157","1":"product","2":"type-product","3":"status-publish","4":"has-post-thumbnail","6":"product_cat-fonoaudiologia","7":"product_tag-fonoaudiologia","8":"product_tag-panamericana","10":"first","11":"instock","12":"featured","13":"taxable","14":"shipping-taxable","15":"purchasable","16":"product-type-simple"},"_links":{"self":[{"href":"https:\/\/edimeinter.com\/libreria\/wp-json\/wp\/v2\/product\/12157","targetHints":{"allow":["GET"]}}],"collection":[{"href":"https:\/\/edimeinter.com\/libreria\/wp-json\/wp\/v2\/product"}],"about":[{"href":"https:\/\/edimeinter.com\/libreria\/wp-json\/wp\/v2\/types\/product"}],"replies":[{"embeddable":true,"href":"https:\/\/edimeinter.com\/libreria\/wp-json\/wp\/v2\/comments?post=12157"}],"version-history":[{"count":1,"href":"https:\/\/edimeinter.com\/libreria\/wp-json\/wp\/v2\/product\/12157\/revisions"}],"predecessor-version":[{"id":15329,"href":"https:\/\/edimeinter.com\/libreria\/wp-json\/wp\/v2\/product\/12157\/revisions\/15329"}],"wp:featuredmedia":[{"embeddable":true,"href":"https:\/\/edimeinter.com\/libreria\/wp-json\/wp\/v2\/media\/12158"}],"wp:attachment":[{"href":"https:\/\/edimeinter.com\/libreria\/wp-json\/wp\/v2\/media?parent=12157"}],"wp:term":[{"taxonomy":"product_cat","embeddable":true,"href":"https:\/\/edimeinter.com\/libreria\/wp-json\/wp\/v2\/product_cat?post=12157"},{"taxonomy":"product_tag","embeddable":true,"href":"https:\/\/edimeinter.com\/libreria\/wp-json\/wp\/v2\/product_tag?post=12157"}],"curies":[{"name":"wp","href":"https:\/\/api.w.org\/{rel}","templated":true}]}}