{"id":12163,"date":"2025-02-10T21:57:12","date_gmt":"2025-02-10T21:57:12","guid":{"rendered":"https:\/\/edimeinter.com\/libreria\/?post_type=product&#038;p=12163"},"modified":"2025-03-04T16:33:53","modified_gmt":"2025-03-04T16:33:53","slug":"cirugia-de-la-obesidad-incluye-ebook-1a-edicion","status":"publish","type":"product","link":"https:\/\/edimeinter.com\/libreria\/product\/cirugia-de-la-obesidad-incluye-ebook-1a-edicion\/","title":{"rendered":"Cirug\u00eda de la Obesidad. Incluye Ebook. 1\u00aa Edici\u00f3n"},"content":{"rendered":"\t\t<div data-elementor-type=\"wp-post\" data-elementor-id=\"12163\" class=\"elementor elementor-12163\">\n\t\t\t\t<div class=\"elementor-element elementor-element-2612b12 e-flex e-con-boxed e-con e-parent\" data-id=\"2612b12\" data-element_type=\"container\" data-e-type=\"container\">\n\t\t\t\t\t<div class=\"e-con-inner\">\n\t\t\n\t\t<div class=\"elementor-element elementor-element-498707ae elementor-widget elementor-widget-text-editor\" data-id=\"498707ae\" data-element_type=\"widget\" data-e-type=\"widget\" data-widget_type=\"text-editor.default\">\n\t\t\t\t<div class=\"elementor-widget-container\">\n\t\t\t\t\t\t\t\t\t<div role=\"tabpanel\" aria-labelledby=\"ui-id-2\" aria-hidden=\"false\"><div data-style=\"accordion-style\" data-initialindex=\"0\"><p>Proporciona una amplia visi\u00f3n del manejo de pacientes con obesidad m\u00f3rbida, un \u00e1rea de conocimiento relativamente joven y con gran proyecci\u00f3n cient\u00edfica, e incluye temas novedosos como el abordaje endosc\u00f3pico, nuevas indicaciones como el NASH, nuevas teor\u00edas fisiopatol\u00f3gicas como la microbi\u00f3tica y las t\u00e9cnicas quir\u00fargicas o el manejo perioperatorio m\u00e1s actualizado.<\/p><p>Cirug\u00eda de la Obesidad ha sido promovida conjuntamente por la Asociaci\u00f3n Espa\u00f1ola de Cirujanos (AEC) y la Sociedad Espa\u00f1ola de Cirug\u00eda de la Obesidad (SECO). El trabajo de los autores, todos ellos relevantes expertos de \u00e1mbito nacional, ha sido dirigido por Mar\u00eda Dolores Frutos Bernal, responsable de los Cursos de Formaci\u00f3n de la SECO, y Amador Garc\u00eda Ru\u00edz de Gordejuela, coordinador de la Secci\u00f3n de Cirug\u00eda de la Obesidad de la AEC; con el asesoramiento de Juan Carlos Ru\u00edz de Adana y Felipe de la Cruz Vigo, en representaci\u00f3n de la Fundaci\u00f3n y el Comit\u00e9 Cient\u00edfico de la SECO, respectivamente.<\/p><p>Ofrece una visi\u00f3n muy completa sobre la obesidad y todo lo que esta implica. El libro est\u00e1 estructurado en grupos de cap\u00edtulos dedicados a aspectos generales de la obesidad, al tratamiento quir\u00fargico y endosc\u00f3pico, al manejo perioperatorio y seguimiento, a la cirug\u00eda de revisi\u00f3n, metab\u00f3lica y en obesidad grado I y a aspectos puntuales como el trasplante, la pared abdominal o la gesti\u00f3n cl\u00ednica bari\u00e1trica.<\/p><\/div><\/div>\t\t\t\t\t\t\t\t<\/div>\n\t\t\t\t<\/div>\n\t\t\t\t\t<\/div>\n\t\t\t\t<\/div>\n\t\t\t\t<\/div>\n\t\t","protected":false},"excerpt":{"rendered":"<p><strong>Autores:<\/strong>\u00a0AEC Asociaci\u00f3n Espa\u00f1ola de Cirujanos, SECO Sociedad Espa\u00f1ola de Cirug\u00eda de la Obesidad, Maria Dolores Frutos Bernal, Amador Garcia Ruiz de Gordejuela, Juan Carlos Ru\u00edz de Adana, Felipe de la Cruz Vigo<br \/>\n<strong>ISBN:<\/strong>\u00a09788491105176<br \/>\n<strong>Editorial:<\/strong>\u00a0Panamericana<br \/>\n<strong>Edici\u00f3n:<\/strong>\u00a01\u00aa<br \/>\n<strong>Especialidad<\/strong>:\u00a0Cirug\u00eda<br \/>\n<strong>P\u00e1ginas:\u00a0<\/strong>666<br \/>\n\u00a9 2020<\/p>\n","protected":false},"featured_media":12164,"comment_status":"open","ping_status":"open","template":"","meta":{"_joinchat":[]},"product_cat":[175],"product_tag":[176,70],"class_list":{"0":"post-12163","1":"product","2":"type-product","3":"status-publish","4":"has-post-thumbnail","6":"product_cat-cirugia","7":"product_tag-cirugia","8":"product_tag-panamericana","10":"first","11":"instock","12":"featured","13":"taxable","14":"shipping-taxable","15":"purchasable","16":"product-type-simple"},"_links":{"self":[{"href":"https:\/\/edimeinter.com\/libreria\/wp-json\/wp\/v2\/product\/12163","targetHints":{"allow":["GET"]}}],"collection":[{"href":"https:\/\/edimeinter.com\/libreria\/wp-json\/wp\/v2\/product"}],"about":[{"href":"https:\/\/edimeinter.com\/libreria\/wp-json\/wp\/v2\/types\/product"}],"replies":[{"embeddable":true,"href":"https:\/\/edimeinter.com\/libreria\/wp-json\/wp\/v2\/comments?post=12163"}],"version-history":[{"count":2,"href":"https:\/\/edimeinter.com\/libreria\/wp-json\/wp\/v2\/product\/12163\/revisions"}],"predecessor-version":[{"id":15335,"href":"https:\/\/edimeinter.com\/libreria\/wp-json\/wp\/v2\/product\/12163\/revisions\/15335"}],"wp:featuredmedia":[{"embeddable":true,"href":"https:\/\/edimeinter.com\/libreria\/wp-json\/wp\/v2\/media\/12164"}],"wp:attachment":[{"href":"https:\/\/edimeinter.com\/libreria\/wp-json\/wp\/v2\/media?parent=12163"}],"wp:term":[{"taxonomy":"product_cat","embeddable":true,"href":"https:\/\/edimeinter.com\/libreria\/wp-json\/wp\/v2\/product_cat?post=12163"},{"taxonomy":"product_tag","embeddable":true,"href":"https:\/\/edimeinter.com\/libreria\/wp-json\/wp\/v2\/product_tag?post=12163"}],"curies":[{"name":"wp","href":"https:\/\/api.w.org\/{rel}","templated":true}]}}