{"id":12169,"date":"2025-02-10T21:59:35","date_gmt":"2025-02-10T21:59:35","guid":{"rendered":"https:\/\/edimeinter.com\/libreria\/?post_type=product&#038;p=12169"},"modified":"2025-05-01T20:06:33","modified_gmt":"2025-05-01T20:06:33","slug":"abrahams-y-mcminn-atlas-clinico-de-anatomia-humana-8a-edicion","status":"publish","type":"product","link":"https:\/\/edimeinter.com\/libreria\/product\/abrahams-y-mcminn-atlas-clinico-de-anatomia-humana-8a-edicion\/","title":{"rendered":"Abrahams y McMinn. Atlas Cl\u00ednico de Anatom\u00eda Humana. 8\u00aa Edici\u00f3n"},"content":{"rendered":"\t\t<div data-elementor-type=\"wp-post\" data-elementor-id=\"12169\" class=\"elementor elementor-12169\">\n\t\t\t\t<div class=\"elementor-element elementor-element-2612b12 e-flex e-con-boxed e-con e-parent\" data-id=\"2612b12\" data-element_type=\"container\" data-e-type=\"container\">\n\t\t\t\t\t<div class=\"e-con-inner\">\n\t\t\n\t\t<div class=\"elementor-element elementor-element-498707ae elementor-widget elementor-widget-text-editor\" data-id=\"498707ae\" data-element_type=\"widget\" data-e-type=\"widget\" data-widget_type=\"text-editor.default\">\n\t\t\t\t<div class=\"elementor-widget-container\">\n\t\t\t\t\t\t\t\t\t<div role=\"tabpanel\" aria-labelledby=\"ui-id-2\" aria-hidden=\"false\"><div data-style=\"accordion-style\" data-initialindex=\"0\"><p>La 8.\u00aa edici\u00f3n del Atlas Cl\u00ednico de Anatom\u00eda Humana de Abrahams y McMinn proporciona una gu\u00eda visual esclarecedora que ayudar\u00e1 al estudiante a comprender las relaciones espaciales que debe aprender durante su entrenamiento m\u00e9dico y a rendir exitosamente sus ex\u00e1menes. Le ayudar\u00e1 tambi\u00e9n a adquirir los conocimientos anat\u00f3micos pr\u00e1cticos que precisar\u00e1 en su pr\u00e1ctica cl\u00ednica y quir\u00fargica futura. El Profesor Peter Abrahams, una autoridad reconocida, junto a su equipo internacional de destacados anatomistas y especialistas en im\u00e1genes ofrecen al lector una acabada colecci\u00f3n de im\u00e1genes para dominar las correlaciones esenciales entre la ciencia b\u00e1sica de la anatom\u00eda y la pr\u00e1ctica profesional.<\/p><\/div><\/div>\t\t\t\t\t\t\t\t<\/div>\n\t\t\t\t<\/div>\n\t\t\t\t\t<\/div>\n\t\t\t\t<\/div>\n\t\t\t\t<\/div>\n\t\t","protected":false},"excerpt":{"rendered":"<p><strong>Autores:<\/strong>\u00a0Peter H. Abrahams,Jonathan D. Spratt,Marios Loukas,Albert-Neels van Schoor<br \/>\n<strong>ISBN:<\/strong>\u00a09786078546374<br \/>\n<strong>Editorial:<\/strong>\u00a0Panamericana<br \/>\n<strong>Edici\u00f3n:<\/strong>\u00a08\u00aa<br \/>\n<strong>Especialidad<\/strong>: Anatom\u00eda<br \/>\n<strong>P\u00e1ginas:\u00a0<\/strong>416<br \/>\n\u00a9 2020<\/p>\n","protected":false},"featured_media":12170,"comment_status":"open","ping_status":"closed","template":"","meta":{"_joinchat":[]},"product_cat":[100],"product_tag":[101,70],"class_list":{"0":"post-12169","1":"product","2":"type-product","3":"status-publish","4":"has-post-thumbnail","6":"product_cat-anatomia","7":"product_tag-anatomia","8":"product_tag-panamericana","10":"first","11":"outofstock","12":"featured","13":"taxable","14":"shipping-taxable","15":"purchasable","16":"product-type-simple"},"_links":{"self":[{"href":"https:\/\/edimeinter.com\/libreria\/wp-json\/wp\/v2\/product\/12169","targetHints":{"allow":["GET"]}}],"collection":[{"href":"https:\/\/edimeinter.com\/libreria\/wp-json\/wp\/v2\/product"}],"about":[{"href":"https:\/\/edimeinter.com\/libreria\/wp-json\/wp\/v2\/types\/product"}],"replies":[{"embeddable":true,"href":"https:\/\/edimeinter.com\/libreria\/wp-json\/wp\/v2\/comments?post=12169"}],"version-history":[{"count":2,"href":"https:\/\/edimeinter.com\/libreria\/wp-json\/wp\/v2\/product\/12169\/revisions"}],"predecessor-version":[{"id":15349,"href":"https:\/\/edimeinter.com\/libreria\/wp-json\/wp\/v2\/product\/12169\/revisions\/15349"}],"wp:featuredmedia":[{"embeddable":true,"href":"https:\/\/edimeinter.com\/libreria\/wp-json\/wp\/v2\/media\/12170"}],"wp:attachment":[{"href":"https:\/\/edimeinter.com\/libreria\/wp-json\/wp\/v2\/media?parent=12169"}],"wp:term":[{"taxonomy":"product_cat","embeddable":true,"href":"https:\/\/edimeinter.com\/libreria\/wp-json\/wp\/v2\/product_cat?post=12169"},{"taxonomy":"product_tag","embeddable":true,"href":"https:\/\/edimeinter.com\/libreria\/wp-json\/wp\/v2\/product_tag?post=12169"}],"curies":[{"name":"wp","href":"https:\/\/api.w.org\/{rel}","templated":true}]}}