{"id":12185,"date":"2025-02-11T16:51:15","date_gmt":"2025-02-11T16:51:15","guid":{"rendered":"https:\/\/edimeinter.com\/libreria\/?post_type=product&#038;p=12185"},"modified":"2025-06-25T21:24:55","modified_gmt":"2025-06-25T21:24:55","slug":"fisiopatologia-bases-biologicas-de-la-enfermedad-en-adultos-y-ninos-8a-edicion","status":"publish","type":"product","link":"https:\/\/edimeinter.com\/libreria\/product\/fisiopatologia-bases-biologicas-de-la-enfermedad-en-adultos-y-ninos-8a-edicion\/","title":{"rendered":"Fisiopatolog\u00eda. Bases biol\u00f3gicas de la enfermedad en adultos y ni\u00f1os. 8\u00aa Edici\u00f3n"},"content":{"rendered":"\t\t<div data-elementor-type=\"wp-post\" data-elementor-id=\"12185\" class=\"elementor elementor-12185\">\n\t\t\t\t<div class=\"elementor-element elementor-element-2612b12 e-flex e-con-boxed e-con e-parent\" data-id=\"2612b12\" data-element_type=\"container\" data-e-type=\"container\">\n\t\t\t\t\t<div class=\"e-con-inner\">\n\t\t\n\t\t<div class=\"elementor-element elementor-element-498707ae elementor-widget elementor-widget-text-editor\" data-id=\"498707ae\" data-element_type=\"widget\" data-e-type=\"widget\" data-widget_type=\"text-editor.default\">\n\t\t\t\t<div class=\"elementor-widget-container\">\n\t\t\t\t\t\t\t\t\t<div role=\"tabpanel\" aria-labelledby=\"ui-id-2\" aria-hidden=\"false\"><div data-style=\"accordion-style\" data-initialindex=\"0\"><p>La octava edici\u00f3n de esta obra continua con su objetivo inicial de estudiar la fisiopatolog\u00eda, las manifestaciones cl\u00ednicas, la evaluaci\u00f3n y el tratamiento de enfermedades. El texto ha sido minuciosamente revisado y actualizado para ayudar a comprender los conceptos de fisiopatolog\u00eda m\u00e1s importantes y, para ello, se han utilizado descripciones detalladas y f\u00e1ciles de comprender sobre la etiolog\u00eda y los procesos de la enfermedad. Incluye m\u00e1s de 1.300 ilustraciones y fotograf\u00edas a color que representan las manifestaciones cl\u00ednicas y los procesos de la enfermedad para facilitar la identificaci\u00f3n de la anatom\u00eda y la fisiolog\u00eda normal, y las alteraciones de la funci\u00f3n. Adem\u00e1s, los res\u00famenes de los cap\u00edtulos proporcionan una sinopsis concisa de los aspectos m\u00e1s relevantes de cada tema.<\/p><p>Las autoras de \u2018Fisiopatolog\u00eda. Bases biol\u00f3gicas de la enfermedad en adultos y ni\u00f1os\u2019, Kathryn McCance y Sue Huether, son investigadoras de reconocido prestigio a nivel nacional e internacional. En esta octava edici\u00f3n, han contado con la colaboraci\u00f3n de expertos y consultores para una adecuada revisi\u00f3n de esta publicaci\u00f3n que, sin duda, seguir\u00e1 siendo uno de los grandes referentes en la materia.<\/p><\/div><\/div>\t\t\t\t\t\t\t\t<\/div>\n\t\t\t\t<\/div>\n\t\t\t\t\t<\/div>\n\t\t\t\t<\/div>\n\t\t\t\t<\/div>\n\t\t","protected":false},"excerpt":{"rendered":"<p><strong>Autores:<\/strong>\u00a0Kathryn L. McCance, MS, PhD,Sue E. Huether, MS, PhD<br \/>\n<strong>ISBN:<\/strong>\u00a09786078546336<br \/>\n<strong>Editorial:<\/strong>\u00a0Panamericana<br \/>\n<strong>Edici\u00f3n:<\/strong>\u00a08\u00aa<br \/>\n<strong>Especialidad<\/strong>: Fisiopatolog\u00eda y Semiolog\u00eda<br \/>\n<strong>P\u00e1ginas:\u00a0<\/strong>1714<br \/>\n\u00a9 2020<\/p>\n","protected":false},"featured_media":12186,"comment_status":"open","ping_status":"closed","template":"","meta":{"_joinchat":[]},"product_cat":[170,158],"product_tag":[171,70,159],"class_list":{"0":"post-12185","1":"product","2":"type-product","3":"status-publish","4":"has-post-thumbnail","6":"product_cat-fisiopatologia","7":"product_cat-semiologia","8":"product_tag-fisiopatologia","9":"product_tag-panamericana","10":"product_tag-semiologia","12":"first","13":"instock","14":"featured","15":"taxable","16":"shipping-taxable","17":"purchasable","18":"product-type-simple"},"_links":{"self":[{"href":"https:\/\/edimeinter.com\/libreria\/wp-json\/wp\/v2\/product\/12185","targetHints":{"allow":["GET"]}}],"collection":[{"href":"https:\/\/edimeinter.com\/libreria\/wp-json\/wp\/v2\/product"}],"about":[{"href":"https:\/\/edimeinter.com\/libreria\/wp-json\/wp\/v2\/types\/product"}],"replies":[{"embeddable":true,"href":"https:\/\/edimeinter.com\/libreria\/wp-json\/wp\/v2\/comments?post=12185"}],"version-history":[{"count":1,"href":"https:\/\/edimeinter.com\/libreria\/wp-json\/wp\/v2\/product\/12185\/revisions"}],"predecessor-version":[{"id":15361,"href":"https:\/\/edimeinter.com\/libreria\/wp-json\/wp\/v2\/product\/12185\/revisions\/15361"}],"wp:featuredmedia":[{"embeddable":true,"href":"https:\/\/edimeinter.com\/libreria\/wp-json\/wp\/v2\/media\/12186"}],"wp:attachment":[{"href":"https:\/\/edimeinter.com\/libreria\/wp-json\/wp\/v2\/media?parent=12185"}],"wp:term":[{"taxonomy":"product_cat","embeddable":true,"href":"https:\/\/edimeinter.com\/libreria\/wp-json\/wp\/v2\/product_cat?post=12185"},{"taxonomy":"product_tag","embeddable":true,"href":"https:\/\/edimeinter.com\/libreria\/wp-json\/wp\/v2\/product_tag?post=12185"}],"curies":[{"name":"wp","href":"https:\/\/api.w.org\/{rel}","templated":true}]}}