{"id":12191,"date":"2025-02-11T16:54:34","date_gmt":"2025-02-11T16:54:34","guid":{"rendered":"https:\/\/edimeinter.com\/libreria\/?post_type=product&#038;p=12191"},"modified":"2025-03-04T17:13:12","modified_gmt":"2025-03-04T17:13:12","slug":"el-manual-merck-incluye-ebook-20a-edicion","status":"publish","type":"product","link":"https:\/\/edimeinter.com\/libreria\/product\/el-manual-merck-incluye-ebook-20a-edicion\/","title":{"rendered":"El Manual Merck. Incluye EBook \u2013 20\u00aa Edici\u00f3n"},"content":{"rendered":"\t\t<div data-elementor-type=\"wp-post\" data-elementor-id=\"12191\" class=\"elementor elementor-12191\">\n\t\t\t\t\n<div class=\"elementor-element elementor-element-2612b12 e-flex e-con-boxed e-con e-parent\" data-id=\"2612b12\" data-element_type=\"container\" data-e-type=\"container\">\n\t\t\t\t\t<div class=\"e-con-inner\">\n\t\t\t\t<div class=\"elementor-element elementor-element-498707ae elementor-widget elementor-widget-text-editor\" data-id=\"498707ae\" data-element_type=\"widget\" data-e-type=\"widget\" data-widget_type=\"text-editor.default\">\n\t\t\t\t<div class=\"elementor-widget-container\">\n\t\t\t\t\t\t\t\t\t<div role=\"tabpanel\" aria-labelledby=\"ui-id-2\" aria-hidden=\"false\"><div data-style=\"accordion-style\" data-initialindex=\"0\"><p>Con la impresi\u00f3n de esta 20\u00aa edici\u00f3n del Manual Merck, la mayor\u00eda de las fuentes de referencia m\u00e9dica, incluyendo El Manual, se han convertido principalmente en productos digitales. La publicaci\u00f3n digital permite una gran cantidad de caracter\u00edsticas y funciones que no se pueden duplicar en la impresi\u00f3n y que se pueden actualizar con una inmediatez inimaginable para las generaciones anteriores. Sin embargo, muchos usuarios todav\u00eda disfrutan de la satisfacci\u00f3n t\u00e1ctil provocada por un libro impreso. Adem\u00e1s, todav\u00eda hay lugares en el mundo que tienen una disponibilidad limitada de conexiones electr\u00f3nicas que muchos de nosotros damos por sentado.<\/p><p>Como ha sido durante casi 120 a\u00f1os, el Manual Merck se enfoca en el an\u00e1lisis de trastornos espec\u00edficos, organizados por aparatos y sistemas o por especialidad m\u00e9dica. En sus introducciones estructuradas de los trastornos m\u00e9dicos, el Manual Merck proporciona a los profesionales de la salud y a los estudiantes explicaciones pr\u00e1cticas y directas sobre qu\u00e9 hacer para diagnosticar y tratar estos trastornos.<\/p><\/div><\/div>\t\t\t\t\t\t\t\t<\/div>\n\t\t\t\t<\/div>\n\t\t\t\t\t<\/div>\n\t\t\t\t<\/div>\n\t\t\t\t<\/div>\n\t\t","protected":false},"excerpt":{"rendered":"<p><strong>Autores:<\/strong>\u00a0Robert S. Porter,Justin L. Kaplan,Richard B. Lynn,Madhavi T. Reddy<br \/>\n<strong>ISBN:<\/strong>\u00a09789500696326<br \/>\n<strong>Editorial:<\/strong>\u00a0Panamericana<br \/>\n<strong>Edici\u00f3n:<\/strong>\u00a020\u00aa<br \/>\n<strong>Especialidad<\/strong>: Medicina Interna<br \/>\n<strong>P\u00e1ginas:\u00a0<\/strong>3520<br \/>\n\u00a9 2020<\/p>\n","protected":false},"featured_media":12192,"comment_status":"open","ping_status":"open","template":"","meta":{"_joinchat":[]},"product_cat":[150],"product_tag":[151,70],"class_list":{"0":"post-12191","1":"product","2":"type-product","3":"status-publish","4":"has-post-thumbnail","6":"product_cat-medicina-interna","7":"product_tag-medicina-interna","8":"product_tag-panamericana","10":"first","11":"instock","12":"featured","13":"taxable","14":"shipping-taxable","15":"purchasable","16":"product-type-simple"},"_links":{"self":[{"href":"https:\/\/edimeinter.com\/libreria\/wp-json\/wp\/v2\/product\/12191","targetHints":{"allow":["GET"]}}],"collection":[{"href":"https:\/\/edimeinter.com\/libreria\/wp-json\/wp\/v2\/product"}],"about":[{"href":"https:\/\/edimeinter.com\/libreria\/wp-json\/wp\/v2\/types\/product"}],"replies":[{"embeddable":true,"href":"https:\/\/edimeinter.com\/libreria\/wp-json\/wp\/v2\/comments?post=12191"}],"version-history":[{"count":1,"href":"https:\/\/edimeinter.com\/libreria\/wp-json\/wp\/v2\/product\/12191\/revisions"}],"predecessor-version":[{"id":15362,"href":"https:\/\/edimeinter.com\/libreria\/wp-json\/wp\/v2\/product\/12191\/revisions\/15362"}],"wp:featuredmedia":[{"embeddable":true,"href":"https:\/\/edimeinter.com\/libreria\/wp-json\/wp\/v2\/media\/12192"}],"wp:attachment":[{"href":"https:\/\/edimeinter.com\/libreria\/wp-json\/wp\/v2\/media?parent=12191"}],"wp:term":[{"taxonomy":"product_cat","embeddable":true,"href":"https:\/\/edimeinter.com\/libreria\/wp-json\/wp\/v2\/product_cat?post=12191"},{"taxonomy":"product_tag","embeddable":true,"href":"https:\/\/edimeinter.com\/libreria\/wp-json\/wp\/v2\/product_tag?post=12191"}],"curies":[{"name":"wp","href":"https:\/\/api.w.org\/{rel}","templated":true}]}}