{"id":12197,"date":"2025-02-11T16:57:17","date_gmt":"2025-02-11T16:57:17","guid":{"rendered":"https:\/\/edimeinter.com\/libreria\/?post_type=product&#038;p=12197"},"modified":"2025-03-04T17:14:59","modified_gmt":"2025-03-04T17:14:59","slug":"precauciones-especiales-de-los-psicofarmacos-incluye-version-digital-la-seguridad-de-nuestros-pacientes-1a-edicion","status":"publish","type":"product","link":"https:\/\/edimeinter.com\/libreria\/product\/precauciones-especiales-de-los-psicofarmacos-incluye-version-digital-la-seguridad-de-nuestros-pacientes-1a-edicion\/","title":{"rendered":"Precauciones Especiales de los Psicof\u00e1rmacos. (Incluye versi\u00f3n digital) La seguridad de nuestros pacientes. 1\u00aa Edici\u00f3n"},"content":{"rendered":"\t\t<div data-elementor-type=\"wp-post\" data-elementor-id=\"12197\" class=\"elementor elementor-12197\">\n\t\t\t\t\n<div class=\"elementor-element elementor-element-2612b12 e-flex e-con-boxed e-con e-parent\" data-id=\"2612b12\" data-element_type=\"container\" data-e-type=\"container\">\n\t\t\t\t\t<div class=\"e-con-inner\">\n\t\t\t\t<div class=\"elementor-element elementor-element-498707ae elementor-widget elementor-widget-text-editor\" data-id=\"498707ae\" data-element_type=\"widget\" data-e-type=\"widget\" data-widget_type=\"text-editor.default\">\n\t\t\t\t<div class=\"elementor-widget-container\">\n\t\t\t\t\t\t\t\t\t<div role=\"tabpanel\" aria-labelledby=\"ui-id-2\" aria-hidden=\"false\"><div data-style=\"accordion-style\" data-initialindex=\"0\"><p>En este libro se describen m\u00e1s de 130 psicof\u00e1rmacos con las precauciones especiales que hay que tener en su manejo para evitar en lo posible situaciones de riesgo, incluso vitales.<\/p><p>Las advertencias o precauciones a tener en cuenta son: advertencias sobre los excipientes, intolerancia a los az\u00facares, alcohol, capacidad para conducir y utilizar m\u00e1quinas, mujeres en edad f\u00e9rtil, embarazo, lactancia, fertilidad, ni\u00f1os y adolescentes, mayores de 65 a\u00f1os, anestesia general, insuficiencia hep\u00e1tica, insuficiencia renal, diabetes mellitus (DM), accidentes cerebrovasculares (ACV), miastenia grave (MG), porfiria aguda intermitente (PAI), s\u00edndrome de apnea del sue\u00f1o (SAS), glaucoma, feocromocitoma, s\u00edntomas extrapiramidales (SEP), hipertensi\u00f3n arterial (HTA), hipotensi\u00f3n ortost\u00e1tica (HO), enfermedad de Parkinson (EP), discinesia tard\u00eda (DT), drogodependencia, enfermedad tiroidea, efectos visuales, efectos cardiovasculares, prolongaci\u00f3n del intervalo QT, efectos sobre el SNC, insuficiencia respiratoria, efectos hematol\u00f3gicos, efectos digestivos, dislipemias, efectos anticolin\u00e9rgicos, reacciones cut\u00e1neas graves, reacciones adversas, retirada del tratamiento, dependencia, s\u00edndrome de abstinencia, amnesia anter\u00f3grada, alteraciones del comportamiento, reacciones psiqui\u00e1tricas y parad\u00f3jicas, trastornos del control de los impulsos (TCI), tromboembolismo venoso (TEV), terapia electroconvulsiva (TEC), s\u00edndrome metab\u00f3lico, s\u00edndrome serotonin\u00e9rgico (SS), s\u00edndrome neurol\u00e9ptico maligno (SNM), riesgo de ideaci\u00f3n y comportamiento suicida, intoxicaci\u00f3n y sobredosis.<\/p><\/div><\/div>\t\t\t\t\t\t\t\t<\/div>\n\t\t\t\t<\/div>\n\t\t\t\t\t<\/div>\n\t\t\t\t<\/div>\n\t\t\t\t<\/div>\n\t\t","protected":false},"excerpt":{"rendered":"<p><strong>Autores:<\/strong>\u00a0Santiago L\u00f3pez Gal\u00e1n<br \/>\n<strong>ISBN:<\/strong>\u00a09788491106548<br \/>\n<strong>Editorial:<\/strong>\u00a0Panamericana<br \/>\n<strong>Edici\u00f3n:<\/strong>\u00a01\u00aa<br \/>\n<strong>Especialidad<\/strong>: Psiquiatr\u00eda<br \/>\n<strong>P\u00e1ginas:\u00a0<\/strong>832<br \/>\n\u00a9 2019<\/p>\n","protected":false},"featured_media":12198,"comment_status":"open","ping_status":"open","template":"","meta":{"_joinchat":[]},"product_cat":[68],"product_tag":[70,69],"class_list":{"0":"post-12197","1":"product","2":"type-product","3":"status-publish","4":"has-post-thumbnail","6":"product_cat-psiquiatria","7":"product_tag-panamericana","8":"product_tag-psiquiatria","10":"first","11":"instock","12":"featured","13":"taxable","14":"shipping-taxable","15":"purchasable","16":"product-type-simple"},"_links":{"self":[{"href":"https:\/\/edimeinter.com\/libreria\/wp-json\/wp\/v2\/product\/12197","targetHints":{"allow":["GET"]}}],"collection":[{"href":"https:\/\/edimeinter.com\/libreria\/wp-json\/wp\/v2\/product"}],"about":[{"href":"https:\/\/edimeinter.com\/libreria\/wp-json\/wp\/v2\/types\/product"}],"replies":[{"embeddable":true,"href":"https:\/\/edimeinter.com\/libreria\/wp-json\/wp\/v2\/comments?post=12197"}],"version-history":[{"count":1,"href":"https:\/\/edimeinter.com\/libreria\/wp-json\/wp\/v2\/product\/12197\/revisions"}],"predecessor-version":[{"id":15363,"href":"https:\/\/edimeinter.com\/libreria\/wp-json\/wp\/v2\/product\/12197\/revisions\/15363"}],"wp:featuredmedia":[{"embeddable":true,"href":"https:\/\/edimeinter.com\/libreria\/wp-json\/wp\/v2\/media\/12198"}],"wp:attachment":[{"href":"https:\/\/edimeinter.com\/libreria\/wp-json\/wp\/v2\/media?parent=12197"}],"wp:term":[{"taxonomy":"product_cat","embeddable":true,"href":"https:\/\/edimeinter.com\/libreria\/wp-json\/wp\/v2\/product_cat?post=12197"},{"taxonomy":"product_tag","embeddable":true,"href":"https:\/\/edimeinter.com\/libreria\/wp-json\/wp\/v2\/product_tag?post=12197"}],"curies":[{"name":"wp","href":"https:\/\/api.w.org\/{rel}","templated":true}]}}