{"id":12209,"date":"2025-02-11T17:06:28","date_gmt":"2025-02-11T17:06:28","guid":{"rendered":"https:\/\/edimeinter.com\/libreria\/?post_type=product&#038;p=12209"},"modified":"2026-02-19T21:35:42","modified_gmt":"2026-02-19T21:35:42","slug":"epoc-diagnostico-y-tratamiento-integral-incluye-version-digital-con-enfasis-en-rehabilitacion-pulmonar-4a-edicion","status":"publish","type":"product","link":"https:\/\/edimeinter.com\/libreria\/product\/epoc-diagnostico-y-tratamiento-integral-incluye-version-digital-con-enfasis-en-rehabilitacion-pulmonar-4a-edicion\/","title":{"rendered":"EPOC. Diagn\u00f3stico y Tratamiento Integral (Incluye versi\u00f3n digital). Con \u00e9nfasis en rehabilitaci\u00f3n pulmonar. 4\u00aa Edici\u00f3n"},"content":{"rendered":"\t\t<div data-elementor-type=\"wp-post\" data-elementor-id=\"12209\" class=\"elementor elementor-12209\">\n\t\t\t\t<div class=\"elementor-element elementor-element-2612b12 e-flex e-con-boxed e-con e-parent\" data-id=\"2612b12\" data-element_type=\"container\" data-e-type=\"container\">\n\t\t\t\t\t<div class=\"e-con-inner\">\n\t\t\n\t\t<div class=\"elementor-element elementor-element-498707ae elementor-widget elementor-widget-text-editor\" data-id=\"498707ae\" data-element_type=\"widget\" data-e-type=\"widget\" data-widget_type=\"text-editor.default\">\n\t\t\t\t<div class=\"elementor-widget-container\">\n\t\t\t\t\t\t\t\t\t<div role=\"tabpanel\" aria-labelledby=\"ui-id-2\" aria-hidden=\"false\"><div data-style=\"accordion-style\" data-initialindex=\"0\"><p>El manejo quir\u00fargico y endosc\u00f3pico de pacientes con EPOC, el trasplante pulmonar, el ahorro de energ\u00eda, el tabaquismo, la sexualidad, el uso de ox\u00edgeno y las recomendaciones para pacientes que viajan en avi\u00f3n, son tan solo algunos de los temas que aborda esta 4\u00aa. Edici\u00f3n de EPOC Diagn\u00f3stico y tratamiento integral.<\/p><p>Las siete secciones en las que se divide esta obra contienen, adem\u00e1s, instrucciones precisas para el uso adecuado de los diferentes dispositivos en terapia inhalada, la educaci\u00f3n a familiares y cuidadores y la nutrici\u00f3n de los pacientes con EPOC.<\/p><p>Esta nueva edici\u00f3n \u2014totalmente actualizada con las \u00faltimas gu\u00edas de manejo y t\u00e9cnicas de rehabilitaci\u00f3n pulmonar\u2014 incluye tambi\u00e9n puntos clave y preguntas adicionales dentro del texto para mantener el inter\u00e9s del lector, as\u00ed como videos sobre el uso de inhaladores y ejercicios recomendados para pacientes con EPOC.<\/p><p>El contenido de este libro es de gran utilidad para residentes de Medicina Interna y Neumolog\u00eda y se convertir\u00e1 en una herramienta de consulta para neum\u00f3logos e internistas en su actividad profesional.<\/p><\/div><\/div>\t\t\t\t\t\t\t\t<\/div>\n\t\t\t\t<\/div>\n\t\t\t\t\t<\/div>\n\t\t\t\t<\/div>\n\t\t\t\t<\/div>\n\t\t","protected":false},"excerpt":{"rendered":"<p><strong>Autores:<\/strong>\u00a0Horacio Giraldo Estrada<br \/>\n<strong>ISBN:<\/strong> 9789588443829<br \/>\n<strong>Editorial:<\/strong>\u00a0Panamericana<br \/>\n<strong>Edici\u00f3n:<\/strong>\u00a04\u00aa<br \/>\n<strong>Especialidad<\/strong>: Fisioterapia Respiratoria<br \/>\n<strong>P\u00e1ginas:\u00a0<\/strong>512<br \/>\n\u00a9 2020<\/p>\n","protected":false},"featured_media":12211,"comment_status":"open","ping_status":"closed","template":"","meta":{"_joinchat":[]},"product_cat":[219],"product_tag":[220,70],"class_list":{"0":"post-12209","1":"product","2":"type-product","3":"status-publish","4":"has-post-thumbnail","6":"product_cat-fisioterapia-respiratoria","7":"product_tag-fisioterapia-respiratoria","8":"product_tag-panamericana","10":"first","11":"outofstock","12":"featured","13":"taxable","14":"shipping-taxable","15":"purchasable","16":"product-type-simple"},"_links":{"self":[{"href":"https:\/\/edimeinter.com\/libreria\/wp-json\/wp\/v2\/product\/12209","targetHints":{"allow":["GET"]}}],"collection":[{"href":"https:\/\/edimeinter.com\/libreria\/wp-json\/wp\/v2\/product"}],"about":[{"href":"https:\/\/edimeinter.com\/libreria\/wp-json\/wp\/v2\/types\/product"}],"replies":[{"embeddable":true,"href":"https:\/\/edimeinter.com\/libreria\/wp-json\/wp\/v2\/comments?post=12209"}],"version-history":[{"count":2,"href":"https:\/\/edimeinter.com\/libreria\/wp-json\/wp\/v2\/product\/12209\/revisions"}],"predecessor-version":[{"id":17834,"href":"https:\/\/edimeinter.com\/libreria\/wp-json\/wp\/v2\/product\/12209\/revisions\/17834"}],"wp:featuredmedia":[{"embeddable":true,"href":"https:\/\/edimeinter.com\/libreria\/wp-json\/wp\/v2\/media\/12211"}],"wp:attachment":[{"href":"https:\/\/edimeinter.com\/libreria\/wp-json\/wp\/v2\/media?parent=12209"}],"wp:term":[{"taxonomy":"product_cat","embeddable":true,"href":"https:\/\/edimeinter.com\/libreria\/wp-json\/wp\/v2\/product_cat?post=12209"},{"taxonomy":"product_tag","embeddable":true,"href":"https:\/\/edimeinter.com\/libreria\/wp-json\/wp\/v2\/product_tag?post=12209"}],"curies":[{"name":"wp","href":"https:\/\/api.w.org\/{rel}","templated":true}]}}