{"id":12216,"date":"2025-02-11T17:24:01","date_gmt":"2025-02-11T17:24:01","guid":{"rendered":"https:\/\/edimeinter.com\/libreria\/?post_type=product&#038;p=12216"},"modified":"2025-03-04T17:29:48","modified_gmt":"2025-03-04T17:29:48","slug":"percepcion-visual-incluye-version-digital-psicofisica-mecanismos-y-modelos-1a-edicion","status":"publish","type":"product","link":"https:\/\/edimeinter.com\/libreria\/product\/percepcion-visual-incluye-version-digital-psicofisica-mecanismos-y-modelos-1a-edicion\/","title":{"rendered":"Percepci\u00f3n visual (incluye versi\u00f3n digital). Psicof\u00edsica, mecanismos y modelos. 1\u00aa Edici\u00f3n"},"content":{"rendered":"\t\t<div data-elementor-type=\"wp-post\" data-elementor-id=\"12216\" class=\"elementor elementor-12216\">\n\t\t\t\t<div class=\"elementor-element elementor-element-2612b12 e-flex e-con-boxed e-con e-parent\" data-id=\"2612b12\" data-element_type=\"container\" data-e-type=\"container\">\n\t\t\t\t\t<div class=\"e-con-inner\">\n\t\t\n\t\t<div class=\"elementor-element elementor-element-498707ae elementor-widget elementor-widget-text-editor\" data-id=\"498707ae\" data-element_type=\"widget\" data-e-type=\"widget\" data-widget_type=\"text-editor.default\">\n\t\t\t\t<div class=\"elementor-widget-container\">\n\t\t\t\t\t\t\t\t\t<div role=\"tabpanel\" aria-labelledby=\"ui-id-2\" aria-hidden=\"false\"><div data-style=\"accordion-style\" data-initialindex=\"0\"><p>Sin duda, la obra ser\u00e1 de gran inter\u00e9s para todo aquel estudiante de la visi\u00f3n que quiera ir m\u00e1s all\u00e1 de una descripci\u00f3n cualitativa del sistema visual, lo que incluye estudiantes de \u00d3ptica y Optometr\u00eda, Neurociencia, Psicolog\u00eda, Oftalmolog\u00eda o F\u00edsica de la Visi\u00f3n, sin que sean necesarios conocimientos previos de alto nivel de ninguna otra disciplina.<\/p><\/div><\/div>\t\t\t\t\t\t\t\t<\/div>\n\t\t\t\t<\/div>\n\t\t\t\t\t<\/div>\n\t\t\t\t<\/div>\n\t\t\t\t<\/div>\n\t\t","protected":false},"excerpt":{"rendered":"<p><strong>Autores:<\/strong>\u00a0Pascual Capilla Perea<br \/>\n<strong>ISBN:<\/strong>\u00a09788491103837<br \/>\n<strong>Editorial:<\/strong>\u00a0Panamericana<br \/>\n<strong>Edici\u00f3n:<\/strong>\u00a01\u00aa<br \/>\n<strong>Especialidad<\/strong>: Oftalmolog\u00eda y Optometr\u00eda<br \/>\n<strong>P\u00e1ginas:\u00a0<\/strong>423<br \/>\n\u00a9 2020<\/p>\n","protected":false},"featured_media":12217,"comment_status":"open","ping_status":"open","template":"","meta":{"_joinchat":[]},"product_cat":[95],"product_tag":[96,70],"class_list":{"0":"post-12216","1":"product","2":"type-product","3":"status-publish","4":"has-post-thumbnail","6":"product_cat-oftalmologia-y-optometria","7":"product_tag-oftalmologia-y-optometria","8":"product_tag-panamericana","10":"first","11":"instock","12":"featured","13":"taxable","14":"shipping-taxable","15":"purchasable","16":"product-type-simple"},"_links":{"self":[{"href":"https:\/\/edimeinter.com\/libreria\/wp-json\/wp\/v2\/product\/12216","targetHints":{"allow":["GET"]}}],"collection":[{"href":"https:\/\/edimeinter.com\/libreria\/wp-json\/wp\/v2\/product"}],"about":[{"href":"https:\/\/edimeinter.com\/libreria\/wp-json\/wp\/v2\/types\/product"}],"replies":[{"embeddable":true,"href":"https:\/\/edimeinter.com\/libreria\/wp-json\/wp\/v2\/comments?post=12216"}],"version-history":[{"count":1,"href":"https:\/\/edimeinter.com\/libreria\/wp-json\/wp\/v2\/product\/12216\/revisions"}],"predecessor-version":[{"id":15367,"href":"https:\/\/edimeinter.com\/libreria\/wp-json\/wp\/v2\/product\/12216\/revisions\/15367"}],"wp:featuredmedia":[{"embeddable":true,"href":"https:\/\/edimeinter.com\/libreria\/wp-json\/wp\/v2\/media\/12217"}],"wp:attachment":[{"href":"https:\/\/edimeinter.com\/libreria\/wp-json\/wp\/v2\/media?parent=12216"}],"wp:term":[{"taxonomy":"product_cat","embeddable":true,"href":"https:\/\/edimeinter.com\/libreria\/wp-json\/wp\/v2\/product_cat?post=12216"},{"taxonomy":"product_tag","embeddable":true,"href":"https:\/\/edimeinter.com\/libreria\/wp-json\/wp\/v2\/product_tag?post=12216"}],"curies":[{"name":"wp","href":"https:\/\/api.w.org\/{rel}","templated":true}]}}