{"id":12222,"date":"2025-02-11T17:40:37","date_gmt":"2025-02-11T17:40:37","guid":{"rendered":"https:\/\/edimeinter.com\/libreria\/?post_type=product&#038;p=12222"},"modified":"2025-12-12T21:38:19","modified_gmt":"2025-12-12T21:38:19","slug":"manual-de-citologia-de-sangre-periferica-y-liquidos-biologicos-incluye-version-digital-2a-edicion","status":"publish","type":"product","link":"https:\/\/edimeinter.com\/libreria\/product\/manual-de-citologia-de-sangre-periferica-y-liquidos-biologicos-incluye-version-digital-2a-edicion\/","title":{"rendered":"Manual de Citolog\u00eda de Sangre Perif\u00e9rica y L\u00edquidos Biol\u00f3gicos. (Incluye versi\u00f3n digital). 2\u00aa Edici\u00f3n"},"content":{"rendered":"\t\t<div data-elementor-type=\"wp-post\" data-elementor-id=\"12222\" class=\"elementor elementor-12222\">\n\t\t\t\t<div class=\"elementor-element elementor-element-2612b12 e-flex e-con-boxed e-con e-parent\" data-id=\"2612b12\" data-element_type=\"container\" data-e-type=\"container\">\n\t\t\t\t\t<div class=\"e-con-inner\">\n\t\t\n\t\t<div class=\"elementor-element elementor-element-498707ae elementor-widget elementor-widget-text-editor\" data-id=\"498707ae\" data-element_type=\"widget\" data-e-type=\"widget\" data-widget_type=\"text-editor.default\">\n\t\t\t\t<div class=\"elementor-widget-container\">\n\t\t\t\t\t\t\t\t\t<div role=\"tabpanel\" aria-labelledby=\"ui-id-2\" aria-hidden=\"false\"><div data-style=\"accordion-style\" data-initialindex=\"0\"><p>En la actualidad, el diagn\u00f3stico de m\u00e1s del 80% de las enfermedades hematol\u00f3gicas se consigue mediante un examen morfol\u00f3gico que debe tener como punto de partida el estudio de la sangre perif\u00e9rica. Una buena formaci\u00f3n en citolog\u00eda de la sangre perif\u00e9rica y l\u00edquidos biol\u00f3gicos es imprescindible ya que el examen morfol\u00f3gico de los elementos que forman parte de la sangre constituye el eslab\u00f3n anal\u00edtico inicial de numerosas patolog\u00edas.<\/p><p>Libro avalado por la SEQC(ML) \u2013 Sociedad Espa\u00f1ola de Medicina de Laboratorio.<\/p><\/div><\/div>\t\t\t\t\t\t\t\t<\/div>\n\t\t\t\t<\/div>\n\t\t\t\t\t<\/div>\n\t\t\t\t<\/div>\n\t\t\t\t<\/div>\n\t\t","protected":false},"excerpt":{"rendered":"<p><strong>Autores:<\/strong>\u00a0Anna Merino<br \/>\n<strong>ISBN:<\/strong>\u00a09788491102625<br \/>\n<strong>Editorial:<\/strong>\u00a0Panamericana<br \/>\n<strong>Edici\u00f3n:<\/strong>\u00a02\u00aa<br \/>\n<strong>Especialidad<\/strong>: Laboratorio Cl\u00ednico<br \/>\n<strong>P\u00e1ginas:\u00a0<\/strong>280<br \/>\n\u00a9 2020<\/p>\n","protected":false},"featured_media":12223,"comment_status":"open","ping_status":"closed","template":"","meta":{"_joinchat":[]},"product_cat":[136],"product_tag":[137,70],"class_list":{"0":"post-12222","1":"product","2":"type-product","3":"status-publish","4":"has-post-thumbnail","6":"product_cat-laboratorio-clinico","7":"product_tag-laboratorio-clinico","8":"product_tag-panamericana","10":"first","11":"instock","12":"featured","13":"taxable","14":"shipping-taxable","15":"purchasable","16":"product-type-simple"},"_links":{"self":[{"href":"https:\/\/edimeinter.com\/libreria\/wp-json\/wp\/v2\/product\/12222","targetHints":{"allow":["GET"]}}],"collection":[{"href":"https:\/\/edimeinter.com\/libreria\/wp-json\/wp\/v2\/product"}],"about":[{"href":"https:\/\/edimeinter.com\/libreria\/wp-json\/wp\/v2\/types\/product"}],"replies":[{"embeddable":true,"href":"https:\/\/edimeinter.com\/libreria\/wp-json\/wp\/v2\/comments?post=12222"}],"version-history":[{"count":1,"href":"https:\/\/edimeinter.com\/libreria\/wp-json\/wp\/v2\/product\/12222\/revisions"}],"predecessor-version":[{"id":15369,"href":"https:\/\/edimeinter.com\/libreria\/wp-json\/wp\/v2\/product\/12222\/revisions\/15369"}],"wp:featuredmedia":[{"embeddable":true,"href":"https:\/\/edimeinter.com\/libreria\/wp-json\/wp\/v2\/media\/12223"}],"wp:attachment":[{"href":"https:\/\/edimeinter.com\/libreria\/wp-json\/wp\/v2\/media?parent=12222"}],"wp:term":[{"taxonomy":"product_cat","embeddable":true,"href":"https:\/\/edimeinter.com\/libreria\/wp-json\/wp\/v2\/product_cat?post=12222"},{"taxonomy":"product_tag","embeddable":true,"href":"https:\/\/edimeinter.com\/libreria\/wp-json\/wp\/v2\/product_tag?post=12222"}],"curies":[{"name":"wp","href":"https:\/\/api.w.org\/{rel}","templated":true}]}}