{"id":12228,"date":"2025-02-11T17:56:16","date_gmt":"2025-02-11T17:56:16","guid":{"rendered":"https:\/\/edimeinter.com\/libreria\/?post_type=product&#038;p=12228"},"modified":"2025-04-04T22:07:10","modified_gmt":"2025-04-04T22:07:10","slug":"ginecologia-incluye-version-digital-fundamentos-para-la-practica-clinica-2a-edicion","status":"publish","type":"product","link":"https:\/\/edimeinter.com\/libreria\/product\/ginecologia-incluye-version-digital-fundamentos-para-la-practica-clinica-2a-edicion\/","title":{"rendered":"Ginecolog\u00eda (incluye versi\u00f3n digital) Fundamentos para la pr\u00e1ctica cl\u00ednica. 2\u00aa edici\u00f3n"},"content":{"rendered":"\t\t<div data-elementor-type=\"wp-post\" data-elementor-id=\"12228\" class=\"elementor elementor-12228\">\n\t\t\t\t<div class=\"elementor-element elementor-element-2612b12 e-flex e-con-boxed e-con e-parent\" data-id=\"2612b12\" data-element_type=\"container\" data-e-type=\"container\">\n\t\t\t\t\t<div class=\"e-con-inner\">\n\t\t\n\t\t<div class=\"elementor-element elementor-element-498707ae elementor-widget elementor-widget-text-editor\" data-id=\"498707ae\" data-element_type=\"widget\" data-e-type=\"widget\" data-widget_type=\"text-editor.default\">\n\t\t\t\t<div class=\"elementor-widget-container\">\n\t\t\t\t\t\t\t\t\t<div role=\"tabpanel\" aria-labelledby=\"ui-id-2\" aria-hidden=\"false\"><div data-style=\"accordion-style\" data-initialindex=\"0\"><p>Desde la primera edici\u00f3n de Ginecolog\u00eda, publicada en 2011 y recibida con \u00e9xito entre estudiantes y profesionales de la especialidad, se han producido numerosos avances en el conocimiento gen\u00e9tico y molecular, en las tecnolog\u00edas del diagn\u00f3stico por im\u00e1genes y en los tratamientos en general y videolaparosc\u00f3picos y de cirug\u00eda rob\u00f3tica en particular. Todos ellos han producido cambios profundos en el enfoque diagn\u00f3stico y terap\u00e9utico ginecol\u00f3gico, en especial en las \u00e1reas de la oncolog\u00eda y la fertilidad, y han dado lugar a nuevos desaf\u00edos en la ense\u00f1anza y el aprendizaje de la ginecolog\u00eda, que esta nueva edici\u00f3n aborda de manera cabal.<\/p><\/div><\/div>\t\t\t\t\t\t\t\t<\/div>\n\t\t\t\t<\/div>\n\t\t\t\t\t<\/div>\n\t\t\t\t<\/div>\n\t\t\t\t<\/div>\n\t\t","protected":false},"excerpt":{"rendered":"<p><strong>Autores:<\/strong>\u00a0Roberto Testa,Sebasti\u00e1n Gogorza,Claudia E. Marchitelli<br \/>\n<strong>ISBN:<\/strong>\u00a09789500696388<br \/>\n<strong>Editorial:<\/strong>\u00a0Panamericana<br \/>\n<strong>Edici\u00f3n:<\/strong>\u00a02\u00aa<br \/>\n<strong>Especialidad<\/strong>: Ginecolog\u00eda y Obstetricia<br \/>\n<strong>P\u00e1ginas:\u00a0<\/strong>760<br \/>\n\u00a9 2020<\/p>\n","protected":false},"featured_media":12229,"comment_status":"open","ping_status":"closed","template":"","meta":{"_joinchat":[]},"product_cat":[104],"product_tag":[105,70],"class_list":{"0":"post-12228","1":"product","2":"type-product","3":"status-publish","4":"has-post-thumbnail","6":"product_cat-ginecologia-y-obstetricia","7":"product_tag-ginecologia-y-obstetricia","8":"product_tag-panamericana","10":"first","11":"outofstock","12":"featured","13":"taxable","14":"shipping-taxable","15":"purchasable","16":"product-type-simple"},"_links":{"self":[{"href":"https:\/\/edimeinter.com\/libreria\/wp-json\/wp\/v2\/product\/12228","targetHints":{"allow":["GET"]}}],"collection":[{"href":"https:\/\/edimeinter.com\/libreria\/wp-json\/wp\/v2\/product"}],"about":[{"href":"https:\/\/edimeinter.com\/libreria\/wp-json\/wp\/v2\/types\/product"}],"replies":[{"embeddable":true,"href":"https:\/\/edimeinter.com\/libreria\/wp-json\/wp\/v2\/comments?post=12228"}],"version-history":[{"count":1,"href":"https:\/\/edimeinter.com\/libreria\/wp-json\/wp\/v2\/product\/12228\/revisions"}],"predecessor-version":[{"id":15370,"href":"https:\/\/edimeinter.com\/libreria\/wp-json\/wp\/v2\/product\/12228\/revisions\/15370"}],"wp:featuredmedia":[{"embeddable":true,"href":"https:\/\/edimeinter.com\/libreria\/wp-json\/wp\/v2\/media\/12229"}],"wp:attachment":[{"href":"https:\/\/edimeinter.com\/libreria\/wp-json\/wp\/v2\/media?parent=12228"}],"wp:term":[{"taxonomy":"product_cat","embeddable":true,"href":"https:\/\/edimeinter.com\/libreria\/wp-json\/wp\/v2\/product_cat?post=12228"},{"taxonomy":"product_tag","embeddable":true,"href":"https:\/\/edimeinter.com\/libreria\/wp-json\/wp\/v2\/product_tag?post=12228"}],"curies":[{"name":"wp","href":"https:\/\/api.w.org\/{rel}","templated":true}]}}